{"id":334991,"date":"2024-04-18T18:58:10","date_gmt":"2024-04-18T18:00:39","guid":{"rendered":"https:\/\/www.moskito.cz\/produkt\/coltello-portachiavi-multiutensile-crkt-9704\/"},"modified":"2025-05-07T11:12:11","modified_gmt":"2025-05-07T10:12:11","slug":"coltello-portachiavi-multiutensile-crkt-9704","status":"publish","type":"product","link":"https:\/\/www.moskito.cz\/it\/produkt\/coltello-portachiavi-multiutensile-crkt-9704\/","title":{"rendered":"Coltello portachiavi multiutensile CRKT 9704"},"content":{"rendered":"<p>Coltello portachiavi multiutensile <strong>CRKT<\/strong> 9704.<\/p>\n<p>Se c&#8217;\u00e8 qualcuno che ha una visione assolutamente unica della preparazione, quello \u00e8 il designer Tom Stokes. In qualit\u00e0 di ingegnere meccanico, \u00e8 ben attrezzato per ripensare e immaginare gli strumenti che diventeranno fondamentali per il gruppo dei sopravvissuti. Lo strumento per la manutenzione dei coltelli, dotato di due affilatrici e due dimensioni di TORX, \u00e8 uno di questi strumenti.<br \/>\nTorx-T6 e T8<br \/>\nAffilatore: un affilatore in carburo di tungsteno con bordo affilato in ceramica<br \/>\nPratico: apribottiglie per la tua bevanda preferita<br \/>\nCacciavite piatto<br \/>\nStrumento portatile: porta questo portachiavi con te<\/p>\n<p>Lunghezza totale: 6,86 cm<br \/>\nPeso 2,20 once. (62,37 g)<br \/>\nMateriale manico Nylon rinforzato con vetro<br \/>\nUn accessorio elegante<\/p>\n","protected":false},"excerpt":{"rendered":"<p>PROGETTISTA<br \/>\nTom Stokes<br \/>\nWilliamsburg, Virginia<br \/>\nOgni volta che Tom sente qualcuno dire: &#8220;Non ci vuole uno scienziato missilistico per fare un coltello&#8221;, si affretta a correggerlo. Dopotutto, essendo nel settore aerospaziale da oltre 25 anni, apporta una prospettiva unica ai nostri strumenti utilizzando software CAD e tecnologia di prototipazione rapida. Il risultato sono strumenti multifunzionali che sono una rara combinazione di forma artistica e funzione, come lo strumento CRKT\u00ae, Iota\u2122, i braccialetti di sopravvivenza in Paracord e accessori utili per i braccialetti di sopravvivenza.<\/p>\n","protected":false},"featured_media":334943,"comment_status":"open","ping_status":"closed","template":"","meta":[],"pwb-brand":[3763],"product_brand":[],"product_cat":[3744],"product_tag":[3755],"class_list":{"0":"post-334991","1":"product","2":"type-product","3":"status-publish","4":"has-post-thumbnail","6":"pwb-brand-crkt-it","7":"product_cat-multi-attrezzo","8":"product_tag-b2b-it","10":"first","11":"instock","12":"taxable","13":"shipping-taxable","14":"purchasable","15":"product-type-simple"},"brands":[{"id":3763,"name":"CRKT","slug":"crkt-it"}],"_links":{"self":[{"href":"https:\/\/www.moskito.cz\/it\/wp-json\/wp\/v2\/product\/334991","targetHints":{"allow":["GET"]}}],"collection":[{"href":"https:\/\/www.moskito.cz\/it\/wp-json\/wp\/v2\/product"}],"about":[{"href":"https:\/\/www.moskito.cz\/it\/wp-json\/wp\/v2\/types\/product"}],"replies":[{"embeddable":true,"href":"https:\/\/www.moskito.cz\/it\/wp-json\/wp\/v2\/comments?post=334991"}],"wp:featuredmedia":[{"embeddable":true,"href":"https:\/\/www.moskito.cz\/it\/wp-json\/wp\/v2\/media\/334943"}],"wp:attachment":[{"href":"https:\/\/www.moskito.cz\/it\/wp-json\/wp\/v2\/media?parent=334991"}],"wp:term":[{"taxonomy":"pwb-brand","embeddable":true,"href":"https:\/\/www.moskito.cz\/it\/wp-json\/wp\/v2\/pwb-brand?post=334991"},{"taxonomy":"product_brand","embeddable":true,"href":"https:\/\/www.moskito.cz\/it\/wp-json\/wp\/v2\/product_brand?post=334991"},{"taxonomy":"product_cat","embeddable":true,"href":"https:\/\/www.moskito.cz\/it\/wp-json\/wp\/v2\/product_cat?post=334991"},{"taxonomy":"product_tag","embeddable":true,"href":"https:\/\/www.moskito.cz\/it\/wp-json\/wp\/v2\/product_tag?post=334991"}],"curies":[{"name":"wp","href":"https:\/\/api.w.org\/{rel}","templated":true}]}}