{"id":335126,"date":"2022-11-30T22:07:36","date_gmt":"2024-04-19T07:10:53","guid":{"rendered":"https:\/\/www.moskito.cz\/?post_type=product&#038;p=335126"},"modified":"2025-05-07T11:12:14","modified_gmt":"2025-05-07T10:12:14","slug":"coltello-solid-sog-instinct-mini-g10-satin","status":"publish","type":"product","link":"https:\/\/www.moskito.cz\/it\/produkt\/coltello-solid-sog-instinct-mini-g10-satin\/","title":{"rendered":"Coltello Solid SOG INSTINCT MINI G10 SATIN"},"content":{"rendered":"<p>Coltello Solid <strong>SOG<\/strong> INSTINCT MINI G10 SATIN.<\/p>\n<p>C&#8217;\u00e8 una sensazione e un&#8217;intuizione che arriva quando ti trovi in \u200b\u200bsituazioni che richiedono la tua piena attenzione. L&#8217;Instinct \u00e8 un coltello a lama fissa compatto e portatile realizzato appositamente per questi tempi. Disponibile in due misure e due tipologie di maniglie, \u00e8 adatta a molte persone. L&#8217;istinto offre molteplici opzioni di indossaggio. Pu\u00f2 essere indossato al collo con un cordino. Pu\u00f2 essere fissato a una cintura o a una scarpa con una fibbia regolabile in pi\u00f9 angolazioni. Pu\u00f2 anche essere fissato a un gilet o a una borsa utilizzando i numerosi punti di attacco. Quando il tuo primo istinto \u00e8 quello di prendere la lama, considera l&#8217;istinto SOG.<\/p>\n<p>LUNGHEZZA LAMA: 48 mm<br \/>\nMATERIALE DELLA CASSA: nylon stampato rigido<br \/>\nDIMENSIONE GLOBALE: 122 mm<br \/>\nPESO: 45 gr<br \/>\nACCIAIO: 5Cr15MoV<br \/>\nSPESSORE LAMA: 4,1 mm<br \/>\nMATERIALE MANICO: Acciaio inossidabile<br \/>\nCOLORE: Argento<\/p>\n<p><iframe title=\"SOG Instinct Mini\" width=\"800\" height=\"450\" src=\"https:\/\/www.youtube.com\/embed\/NQHPqPBh-fA?feature=oembed\" frameborder=\"0\" allow=\"accelerometer; autoplay; clipboard-write; encrypted-media; gyroscope; picture-in-picture; web-share\" referrerpolicy=\"strict-origin-when-cross-origin\" allowfullscreen><\/iframe><\/p>\n<p>&nbsp;<\/p>\n","protected":false},"excerpt":{"rendered":"<p>Un coltello compatto con lama fissa e robusto fodero in nylon con clip da tasca completamente regolabile per una variet\u00e0 di opzioni di trasporto.<\/p>\n","protected":false},"featured_media":335128,"comment_status":"open","ping_status":"closed","template":"","meta":[],"pwb-brand":[3850],"product_brand":[],"product_cat":[3745,3746],"product_tag":[3755],"class_list":{"0":"post-335126","1":"product","2":"type-product","3":"status-publish","4":"has-post-thumbnail","6":"pwb-brand-sog-it","7":"product_cat-coltelli","8":"product_cat-coltelli-solidi","9":"product_tag-b2b-it","11":"first","12":"outofstock","13":"taxable","14":"shipping-taxable","15":"purchasable","16":"product-type-simple"},"brands":[{"id":3850,"name":"SOG","slug":"sog-it"}],"_links":{"self":[{"href":"https:\/\/www.moskito.cz\/it\/wp-json\/wp\/v2\/product\/335126","targetHints":{"allow":["GET"]}}],"collection":[{"href":"https:\/\/www.moskito.cz\/it\/wp-json\/wp\/v2\/product"}],"about":[{"href":"https:\/\/www.moskito.cz\/it\/wp-json\/wp\/v2\/types\/product"}],"replies":[{"embeddable":true,"href":"https:\/\/www.moskito.cz\/it\/wp-json\/wp\/v2\/comments?post=335126"}],"wp:featuredmedia":[{"embeddable":true,"href":"https:\/\/www.moskito.cz\/it\/wp-json\/wp\/v2\/media\/335128"}],"wp:attachment":[{"href":"https:\/\/www.moskito.cz\/it\/wp-json\/wp\/v2\/media?parent=335126"}],"wp:term":[{"taxonomy":"pwb-brand","embeddable":true,"href":"https:\/\/www.moskito.cz\/it\/wp-json\/wp\/v2\/pwb-brand?post=335126"},{"taxonomy":"product_brand","embeddable":true,"href":"https:\/\/www.moskito.cz\/it\/wp-json\/wp\/v2\/product_brand?post=335126"},{"taxonomy":"product_cat","embeddable":true,"href":"https:\/\/www.moskito.cz\/it\/wp-json\/wp\/v2\/product_cat?post=335126"},{"taxonomy":"product_tag","embeddable":true,"href":"https:\/\/www.moskito.cz\/it\/wp-json\/wp\/v2\/product_tag?post=335126"}],"curies":[{"name":"wp","href":"https:\/\/api.w.org\/{rel}","templated":true}]}}