{"id":335292,"date":"2022-04-21T20:50:53","date_gmt":"2022-04-21T19:50:53","guid":{"rendered":"https:\/\/www.moskito.cz\/produkt\/coltello-chiudibile-cold-steel-sr1-lite-tanto-punto\/"},"modified":"2025-05-07T11:12:18","modified_gmt":"2025-05-07T10:12:18","slug":"coltello-chiudibile-cold-steel-sr1-lite-tanto-punto","status":"publish","type":"product","link":"https:\/\/www.moskito.cz\/it\/produkt\/coltello-chiudibile-cold-steel-sr1-lite-tanto-punto\/","title":{"rendered":"Coltello Chiudibile Cold Steel SR1 LITE &#8211; TANTO PUNTO"},"content":{"rendered":"<p>Coltello Chiudibile <strong>Cold Steel<\/strong> SR1 LITE &#8211; TANTO PUNTO.<\/p>\n<p>Anche se non significativamente pi\u00f9 leggero, il nostro SR1 Lite \u00e8 innegabilmente pi\u00f9 leggero nel portafoglio! Costruito per imitare il suo fratello maggiore in ogni aspetto, tranne che sostituendo l&#8217;impugnatura G-10 con un&#8217;impugnatura Griv-Ex\u2122 e utilizzando la pi\u00f9 economica lama in acciaio 8Cr13MoV. \u00c8 ancora estremamente nitido e pronto per i compiti pi\u00f9 difficili o le avventure pi\u00f9 grandi.<\/p>\n<p>PARAMETRI DEL PRODOTTO<br \/>\nLunghezza impugnatura: 137 mm<br \/>\nColore: Nero\/Argento<br \/>\nLunghezza lama: 101 mm<br \/>\nPeso: 178 g<br \/>\nMateriale manico: Griv-Ex\u2122 lungo<br \/>\nAcciaio: 8Cr13MoV<br \/>\nSpessore lama: 4,8 mm<br \/>\nDimensioni complessive: 238 mm<\/p>\n<p>&nbsp;<\/p>\n","protected":false},"excerpt":{"rendered":"<p><strong>L&#8217;SR1 Lite \u00e8 una versione pi\u00f9 economica del popolare SR1: un coltello pieghevole con lama liscia. SR1 \u00e8 un robusto coltello da lavoro progettato per l&#8217;uso nelle condizioni pi\u00f9 impegnative.<\/strong><\/p>\n","protected":false},"featured_media":335293,"comment_status":"open","ping_status":"closed","template":"","meta":[],"pwb-brand":[3791],"product_brand":[],"product_cat":[3749,3745],"product_tag":[],"class_list":{"0":"post-335292","1":"product","2":"type-product","3":"status-publish","4":"has-post-thumbnail","6":"pwb-brand-acciaio-freddo","7":"product_cat-coltelli-di-chiusura","8":"product_cat-coltelli","10":"first","11":"instock","12":"taxable","13":"shipping-taxable","14":"purchasable","15":"product-type-simple"},"brands":[{"id":3791,"name":"Acciaio freddo","slug":"acciaio-freddo"}],"_links":{"self":[{"href":"https:\/\/www.moskito.cz\/it\/wp-json\/wp\/v2\/product\/335292","targetHints":{"allow":["GET"]}}],"collection":[{"href":"https:\/\/www.moskito.cz\/it\/wp-json\/wp\/v2\/product"}],"about":[{"href":"https:\/\/www.moskito.cz\/it\/wp-json\/wp\/v2\/types\/product"}],"replies":[{"embeddable":true,"href":"https:\/\/www.moskito.cz\/it\/wp-json\/wp\/v2\/comments?post=335292"}],"wp:featuredmedia":[{"embeddable":true,"href":"https:\/\/www.moskito.cz\/it\/wp-json\/wp\/v2\/media\/335293"}],"wp:attachment":[{"href":"https:\/\/www.moskito.cz\/it\/wp-json\/wp\/v2\/media?parent=335292"}],"wp:term":[{"taxonomy":"pwb-brand","embeddable":true,"href":"https:\/\/www.moskito.cz\/it\/wp-json\/wp\/v2\/pwb-brand?post=335292"},{"taxonomy":"product_brand","embeddable":true,"href":"https:\/\/www.moskito.cz\/it\/wp-json\/wp\/v2\/product_brand?post=335292"},{"taxonomy":"product_cat","embeddable":true,"href":"https:\/\/www.moskito.cz\/it\/wp-json\/wp\/v2\/product_cat?post=335292"},{"taxonomy":"product_tag","embeddable":true,"href":"https:\/\/www.moskito.cz\/it\/wp-json\/wp\/v2\/product_tag?post=335292"}],"curies":[{"name":"wp","href":"https:\/\/api.w.org\/{rel}","templated":true}]}}