{"id":335349,"date":"2022-11-02T21:04:23","date_gmt":"2024-04-19T07:57:10","guid":{"rendered":"https:\/\/www.moskito.cz\/produkt\/coltello-chiudibile-cold-steel-ad-10-lite-tanto-point\/"},"modified":"2025-05-07T11:12:24","modified_gmt":"2025-05-07T10:12:24","slug":"coltello-chiudibile-cold-steel-ad-10-lite-tanto-point","status":"publish","type":"product","link":"https:\/\/www.moskito.cz\/it\/produkt\/coltello-chiudibile-cold-steel-ad-10-lite-tanto-point\/","title":{"rendered":"Coltello Chiudibile Cold Steel AD-10 LITE TANTO POINT"},"content":{"rendered":"<p>Coltello Chiudibile <strong>Cold Steel<\/strong> AD-10 LITE TANTO POINT.<\/p>\n<p>L&#8217;AD-10 Lite \u00e8 una versione pi\u00f9 economica dei raccoglitori della serie AD-10. Condivide la maggior parte delle caratteristiche, dello stile e del potenziale ad alte prestazioni delle sue controparti pi\u00f9 costose, incluso il nostro esclusivo blocco Tri-Ad\u00ae e le configurazioni delle lame<br \/>\ne spessori dell&#8217;acciaio, ma erano realizzati con materiali pi\u00f9 convenienti. Ad esempio, invece del costoso G-10, i manici degli AD-10 Lite sono realizzati in GFN pi\u00f9 economico e le lame sono in acciaio inossidabile AUS 10A anzich\u00e9 S35VN utilizzato nelle versioni standard. Sono convenienti, affilatissimi e pronti all&#8217;azione.<\/p>\n<p>PARAMETRI DEL PRODOTTO<br \/>\nAcciaio: AUS10A<br \/>\nLunghezza lama: 94 mm<br \/>\nMateriale manico: GFN<br \/>\nPeso: 196 g<br \/>\nColore: Nero\/Argento<br \/>\nDimensioni complessive: 223 mm<br \/>\nSpessore lama: 4 mm<br \/>\nLunghezza impugnatura: 129 mm<\/p>\n<p>&nbsp;<\/p>\n","protected":false},"excerpt":{"rendered":"<p>L&#8217;AD-10 \u00e8 un coltello chiudibile molto sofisticato con lama liscia tanto prodotta dall&#8217;officina di Andew Demka.<\/p>\n","protected":false},"featured_media":335350,"comment_status":"open","ping_status":"closed","template":"","meta":[],"pwb-brand":[3791],"product_brand":[],"product_cat":[3745,3749],"product_tag":[],"class_list":{"0":"post-335349","1":"product","2":"type-product","3":"status-publish","4":"has-post-thumbnail","6":"pwb-brand-acciaio-freddo","7":"product_cat-coltelli","8":"product_cat-coltelli-di-chiusura","10":"first","11":"outofstock","12":"taxable","13":"shipping-taxable","14":"purchasable","15":"product-type-simple"},"brands":[{"id":3791,"name":"Acciaio freddo","slug":"acciaio-freddo"}],"_links":{"self":[{"href":"https:\/\/www.moskito.cz\/it\/wp-json\/wp\/v2\/product\/335349","targetHints":{"allow":["GET"]}}],"collection":[{"href":"https:\/\/www.moskito.cz\/it\/wp-json\/wp\/v2\/product"}],"about":[{"href":"https:\/\/www.moskito.cz\/it\/wp-json\/wp\/v2\/types\/product"}],"replies":[{"embeddable":true,"href":"https:\/\/www.moskito.cz\/it\/wp-json\/wp\/v2\/comments?post=335349"}],"wp:featuredmedia":[{"embeddable":true,"href":"https:\/\/www.moskito.cz\/it\/wp-json\/wp\/v2\/media\/335350"}],"wp:attachment":[{"href":"https:\/\/www.moskito.cz\/it\/wp-json\/wp\/v2\/media?parent=335349"}],"wp:term":[{"taxonomy":"pwb-brand","embeddable":true,"href":"https:\/\/www.moskito.cz\/it\/wp-json\/wp\/v2\/pwb-brand?post=335349"},{"taxonomy":"product_brand","embeddable":true,"href":"https:\/\/www.moskito.cz\/it\/wp-json\/wp\/v2\/product_brand?post=335349"},{"taxonomy":"product_cat","embeddable":true,"href":"https:\/\/www.moskito.cz\/it\/wp-json\/wp\/v2\/product_cat?post=335349"},{"taxonomy":"product_tag","embeddable":true,"href":"https:\/\/www.moskito.cz\/it\/wp-json\/wp\/v2\/product_tag?post=335349"}],"curies":[{"name":"wp","href":"https:\/\/api.w.org\/{rel}","templated":true}]}}