{"id":335361,"date":"2022-11-02T19:42:32","date_gmt":"2024-04-19T08:03:01","guid":{"rendered":"https:\/\/www.moskito.cz\/produkt\/coltello-pieghevole-cold-steel-extra-large-drop-point-voyager\/"},"modified":"2025-05-07T11:12:25","modified_gmt":"2025-05-07T10:12:25","slug":"coltello-pieghevole-cold-steel-extra-large-drop-point-voyager","status":"publish","type":"product","link":"https:\/\/www.moskito.cz\/it\/produkt\/coltello-pieghevole-cold-steel-extra-large-drop-point-voyager\/","title":{"rendered":"Coltello pieghevole Cold Steel Extra Large Drop Point Voyager"},"content":{"rendered":"<p>Coltello pieghevole <strong>Cold Steel<\/strong> Extra Large Drop Point Voyager.<\/p>\n<p>La maggior parte degli appassionati di outdoor desidera due cose dal proprio coltello. Basta attaccarlo ai tuoi vestiti o alla tua attrezzatura ed essere in grado di svolgere bene le attivit\u00e0 di campeggio. Ecco perch\u00e9 stiamo introducendo nella serie Voyager una nuova lama Drop Point, che si \u00e8 rivelata molto versatile ed \u00e8 ideale soprattutto per i coltelli da caccia e da esterno. Questa forma della lama, che presenta una curva pi\u00f9 affilata della lama vicino alla punta, si \u00e8 rivelata migliore per tutte le attivit\u00e0 di affettatura e affettatura e facilita anche il lavoro di abbattimento della selvaggina. La lama spessa 4 mm \u00e8 realizzata in acciaio AUS 10A. Questo acciaio inossidabile martensitico ha ottime propriet\u00e0 di resistenza e viene utilizzato principalmente come materiale per utensili da taglio. Rispetto all&#8217;AUS 8A trattiene meglio la lama ed \u00e8 pi\u00f9 resistente all&#8217;abrasione. L&#8217;acciaio \u00e8 stato poi trattato termicamente per ottenere il perfetto equilibrio tra ritenzione del filo e facilit\u00e0 di riaffilatura. La finitura stonewashing previene facili graffi e rende il coltello pi\u00f9 resistente alla corrosione. L&#8217;impugnatura con una trama distinta \u00e8 realizzata mediante iniezione ad alta pressione di materiale Griv-Ex \u2122, che \u00e8 di per s\u00e9 abbastanza resistente. La struttura della superficie dell&#8217;impugnatura impedisce al coltello di scivolare fuori quando si lavora in un ambiente umido. Il coltello \u00e8 dotato di perno di apertura a doppia faccia e questa serie di coltelli \u00e8 dotata dell&#8217;esclusivo brevetto Cold Steel\u00ae Tri-Ad Lock\u2122. Il blocco impedisce la chiusura automatica o involontaria del coltello anche dopo la naturale usura del tempo. Nella confezione riceverai anche una clip per indossarla sul lato sinistro.<\/p>\n<p>PARAMETRI DEL PRODOTTO<br \/>\nPeso: 227 g<br \/>\nColore nero<br \/>\nMateriale della cassa: clip da tasca in acciaio<br \/>\nLunghezza lama: 140 mm<br \/>\nTipo di blocco: Tri-Ad Lock<br \/>\nDimensioni complessive: 311 mm<br \/>\nSpessore lama: 4 mm<br \/>\nLunghezza impugnatura: 171 mm<br \/>\nAcciaio: AUS 10A con finitura Stone Washed<br \/>\nMateriale manico: Griv-Ex lungo<\/p>\n","protected":false},"excerpt":{"rendered":"<p>Un coltello pieghevole con lama liscia. La forma della lama Drop Point si \u00e8 rivelata molto versatile ed \u00e8 ideale soprattutto per i coltelli da caccia e da esterno.<\/p>\n","protected":false},"featured_media":335362,"comment_status":"open","ping_status":"closed","template":"","meta":[],"pwb-brand":[3791],"product_brand":[],"product_cat":[3745,3749],"product_tag":[],"class_list":{"0":"post-335361","1":"product","2":"type-product","3":"status-publish","4":"has-post-thumbnail","6":"pwb-brand-acciaio-freddo","7":"product_cat-coltelli","8":"product_cat-coltelli-di-chiusura","10":"first","11":"outofstock","12":"taxable","13":"shipping-taxable","14":"purchasable","15":"product-type-simple"},"brands":[{"id":3791,"name":"Acciaio freddo","slug":"acciaio-freddo"}],"_links":{"self":[{"href":"https:\/\/www.moskito.cz\/it\/wp-json\/wp\/v2\/product\/335361","targetHints":{"allow":["GET"]}}],"collection":[{"href":"https:\/\/www.moskito.cz\/it\/wp-json\/wp\/v2\/product"}],"about":[{"href":"https:\/\/www.moskito.cz\/it\/wp-json\/wp\/v2\/types\/product"}],"replies":[{"embeddable":true,"href":"https:\/\/www.moskito.cz\/it\/wp-json\/wp\/v2\/comments?post=335361"}],"wp:featuredmedia":[{"embeddable":true,"href":"https:\/\/www.moskito.cz\/it\/wp-json\/wp\/v2\/media\/335362"}],"wp:attachment":[{"href":"https:\/\/www.moskito.cz\/it\/wp-json\/wp\/v2\/media?parent=335361"}],"wp:term":[{"taxonomy":"pwb-brand","embeddable":true,"href":"https:\/\/www.moskito.cz\/it\/wp-json\/wp\/v2\/pwb-brand?post=335361"},{"taxonomy":"product_brand","embeddable":true,"href":"https:\/\/www.moskito.cz\/it\/wp-json\/wp\/v2\/product_brand?post=335361"},{"taxonomy":"product_cat","embeddable":true,"href":"https:\/\/www.moskito.cz\/it\/wp-json\/wp\/v2\/product_cat?post=335361"},{"taxonomy":"product_tag","embeddable":true,"href":"https:\/\/www.moskito.cz\/it\/wp-json\/wp\/v2\/product_tag?post=335361"}],"curies":[{"name":"wp","href":"https:\/\/api.w.org\/{rel}","templated":true}]}}