{"id":335414,"date":"2023-03-31T20:13:13","date_gmt":"2023-03-31T19:13:13","guid":{"rendered":"https:\/\/www.moskito.cz\/produkt\/coltello-fisso-cold-steel-3v-srk-cpm-3v\/"},"modified":"2025-05-07T11:12:28","modified_gmt":"2025-05-07T10:12:28","slug":"coltello-fisso-cold-steel-3v-srk-cpm-3v","status":"publish","type":"product","link":"https:\/\/www.moskito.cz\/it\/produkt\/coltello-fisso-cold-steel-3v-srk-cpm-3v\/","title":{"rendered":"Coltello Fisso Cold Steel 3V SRK (CPM 3V)"},"content":{"rendered":"<p>Coltello Fisso <strong>Cold Steel<\/strong> 3V SRK (CPM 3V)<\/p>\n<p>Le operazioni di sopravvivenza e salvataggio richiedono un coltello versatile in grado di resistere alle condizioni pi\u00f9 estreme. In poche parole, il Cold Steel SRK (Survival Rescue Knife) \u00e8 stato progettato appositamente con questo in mente. Un coltello popolare tra il personale militare e tattico delle forze dell&#8217;ordine, l&#8217;SRK \u00e8 il coltello preferito dai Navy SEALS per i loro BUDS &#8211; o Basic Underwater Demolition Training &#8211; l&#8217;SRK si \u00e8 dimostrato pi\u00f9 e pi\u00f9 volte negli ambienti pi\u00f9 impegnativi. Qualunque sia la missione, siamo sicuri che SRK sia il coltello che fa per te!<\/p>\n<p>Descrizione:<\/p>\n<p>Materiale manico: Kray-Ex lungo<br \/>\nAcciaio: US CPM 3V ad alto tenore di carbonio<br \/>\nPeso: 249,47 g<br \/>\nLunghezza manico: 12 cm<br \/>\nLunghezza lama: 15,2 cm<br \/>\nSpessore lama: 0,5 cm<br \/>\nMisura totale: 27,3 centimetri<br \/>\nMateriale della guaina: guaina Secure-Ex\u00ae<br \/>\nColore: Nero\/Argento<\/p>\n","protected":false},"excerpt":{"rendered":"<p><strong>3V SRK di COLD STEEL \u00e8 un coltello solido con un filo liscio. \u00c8 stato sviluppato per operazioni di sopravvivenza e salvataggio che richiedono un coltello versatile in grado di resistere a condizioni estreme<\/strong><\/p>\n","protected":false},"featured_media":335415,"comment_status":"open","ping_status":"closed","template":"","meta":[],"pwb-brand":[3791],"product_brand":[],"product_cat":[3746,3745],"product_tag":[],"class_list":{"0":"post-335414","1":"product","2":"type-product","3":"status-publish","4":"has-post-thumbnail","6":"pwb-brand-acciaio-freddo","7":"product_cat-coltelli-solidi","8":"product_cat-coltelli","10":"first","11":"instock","12":"taxable","13":"shipping-taxable","14":"purchasable","15":"product-type-simple"},"brands":[{"id":3791,"name":"Acciaio freddo","slug":"acciaio-freddo"}],"_links":{"self":[{"href":"https:\/\/www.moskito.cz\/it\/wp-json\/wp\/v2\/product\/335414","targetHints":{"allow":["GET"]}}],"collection":[{"href":"https:\/\/www.moskito.cz\/it\/wp-json\/wp\/v2\/product"}],"about":[{"href":"https:\/\/www.moskito.cz\/it\/wp-json\/wp\/v2\/types\/product"}],"replies":[{"embeddable":true,"href":"https:\/\/www.moskito.cz\/it\/wp-json\/wp\/v2\/comments?post=335414"}],"wp:featuredmedia":[{"embeddable":true,"href":"https:\/\/www.moskito.cz\/it\/wp-json\/wp\/v2\/media\/335415"}],"wp:attachment":[{"href":"https:\/\/www.moskito.cz\/it\/wp-json\/wp\/v2\/media?parent=335414"}],"wp:term":[{"taxonomy":"pwb-brand","embeddable":true,"href":"https:\/\/www.moskito.cz\/it\/wp-json\/wp\/v2\/pwb-brand?post=335414"},{"taxonomy":"product_brand","embeddable":true,"href":"https:\/\/www.moskito.cz\/it\/wp-json\/wp\/v2\/product_brand?post=335414"},{"taxonomy":"product_cat","embeddable":true,"href":"https:\/\/www.moskito.cz\/it\/wp-json\/wp\/v2\/product_cat?post=335414"},{"taxonomy":"product_tag","embeddable":true,"href":"https:\/\/www.moskito.cz\/it\/wp-json\/wp\/v2\/product_tag?post=335414"}],"curies":[{"name":"wp","href":"https:\/\/api.w.org\/{rel}","templated":true}]}}