{"id":335464,"date":"2022-11-08T22:01:23","date_gmt":"2022-11-08T21:01:23","guid":{"rendered":"https:\/\/www.moskito.cz\/produkt\/coltello-solido-acciaio-freddo-marauder-seghettato\/"},"modified":"2025-05-07T11:12:32","modified_gmt":"2025-05-07T10:12:32","slug":"coltello-solido-acciaio-freddo-marauder-seghettato","status":"publish","type":"product","link":"https:\/\/www.moskito.cz\/it\/produkt\/coltello-solido-acciaio-freddo-marauder-seghettato\/","title":{"rendered":"Coltello Solido Acciaio Freddo MARAUDER SEGHETTATO"},"content":{"rendered":"<p>Coltello Solido <strong>Acciaio Freddo<\/strong> MARAUDER SEGHETTATO.<\/p>\n<p>In onore del nome Merrill&#8217;s Marauders &#8211; noto anche come nome in codice &#8220;Galahad&#8221; negli Stati Uniti, il nostro Marauder Bowie \u00e8 famoso sul campo di battaglia del sud-est asiatico &#8211; \u00e8 robusto, instancabile e affidabile. \u00c8 dotato di una lama extra larga e affilatissima con un bordo leggermente curvo, una smussatura della lama ampia e profonda e una punta impressionante. Durante i nostri intensi e strazianti test di questo nuovo Bowie, il presidente della nostra azienda ha semplicemente pronunciato una parola: &#8220;Bestiale&#8221;. Adatto a molti scenari militari, di sopravvivenza e di caccia, il Marauder \u00e8 dotato di una versatile fondina Secure-Ex che consente di fissare il coltello in modo comodo e sicuro a una cintura, uno zaino o un LBV.<\/p>\n<p>PARAMETRI DEL PRODOTTO<br \/>\nPeso: 351,53 grammi<br \/>\nAcciaio: acciaio inossidabile giapponese AUS 8A<br \/>\nDimensioni complessive: 358 mm<br \/>\nLunghezza impugnatura: 130 mm<br \/>\nColore: Nero\/Argento<br \/>\nSpessore lama: 5 mm<br \/>\nLunghezza lama: 228 mm<br \/>\nMateriale manico: Kray-Ex\u2122 lungo<\/p>\n<p>&nbsp;<\/p>\n","protected":false},"excerpt":{"rendered":"<p>Il coltello seghettato fisso Marauder di Cold Steel \u00e8 un robusto coltello da combattimento assolutamente affidabile per gli appassionati di bushcraft, sopravvivenza e militari.<\/p>\n","protected":false},"featured_media":335465,"comment_status":"open","ping_status":"closed","template":"","meta":[],"pwb-brand":[3791],"product_brand":[],"product_cat":[3746,3745],"product_tag":[],"class_list":{"0":"post-335464","1":"product","2":"type-product","3":"status-publish","4":"has-post-thumbnail","6":"pwb-brand-acciaio-freddo","7":"product_cat-coltelli-solidi","8":"product_cat-coltelli","10":"first","11":"instock","12":"taxable","13":"shipping-taxable","14":"purchasable","15":"product-type-simple"},"brands":[{"id":3791,"name":"Acciaio freddo","slug":"acciaio-freddo"}],"_links":{"self":[{"href":"https:\/\/www.moskito.cz\/it\/wp-json\/wp\/v2\/product\/335464","targetHints":{"allow":["GET"]}}],"collection":[{"href":"https:\/\/www.moskito.cz\/it\/wp-json\/wp\/v2\/product"}],"about":[{"href":"https:\/\/www.moskito.cz\/it\/wp-json\/wp\/v2\/types\/product"}],"replies":[{"embeddable":true,"href":"https:\/\/www.moskito.cz\/it\/wp-json\/wp\/v2\/comments?post=335464"}],"wp:featuredmedia":[{"embeddable":true,"href":"https:\/\/www.moskito.cz\/it\/wp-json\/wp\/v2\/media\/335465"}],"wp:attachment":[{"href":"https:\/\/www.moskito.cz\/it\/wp-json\/wp\/v2\/media?parent=335464"}],"wp:term":[{"taxonomy":"pwb-brand","embeddable":true,"href":"https:\/\/www.moskito.cz\/it\/wp-json\/wp\/v2\/pwb-brand?post=335464"},{"taxonomy":"product_brand","embeddable":true,"href":"https:\/\/www.moskito.cz\/it\/wp-json\/wp\/v2\/product_brand?post=335464"},{"taxonomy":"product_cat","embeddable":true,"href":"https:\/\/www.moskito.cz\/it\/wp-json\/wp\/v2\/product_cat?post=335464"},{"taxonomy":"product_tag","embeddable":true,"href":"https:\/\/www.moskito.cz\/it\/wp-json\/wp\/v2\/product_tag?post=335464"}],"curies":[{"name":"wp","href":"https:\/\/api.w.org\/{rel}","templated":true}]}}