{"id":335479,"date":"2022-04-20T21:46:07","date_gmt":"2024-04-19T08:38:55","guid":{"rendered":"https:\/\/www.moskito.cz\/produkt\/coltello-fisso-gamma-cold-steel-boss-manico-nero\/"},"modified":"2025-05-07T11:12:32","modified_gmt":"2025-05-07T10:12:32","slug":"coltello-fisso-gamma-cold-steel-boss-manico-nero","status":"publish","type":"product","link":"https:\/\/www.moskito.cz\/it\/produkt\/coltello-fisso-gamma-cold-steel-boss-manico-nero\/","title":{"rendered":"Coltello Fisso Gamma Cold Steel Boss Manico Nero"},"content":{"rendered":"<p>Coltello Fisso <strong>Gamma Cold Steel<\/strong> Boss Manico Nero.<\/p>\n<p>Che tu stia guidando un taxi a Manhattan o andando a cavallo nel Montana, siamo sicuri che apprezzerai il nostro Range Boss. Progettato per essere portato in tasca o in vita tutto il giorno, \u00e8 leggero e facile da trasportare. Non occupa molto spazio e pu\u00f2 essere portato in giro praticamente inosservato finch\u00e9 non lo si apre. La lama Range Boss \u00e8 levigata in modo uniforme con un bordo sottile cos\u00ec affilato che ti stupir\u00e0. \u00c8 lavato per resistere alla ruggine e la sua versatilit\u00e0 lo rende un ottimo coltello per scuoiare, per non parlare della preparazione del cibo. L&#8217;impugnatura in nylon rinforzato con fibra di vetro \u00e8 strutturata con un motivo a punti per una buona presa e presenta il famoso blocco Tri-Ad\u00ae per una resistenza superiore.<\/p>\n<p>&#8220;Amer\u00f2 sempre un coltello super sottile e ultraleggero con una lama lunga e una punta utile. Ecco perch\u00e9 il Range Boss sar\u00e0 uno dei miei coltelli quotidiani. Come l&#8217;Hold Out da 3&#8221;, \u00e8 abbastanza leggero da poter essere trasportato 24 ore su 24, 7 giorni su 7. nella tasca della camicia e, a differenza dell&#8217;Hold Out, \u00e8 dotato di una clip pi\u00f9 versatile che personalmente ho trovato molto adatta per vestire sul campo e scuoiare anche cinghiali di grandi dimensioni fino a 250 libbre. Usa la natura per la fattoria o il negozio e aiuta il nuovo ladro nella giungla urbana. Ha un prezzo molto ragionevole e penso che offra un valore eccezionale, soprattutto se si considera che viene fornito con il famoso lucchetto Tri-AD di Cold Steel!!! &#8211; Lynn Thompson<\/p>\n<p>PARAMETRI DEL PRODOTTO<br \/>\nSpessore lama: 3,5 mm<br \/>\nMateriale manico: Zy-Ex\u2122 lungo<br \/>\nColore nero<br \/>\nTipo di fusibile: Tri-Ad Lock<br \/>\nPeso: 96 g<br \/>\nLunghezza impugnatura: 134 mm<br \/>\nLunghezza lama: 101 mm<br \/>\nDimensioni complessive: 235 mm<br \/>\nAcciaio: acciaio 4034SS<\/p>\n<p>Che tu stia viaggiando in taxi a Manhattan o andando a cavallo nel Montana, siamo sicuri che apprezzerai il nostro Range Boss. Progettato per viaggiare tutto il giorno in tasca o in cintura, \u00e8 leggero e facile da trasportare. Non occupa molto spazio e pu\u00f2 essere trasportato praticamente inosservato finch\u00e9 non lo si apre. La lama a clip del Range Boss \u00e8 piatta e ha un bordo sottile cos\u00ec affilato che ti stupir\u00e0. \u00c8 lavato a pietra per resistere alla ruggine e la sua versatilit\u00e0 lo rende un ottimo coltello per scuoiare, per non parlare anche della preparazione del cibo. L&#8217;impugnatura in nylon rinforzato con vetro \u00e8 strutturata con un motivo puntinato per una buona presa ed \u00e8 dotata del rinomato lucchetto Tri-Ad\u00ae per una resistenza superlativa.<\/p>\n<p>&#8220;Sar\u00f2 sempre un fanatico dei coltelli super sottili e ultraleggeri con una lama lunga e una punta utile. Ecco perch\u00e9 il Range Boss sar\u00e0 uno dei miei coltelli quotidiani. Come il 3&#8243; Hold Out, \u00e8 abbastanza leggero da poter guido 24 ore su 24, 7 giorni su 7, nel taschino della mia camicia e, a differenza dell&#8217;Hold Out, \u00e8 dotato di un punto di aggancio pi\u00f9 versatile, che personalmente ho trovato molto adeguato per conciare sul campo e scuoiare anche grossi cinghiali fino a 250 libbre. Un naturale per un ranch o un negozio usa e aiuta i nuovi arrivati \u200b\u200bnella giungla urbana Ha un prezzo molto ragionevole e penso che offra un valore straordinario, soprattutto se si considera che viene fornito con il famoso Tri-AD Lock di Cold Steel!!!&#8221; &#8211; Lynn Thompson<\/p>\n<p>Peso: 3,4 once Spessore lama: 3,5 mm Lunghezza\/materiale impugnatura: Zy-Ex\u2122 lungo 5 1\/4 pollici Acciaio lama impugnatura: Acciaio 4034SS Lunghezza lama: 4 pollici Lunghezza totale: 9 1\/4 pollici Tipo di coltello: Piegatrice Intervallo di lunghezza lama: 3- 5 in acciaio Famiglia: 4034 Forma della lama: Clip Point Meccanismo di bloccaggio: Tri-Ad Lock Famiglia di prodotti: Range Boss<\/p>\n","protected":false},"excerpt":{"rendered":"<p>Il Range Boss \u00e8 un coltello chiudibile con lama liscia e taglio piatto. \u00c8 un classico EDC, ovvero un coltello per l&#8217;uso quotidiano. Strumento di lavoro relativamente grande, ma piacevolmente leggero.<\/p>\n","protected":false},"featured_media":335481,"comment_status":"open","ping_status":"closed","template":"","meta":[],"pwb-brand":[3791],"product_brand":[],"product_cat":[3745,3749],"product_tag":[],"class_list":{"0":"post-335479","1":"product","2":"type-product","3":"status-publish","4":"has-post-thumbnail","6":"pwb-brand-acciaio-freddo","7":"product_cat-coltelli","8":"product_cat-coltelli-di-chiusura","10":"first","11":"instock","12":"taxable","13":"shipping-taxable","14":"purchasable","15":"product-type-simple"},"brands":[{"id":3791,"name":"Acciaio freddo","slug":"acciaio-freddo"}],"_links":{"self":[{"href":"https:\/\/www.moskito.cz\/it\/wp-json\/wp\/v2\/product\/335479","targetHints":{"allow":["GET"]}}],"collection":[{"href":"https:\/\/www.moskito.cz\/it\/wp-json\/wp\/v2\/product"}],"about":[{"href":"https:\/\/www.moskito.cz\/it\/wp-json\/wp\/v2\/types\/product"}],"replies":[{"embeddable":true,"href":"https:\/\/www.moskito.cz\/it\/wp-json\/wp\/v2\/comments?post=335479"}],"wp:featuredmedia":[{"embeddable":true,"href":"https:\/\/www.moskito.cz\/it\/wp-json\/wp\/v2\/media\/335481"}],"wp:attachment":[{"href":"https:\/\/www.moskito.cz\/it\/wp-json\/wp\/v2\/media?parent=335479"}],"wp:term":[{"taxonomy":"pwb-brand","embeddable":true,"href":"https:\/\/www.moskito.cz\/it\/wp-json\/wp\/v2\/pwb-brand?post=335479"},{"taxonomy":"product_brand","embeddable":true,"href":"https:\/\/www.moskito.cz\/it\/wp-json\/wp\/v2\/product_brand?post=335479"},{"taxonomy":"product_cat","embeddable":true,"href":"https:\/\/www.moskito.cz\/it\/wp-json\/wp\/v2\/product_cat?post=335479"},{"taxonomy":"product_tag","embeddable":true,"href":"https:\/\/www.moskito.cz\/it\/wp-json\/wp\/v2\/product_tag?post=335479"}],"curies":[{"name":"wp","href":"https:\/\/api.w.org\/{rel}","templated":true}]}}