{"id":335500,"date":"2021-07-22T10:01:41","date_gmt":"2021-07-22T09:01:41","guid":{"rendered":"https:\/\/www.moskito.cz\/produkt\/coltello-pieghevole-cold-steel-ti-lite-da-6-pollici-cpm-s35vn\/"},"modified":"2024-04-19T09:42:59","modified_gmt":"2024-04-19T08:42:59","slug":"coltello-pieghevole-cold-steel-ti-lite-da-6-pollici-cpm-s35vn","status":"publish","type":"product","link":"https:\/\/www.moskito.cz\/it\/produkt\/coltello-pieghevole-cold-steel-ti-lite-da-6-pollici-cpm-s35vn\/","title":{"rendered":"Coltello pieghevole Cold Steel Ti-lite da 6 pollici CPM S35VN"},"content":{"rendered":"<p>Coltello pieghevole <strong>Cold Steel<\/strong> Ti-lite da 6 pollici CPM S35VN.<\/p>\n<p>I componenti tattici Ti-Lite evocano la velocit\u00e0 elegante e le linee ribelli del classico Switchblade in stile anni &#8217;50. volo. Tuttavia, a differenza della maggior parte dei coltelli pieghevoli, \u00e8 legale trasportarli quasi ovunque. Sono dotati di lame in lega americana S35VN con DLC (Diamond Like Coating), affilate come rasoi con punte robuste e affilate. Le maniglie sono realizzate in G-10 di alta qualit\u00e0. E per la massima resistenza e sicurezza, abbiamo dotato i nostri Ti-Lite di serrature a molla a balestra brevettate in acciaio inossidabile (dimostrate di sostenere 130 libbre nei nostri test). Per un facile trasporto, i Ti-Lite sono dotati di una piccola ma discreta clip da tasca in acciaio e possono essere aperti rapidamente utilizzando i bottoni automatici per il pollice o afferrando l&#8217;impugnatura sul bordo della tasca mentre si estrae il coltello. Siamo grati al produttore di coltelli personalizzati Phil Boguszewski per la sua influenza nel design e per l&#8217;assistenza nella creazione dei Ti-Lite.<\/p>\n<p>Lunghezza totale: 33 cm<br \/>\nLunghezza lama: 15 cm<br \/>\nLunghezza da chiuso: 18 cm<br \/>\nSpessore lama: 4 mm<br \/>\nPeso: 201 g<br \/>\nAcciaio: acciaio inossidabile CPM-S35VN<br \/>\nManico: G-10 nero<br \/>\nSicurezza: Linerlock<br \/>\nClip da tasca<\/p>\n<p><strong>Cold Steel<\/strong> \u00e8 un&#8217;azienda impegnata nella produzione dei coltelli pi\u00f9 resistenti e affilati al mondo. Negli ultimi tre decenni, Cold Steel \u00e8 stata in prima linea in molte innovazioni che hanno contribuito a definire l&#8217;industria dei coltelli. I successi successivi, inclusa l&#8217;introduzione dei manici a quadri Kraton\u00ae e degli stili di lame a punta tanto, sono passati da caratteristiche curiose a marchi industriali di qualit\u00e0 e raffinatezza. La nuova direzione \u00e8 stata interrotta anche con l&#8217;introduzione di nuove lame in acciaio uniche come San Mai III\u00ae e Tri-Ad \u2122 Lock e meccanismo di bloccaggio per coltelli pieghevoli. Ad esempio, il Tri-Ad \u2122 Lock non \u00e8 mai stato eguagliato da nessuno dei concorrenti di Cold Steel e non \u00e8 stato dimostrato che superi in prestazioni qualsiasi cosa abbiano prodotto fino ad oggi. Naturalmente, Cold Steel guarder\u00e0 sempre al futuro e si impegner\u00e0 costantemente a produrre i coltelli pi\u00f9 resistenti e affilati al mondo. Questo obiettivo, altrettanto sfuggente e difficile da raggiungere, \u00e8 lo stesso da quarant\u2019anni. Cold Steel Inc. \u00e8 un&#8217;azienda focalizzata sulla produzione dei coltelli, delle spade, dei tomahawk, dei machete, delle posate e degli strumenti pi\u00f9 resistenti e affilati per il trasporto quotidiano: EDC. Rapidamente adottato dai militari, dalle forze speciali delle forze dell&#8217;ordine, dai soccorritori, dai professionisti dell&#8217;autodifesa e dai membri della comunit\u00e0 delle arti marziali, Cold Steel si \u00e8 rapidamente fatto un nome per qualit\u00e0, forza, affidabilit\u00e0 e affidabilit\u00e0 nel trasporto quotidiano (EDC) . La nostra gamma diversificata e variegata \u00e8 cresciuta rapidamente fino a includere non solo una vasta selezione di coltelli pieghevoli (dalle lame pi\u00f9 piccole &#8220;EDC&#8221; ai nostri iconici &#8220;mega-cartella&#8221; giganti) ma anche lame fisse, spade, sciabole, bastoni e alabarde, come oltre a provviste da caccia, lance, fucili, asce, machete, tomahawk e strumenti! Nel corso dei decenni, Cold Steel ha introdotto nuovi materiali e design pionieristici che hanno contribuito a plasmare il mondo dei coltelli, delle armi da taglio e degli strumenti moderni. Dall&#8217;introduzione delle impugnature a scacchi Kraton\u00ae e della lama Tanto &#8220;americanizzata&#8221;, all&#8217;inclusione di nuovi acciai per lame innovativi come San Mai III\u00ae e meccanismi di bloccaggio rivoluzionari (come il nostro Tri-Ad \u2122 Lock). Guardando al futuro, Cold Steel continua a portare sul mercato nuovi livelli di resistenza, sicurezza e prestazioni, fornendo prodotti comprovati su cui puoi fare affidamento, sempre e ovunque!<\/p>\n","protected":false},"excerpt":{"rendered":"<p>Coltello chiudibile <strong>Cold Steel<\/strong> con clip di sicurezza e trasporto.<\/p>\n<p><strong>Trasporto gratuito.<\/strong><\/p>\n","protected":false},"featured_media":335501,"comment_status":"open","ping_status":"closed","template":"","meta":[],"pwb-brand":[3791],"product_brand":[],"product_cat":[3749,3745],"product_tag":[],"class_list":{"0":"post-335500","1":"product","2":"type-product","3":"status-publish","4":"has-post-thumbnail","6":"pwb-brand-acciaio-freddo","7":"product_cat-coltelli-di-chiusura","8":"product_cat-coltelli","10":"first","11":"instock","12":"taxable","13":"shipping-taxable","14":"purchasable","15":"product-type-simple"},"brands":[{"id":3791,"name":"Acciaio freddo","slug":"acciaio-freddo"}],"_links":{"self":[{"href":"https:\/\/www.moskito.cz\/it\/wp-json\/wp\/v2\/product\/335500","targetHints":{"allow":["GET"]}}],"collection":[{"href":"https:\/\/www.moskito.cz\/it\/wp-json\/wp\/v2\/product"}],"about":[{"href":"https:\/\/www.moskito.cz\/it\/wp-json\/wp\/v2\/types\/product"}],"replies":[{"embeddable":true,"href":"https:\/\/www.moskito.cz\/it\/wp-json\/wp\/v2\/comments?post=335500"}],"wp:featuredmedia":[{"embeddable":true,"href":"https:\/\/www.moskito.cz\/it\/wp-json\/wp\/v2\/media\/335501"}],"wp:attachment":[{"href":"https:\/\/www.moskito.cz\/it\/wp-json\/wp\/v2\/media?parent=335500"}],"wp:term":[{"taxonomy":"pwb-brand","embeddable":true,"href":"https:\/\/www.moskito.cz\/it\/wp-json\/wp\/v2\/pwb-brand?post=335500"},{"taxonomy":"product_brand","embeddable":true,"href":"https:\/\/www.moskito.cz\/it\/wp-json\/wp\/v2\/product_brand?post=335500"},{"taxonomy":"product_cat","embeddable":true,"href":"https:\/\/www.moskito.cz\/it\/wp-json\/wp\/v2\/product_cat?post=335500"},{"taxonomy":"product_tag","embeddable":true,"href":"https:\/\/www.moskito.cz\/it\/wp-json\/wp\/v2\/product_tag?post=335500"}],"curies":[{"name":"wp","href":"https:\/\/api.w.org\/{rel}","templated":true}]}}