{"id":335531,"date":"2021-07-23T13:50:16","date_gmt":"2024-04-19T08:47:43","guid":{"rendered":"https:\/\/www.moskito.cz\/produkt\/coltello-pieghevole-cold-steel-ad-10\/"},"modified":"2025-05-07T11:12:34","modified_gmt":"2025-05-07T10:12:34","slug":"coltello-pieghevole-cold-steel-ad-10","status":"publish","type":"product","link":"https:\/\/www.moskito.cz\/it\/produkt\/coltello-pieghevole-cold-steel-ad-10\/","title":{"rendered":"Coltello pieghevole Cold Steel AD-10"},"content":{"rendered":"<p>Coltello pieghevole <strong>Cold Steel<\/strong> AD-10.<\/p>\n<p><span class=\"VIiyi\" lang=\"cs\"><span class=\"JLqJ4b\" data-language-for-alternatives=\"cs\" data-language-to-translate-into=\"en\" data-phrase-index=\"0\">Se stai pianificando una grande caccia, una spedizione pericolosa o un&#8217;avventura emozionante e desideri prendere un coltello pieghevole ad alte prestazioni che non attiri attenzioni indesiderate, non cercare oltre Andrew Demkos AD-10. Simile al massiccio 4-Max di Andrews, ma pi\u00f9 piccolo in dimensioni e peso, l&#8217;AD-10 ha una lama rettificata ultra larga che termina con un punto di ribaltamento robusto (ma innocuo). Rettificato sottile sul bordo e messo a punto per la nitidezza del rasoio, l&#8217;AD-10 offre una potenza di taglio, cesoiatura e perforazione senza precedenti nella lama, ma rimane notevolmente resistente alla flessione, alla rottura o alla scheggiatura. Anche l&#8217;impugnatura dell&#8217;AD-10 \u00e8 robusta e facile da usare, con inserti in alluminio trattato termicamente a tutta lunghezza, impugnature G-10 lavorate in 3D e perni e viti sovradimensionati; grazie al suo contorno preciso e alla protezione per le dita integrata, si adatta comodamente e saldamente alla mano. Nessuna lama sarebbe completa senza un meccanismo di bloccaggio affidabile, motivo per cui abbiamo incorporato il famoso blocco Tri-Ad di Andrews. Nel tempo si \u00e8 dimostrato insuperabile in robustezza, resistenza agli urti e durata, offrendo una protezione senza eguali per le tue insostituibili dita. E per garantire una rapida implementazione del flash e un trasporto confortevole, abbiamo dotato l&#8217;AD-10 di un pulsante per il pollice su entrambi i lati e di doppie clip da tasca.<br \/>\n<\/span><\/span><\/p>\n<p>Lunghezza da chiuso: 13 cm<br \/>\nLunghezza lama: 9 cm<br \/>\nAcciaio: acciaio inossidabile S35VN<br \/>\nSicurezza: blocco<br \/>\nManico: G10 nero<\/p>\n<p><strong>Cold Steel<\/strong> \u00e8 un&#8217;azienda impegnata nella produzione dei coltelli pi\u00f9 resistenti e affilati al mondo. Negli ultimi tre decenni, Cold Steel \u00e8 stata in prima linea in molte innovazioni che hanno contribuito a definire l&#8217;industria dei coltelli. I successi successivi, inclusa l&#8217;introduzione dei manici a quadri Kraton\u00ae e degli stili di lame a punta tanto, sono passati da caratteristiche curiose a marchi industriali di qualit\u00e0 e raffinatezza. La nuova direzione \u00e8 stata interrotta anche con l&#8217;introduzione di nuove lame in acciaio uniche come San Mai III\u00ae e Tri-Ad \u2122 Lock e meccanismo di bloccaggio per coltelli pieghevoli. Ad esempio, il Tri-Ad \u2122 Lock non \u00e8 mai stato eguagliato da nessuno dei concorrenti di Cold Steel e non \u00e8 stato dimostrato che superi in prestazioni qualsiasi cosa abbiano prodotto fino ad oggi. Naturalmente, Cold Steel guarder\u00e0 sempre al futuro e si impegner\u00e0 costantemente a produrre i coltelli pi\u00f9 resistenti e affilati al mondo. Questo obiettivo, altrettanto sfuggente e difficile da raggiungere, \u00e8 lo stesso da quarant\u2019anni. Cold Steel Inc. \u00e8 un&#8217;azienda focalizzata sulla produzione dei coltelli, delle spade, dei tomahawk, dei machete, delle posate e degli strumenti pi\u00f9 resistenti e affilati per il trasporto quotidiano: EDC. Rapidamente adottato dai militari, dalle forze speciali delle forze dell&#8217;ordine, dai soccorritori, dai professionisti dell&#8217;autodifesa e dai membri della comunit\u00e0 delle arti marziali, Cold Steel si \u00e8 rapidamente fatto un nome per qualit\u00e0, forza, affidabilit\u00e0 e affidabilit\u00e0 nel trasporto quotidiano (EDC) . La nostra gamma diversificata e variegata \u00e8 cresciuta rapidamente fino a includere non solo una vasta selezione di coltelli pieghevoli (dalle lame pi\u00f9 piccole &#8220;EDC&#8221; ai nostri iconici &#8220;mega-cartella&#8221; giganti) ma anche lame fisse, spade, sciabole, bastoni e alabarde, come oltre a provviste da caccia, lance, fucili, asce, machete, tomahawk e strumenti! Nel corso dei decenni, Cold Steel ha introdotto nuovi materiali e design pionieristici che hanno contribuito a plasmare il mondo dei coltelli, delle armi da taglio e degli strumenti moderni. Dall&#8217;introduzione delle impugnature a scacchi Kraton\u00ae e della lama Tanto &#8220;americanizzata&#8221;, all&#8217;inclusione di nuovi acciai per lame innovativi come San Mai III\u00ae e meccanismi di bloccaggio rivoluzionari (come il nostro Tri-Ad \u2122 Lock). Guardando al futuro, Cold Steel continua a portare sul mercato nuovi livelli di resistenza, sicurezza e prestazioni, fornendo prodotti comprovati su cui puoi fare affidamento, sempre e ovunque!<\/p>\n","protected":false},"excerpt":{"rendered":"<div class=\"elementor-element elementor-element-bbb542b elementor-widget elementor-widget-woocommerce-product-short-description\" data-id=\"bbb542b\" data-element_type=\"widget\" data-widget_type=\"woocommerce-product-short-description.default\">\n<div class=\"elementor-widget-container\">\n<div class=\"woocommerce-product-details__short-description\">\n<div class=\"elementor-element elementor-element-bbb542b elementor-widget elementor-widget-woocommerce-product-short-description\" data-id=\"bbb542b\" data-element_type=\"widget\" data-widget_type=\"woocommerce-product-short-description.default\">\n<div class=\"elementor-widget-container\">\n<div class=\"woocommerce-product-details__short-description\">\n<p>Coltello chiudibile <strong>Cold Steel<\/strong> con clip di sicurezza e trasporto.<\/p>\n<p><strong>Trasporto gratuito.<\/strong><\/p>\n<\/div>\n<\/div>\n<\/div>\n<\/div>\n<\/div>\n<\/div>\n","protected":false},"featured_media":335532,"comment_status":"open","ping_status":"closed","template":"","meta":[],"pwb-brand":[3791],"product_brand":[],"product_cat":[3745,3749],"product_tag":[],"class_list":{"0":"post-335531","1":"product","2":"type-product","3":"status-publish","4":"has-post-thumbnail","6":"pwb-brand-acciaio-freddo","7":"product_cat-coltelli","8":"product_cat-coltelli-di-chiusura","10":"first","11":"instock","12":"taxable","13":"shipping-taxable","14":"purchasable","15":"product-type-simple"},"brands":[{"id":3791,"name":"Acciaio freddo","slug":"acciaio-freddo"}],"_links":{"self":[{"href":"https:\/\/www.moskito.cz\/it\/wp-json\/wp\/v2\/product\/335531","targetHints":{"allow":["GET"]}}],"collection":[{"href":"https:\/\/www.moskito.cz\/it\/wp-json\/wp\/v2\/product"}],"about":[{"href":"https:\/\/www.moskito.cz\/it\/wp-json\/wp\/v2\/types\/product"}],"replies":[{"embeddable":true,"href":"https:\/\/www.moskito.cz\/it\/wp-json\/wp\/v2\/comments?post=335531"}],"wp:featuredmedia":[{"embeddable":true,"href":"https:\/\/www.moskito.cz\/it\/wp-json\/wp\/v2\/media\/335532"}],"wp:attachment":[{"href":"https:\/\/www.moskito.cz\/it\/wp-json\/wp\/v2\/media?parent=335531"}],"wp:term":[{"taxonomy":"pwb-brand","embeddable":true,"href":"https:\/\/www.moskito.cz\/it\/wp-json\/wp\/v2\/pwb-brand?post=335531"},{"taxonomy":"product_brand","embeddable":true,"href":"https:\/\/www.moskito.cz\/it\/wp-json\/wp\/v2\/product_brand?post=335531"},{"taxonomy":"product_cat","embeddable":true,"href":"https:\/\/www.moskito.cz\/it\/wp-json\/wp\/v2\/product_cat?post=335531"},{"taxonomy":"product_tag","embeddable":true,"href":"https:\/\/www.moskito.cz\/it\/wp-json\/wp\/v2\/product_tag?post=335531"}],"curies":[{"name":"wp","href":"https:\/\/api.w.org\/{rel}","templated":true}]}}