{"id":335535,"date":"2022-04-16T14:44:59","date_gmt":"2022-04-16T13:44:59","guid":{"rendered":"https:\/\/www.moskito.cz\/produkt\/coltello-fisso-cold-steel-tiger-karambit\/"},"modified":"2025-05-07T11:12:35","modified_gmt":"2025-05-07T10:12:35","slug":"coltello-fisso-cold-steel-tiger-karambit","status":"publish","type":"product","link":"https:\/\/www.moskito.cz\/it\/produkt\/coltello-fisso-cold-steel-tiger-karambit\/","title":{"rendered":"Coltello Fisso Cold Steel Tiger Karambit"},"content":{"rendered":"<p>Coltello Fisso <strong>Cold Steel<\/strong> Tiger Karambit<\/p>\n<p>Lo Steel Tiger \u00e8 un&#8217;interpretazione tattica completamente moderna del karambit indonesiano. Frutto di una collaborazione di design tra Lynn C. Thompson e il defunto produttore di coltelli personalizzati Steven Likarich, Steel Tiger \u00e8 stato progettato per prendere tutte le migliori caratteristiche di questa iconica lama curva e incorporarle perfettamente in materiali e stile moderni. Profondamente curva e affilata come un ago, la lama in acciaio inossidabile AUS 8A Steel Tiger \u00e8 trattata termicamente sotto vuoto e indurita sotto zero, affusolata e lavata con pietra per la massima resistenza, potenza di taglio, ritenzione del filo e prestazioni. La resistente impugnatura centrale Griv-Ex incapsula completamente l&#8217;impugnatura, che si solleva per creare supporto, una mensola per il pollice e un anello prominente per le dita. Questo nucleo viene quindi iniettato con Kray-Ex\u2122 premium, creando un&#8217;eccellente presa antiscivolo che non ti deluder\u00e0 anche quando le tue mani sono fredde o bagnate. Per sicurezza e comodit\u00e0, Steel Tiger \u00e8 dotato di un fodero Secure-Ex in stile militare che pu\u00f2 essere fissato alla tua attrezzatura o tenuto con una clip rimovibile per scarpe\/cintura.<\/p>\n<p>Ingombro totale 222 mm<br \/>\nLunghezza lama 120 mm<br \/>\nAcciaio inossidabile giapponese AUS 8A con finitura stone wash<br \/>\nMateriale dell&#8217;impugnatura Griv-Ex\u2122 con Kray-Ex\u2122 sovrastampato<br \/>\nSpessore lama 5 mm<br \/>\nPeso 141,47 g<br \/>\nLunghezza impugnatura 127 mm<br \/>\nMisura della testa 0<br \/>\nMateriale della guaina Secure-Ex\u00ae<\/p>\n<p>&nbsp;<\/p>\n<p>La Steel Tiger \u00e8 un&#8217;interpretazione tattica completamente moderna del Karambit indonesiano. Nato dalla collaborazione di design tra Lynn C. Thompson e il defunto produttore di coltelli personalizzati Steven Likarich, Steel Tiger \u00e8 stato progettato per possedere tutte le migliori caratteristiche di questa iconica lama uncinata e per integrarle perfettamente con materiali e stile moderni. La lama in acciaio inossidabile AUS 8A profondamente curva e affilata come un ago \u00e8 trattata termicamente sotto vuoto e temprata a temperature inferiori allo zero, rettificata conica e dotata di una finitura stone wash per la massima resistenza, potenza di taglio, ritenzione del filo e prestazioni. La resistente impugnatura centrale Griv-Ex incapsula completamente la linguetta, emergendo per creare il supporto, il ripiano per il pollice e il caratteristico anello per le dita. Questo nucleo viene quindi sovrastampato a iniezione con Kray-Ex\u2122 premium, creando una presa superba e antiscivolo che non ti deluder\u00e0 nemmeno quando le tue mani sono fredde o bagnate. Per sicurezza e comodit\u00e0, Steel Tiger \u00e8 dotato di una guaina Secure-Ex in stile militare che puoi attaccare alla tua attrezzatura o trattenere sulla tua persona tramite la clip rimovibile per stivale\/cintura.<\/p>\n","protected":false},"excerpt":{"rendered":"<p>Steel Tiger di COLD STEEL \u00e8 un coltello solido con un filo liscio. \u00c8 una nuova interpretazione dell&#8217;iconico coltello karambit indonesiano.<\/p>\n","protected":false},"featured_media":335536,"comment_status":"open","ping_status":"closed","template":"","meta":[],"pwb-brand":[3791],"product_brand":[],"product_cat":[3793,3745],"product_tag":[],"class_list":{"0":"post-335535","1":"product","2":"type-product","3":"status-publish","4":"has-post-thumbnail","6":"pwb-brand-acciaio-freddo","7":"product_cat-karambit","8":"product_cat-coltelli","10":"first","11":"instock","12":"taxable","13":"shipping-taxable","14":"purchasable","15":"product-type-simple"},"brands":[{"id":3791,"name":"Acciaio freddo","slug":"acciaio-freddo"}],"_links":{"self":[{"href":"https:\/\/www.moskito.cz\/it\/wp-json\/wp\/v2\/product\/335535","targetHints":{"allow":["GET"]}}],"collection":[{"href":"https:\/\/www.moskito.cz\/it\/wp-json\/wp\/v2\/product"}],"about":[{"href":"https:\/\/www.moskito.cz\/it\/wp-json\/wp\/v2\/types\/product"}],"replies":[{"embeddable":true,"href":"https:\/\/www.moskito.cz\/it\/wp-json\/wp\/v2\/comments?post=335535"}],"wp:featuredmedia":[{"embeddable":true,"href":"https:\/\/www.moskito.cz\/it\/wp-json\/wp\/v2\/media\/335536"}],"wp:attachment":[{"href":"https:\/\/www.moskito.cz\/it\/wp-json\/wp\/v2\/media?parent=335535"}],"wp:term":[{"taxonomy":"pwb-brand","embeddable":true,"href":"https:\/\/www.moskito.cz\/it\/wp-json\/wp\/v2\/pwb-brand?post=335535"},{"taxonomy":"product_brand","embeddable":true,"href":"https:\/\/www.moskito.cz\/it\/wp-json\/wp\/v2\/product_brand?post=335535"},{"taxonomy":"product_cat","embeddable":true,"href":"https:\/\/www.moskito.cz\/it\/wp-json\/wp\/v2\/product_cat?post=335535"},{"taxonomy":"product_tag","embeddable":true,"href":"https:\/\/www.moskito.cz\/it\/wp-json\/wp\/v2\/product_tag?post=335535"}],"curies":[{"name":"wp","href":"https:\/\/api.w.org\/{rel}","templated":true}]}}