{"id":335552,"date":"2022-04-18T21:48:38","date_gmt":"2024-04-19T09:20:51","guid":{"rendered":"https:\/\/www.moskito.cz\/produkt\/coltello-chiudibile-cold-steel-ultimate-hunter-nero-s35vn\/"},"modified":"2025-05-07T11:12:36","modified_gmt":"2025-05-07T10:12:36","slug":"coltello-chiudibile-cold-steel-ultimate-hunter-nero-s35vn","status":"publish","type":"product","link":"https:\/\/www.moskito.cz\/it\/produkt\/coltello-chiudibile-cold-steel-ultimate-hunter-nero-s35vn\/","title":{"rendered":"Coltello Chiudibile Cold Steel ULTIMATE HUNTER NERO (S35VN)"},"content":{"rendered":"<p>Coltello Chiudibile <strong>Cold Steel<\/strong> ULTIMATE HUNTER NERO (S35VN)<\/p>\n<p>Una collaborazione progettuale tra il produttore di coltelli personalizzati Andrew Demke e Lynn C. Thompson, Ultimate Hunter rappresenta il culmine di quasi 3 anni di sviluppo del design. Test approfonditi sul campo in 4 continenti: Ultimate Hunter ha dimostrato il suo valore pi\u00f9 e pi\u00f9 volte! Realizzato in acciaio americano S35VN, l&#8217;Ultimate Hunter viene affilato a mano in un rasoio che dura incredibilmente a lungo. Le impugnature G-10 pesantemente sabbiate e lavorate a CNC sono comodamente lisce pur fornendo una presa molto sicura. Dotato di un meccanismo di bloccaggio Tri-Ad super resistente per una maggiore sicurezza, l&#8217;Ultimate Hunter \u00e8 una lama da caccia\/outdoor di razza pura che \u00e8 anche un eccellente coltello da trasporto quotidiano: pratico, funzionale e incredibilmente capace!<\/p>\n<p>PARAMETRI DEL PRODOTTO<br \/>\nLunghezza impugnatura: 126 mm<br \/>\nTipo di fusibile: Tri-Ad Lock<br \/>\nDimensioni complessive: 215 mm<br \/>\nLunghezza lama: 89 mm<br \/>\nColore: Nero\/Argento<br \/>\nAcciaio: CPM-S35VN<br \/>\nPeso: 139 g<br \/>\nMateriale manico: G-10 lavorato 3D<br \/>\nSpessore lama: 3,5 mm<\/p>\n<p>Una collaborazione progettuale tra il produttore di coltelli personalizzati Andrew Demko e Lynn C. Thompson, Ultimate Hunter rappresenta il culmine di quasi 3 anni di evoluzione del design. Esaurientemente testato sul campo in 4 continenti: Ultimate Hunter ha dimostrato il suo valore pi\u00f9 e pi\u00f9 volte! Realizzato in acciaio americano S35VN, l&#8217;Ultimate Hunter \u00e8 affilato a mano fino a ottenere un filo di rasoio che durer\u00e0 incredibilmente a lungo. Le maniglie G-10, pesantemente sabbiate e lavorate a CNC, sono comodamente lisce, pur offrendo una presa molto sicura. Dotato di un meccanismo di bloccaggio Tri-Ad super resistente per una maggiore sicurezza, l&#8217;Ultimate Hunter \u00e8 una lama da caccia\/uomo all&#8217;aria aperta purosangue che costituisce anche un eccellente coltello da trasporto quotidiano: pratico, funzionale e incredibilmente capace!<\/p>\n<p>Peso: 4,9 once Spessore lama: 3,5 mm Lunghezza lama: 3-1\/2&#8243; Acciaio lama: S35VN americano Lunghezza\/materiale impugnatura: 5&#8243; G-10 lavorato in 3D Lunghezza totale: 8-1\/2&#8243; Caratteristiche aggiuntive: Tasca ambidestra \/ Tipo di coltello con clip da cintura: Intervallo di lunghezza della lama piegatrice: 3-5 in acciaio Famiglia: CPM Forma della lama: Meccanismo di bloccaggio del punto di caduta: Tri-Ad Lock<\/p>\n","protected":false},"excerpt":{"rendered":"<p>COLD STEEL Ultimate Hunter \u00e8 un coltello chiudibile da caccia per l&#8217;uso quotidiano. Il materiale e la lavorazione della lama e dell&#8217;impugnatura 3D rendono l&#8217;Ultimate Hunter un coltello eccezionale.<\/p>\n","protected":false},"featured_media":335553,"comment_status":"open","ping_status":"closed","template":"","meta":[],"pwb-brand":[3791],"product_brand":[],"product_cat":[3745,3749],"product_tag":[],"class_list":{"0":"post-335552","1":"product","2":"type-product","3":"status-publish","4":"has-post-thumbnail","6":"pwb-brand-acciaio-freddo","7":"product_cat-coltelli","8":"product_cat-coltelli-di-chiusura","10":"first","11":"outofstock","12":"taxable","13":"shipping-taxable","14":"purchasable","15":"product-type-simple"},"brands":[{"id":3791,"name":"Acciaio freddo","slug":"acciaio-freddo"}],"_links":{"self":[{"href":"https:\/\/www.moskito.cz\/it\/wp-json\/wp\/v2\/product\/335552","targetHints":{"allow":["GET"]}}],"collection":[{"href":"https:\/\/www.moskito.cz\/it\/wp-json\/wp\/v2\/product"}],"about":[{"href":"https:\/\/www.moskito.cz\/it\/wp-json\/wp\/v2\/types\/product"}],"replies":[{"embeddable":true,"href":"https:\/\/www.moskito.cz\/it\/wp-json\/wp\/v2\/comments?post=335552"}],"wp:featuredmedia":[{"embeddable":true,"href":"https:\/\/www.moskito.cz\/it\/wp-json\/wp\/v2\/media\/335553"}],"wp:attachment":[{"href":"https:\/\/www.moskito.cz\/it\/wp-json\/wp\/v2\/media?parent=335552"}],"wp:term":[{"taxonomy":"pwb-brand","embeddable":true,"href":"https:\/\/www.moskito.cz\/it\/wp-json\/wp\/v2\/pwb-brand?post=335552"},{"taxonomy":"product_brand","embeddable":true,"href":"https:\/\/www.moskito.cz\/it\/wp-json\/wp\/v2\/product_brand?post=335552"},{"taxonomy":"product_cat","embeddable":true,"href":"https:\/\/www.moskito.cz\/it\/wp-json\/wp\/v2\/product_cat?post=335552"},{"taxonomy":"product_tag","embeddable":true,"href":"https:\/\/www.moskito.cz\/it\/wp-json\/wp\/v2\/product_tag?post=335552"}],"curies":[{"name":"wp","href":"https:\/\/api.w.org\/{rel}","templated":true}]}}