{"id":335563,"date":"2022-04-18T21:21:14","date_gmt":"2024-04-19T09:26:29","guid":{"rendered":"https:\/\/www.moskito.cz\/produkt\/coltello-chiudibile-cold-steel-ultimate-hunter-orange-s35vn\/"},"modified":"2025-05-07T11:12:38","modified_gmt":"2025-05-07T10:12:38","slug":"coltello-chiudibile-cold-steel-ultimate-hunter-orange-s35vn","status":"publish","type":"product","link":"https:\/\/www.moskito.cz\/it\/produkt\/coltello-chiudibile-cold-steel-ultimate-hunter-orange-s35vn\/","title":{"rendered":"Coltello Chiudibile Cold Steel ULTIMATE HUNTER ORANGE (S35VN)"},"content":{"rendered":"<p>Coltello Chiudibile <strong>Cold Steel<\/strong> ULTIMATE HUNTER ORANGE (S35VN)<\/p>\n<p>Una collaborazione progettuale tra il produttore di coltelli personalizzati Andrew Demke e Lynn C. Thompson, Ultimate Hunter rappresenta il culmine di quasi 3 anni di sviluppo del design. Test approfonditi sul campo in 4 continenti: Ultimate Hunter ha dimostrato il suo valore pi\u00f9 e pi\u00f9 volte! Realizzato in acciaio americano S35VN, l&#8217;Ultimate Hunter viene affilato a mano in un rasoio che dura incredibilmente a lungo. Le impugnature G-10 pesantemente sabbiate e lavorate a CNC sono comodamente lisce pur fornendo una presa molto sicura. Dotato di un meccanismo di bloccaggio Tri-Ad super resistente per una maggiore sicurezza, l&#8217;Ultimate Hunter \u00e8 una lama da caccia\/outdoor di razza pura che \u00e8 anche un eccellente coltello da trasporto quotidiano: pratico, funzionale e incredibilmente capace!<\/p>\n<p>PARAMETRI DEL PRODOTTO<br \/>\nColore: arancione\/argento<br \/>\nPeso: 139 g<br \/>\nLunghezza lama: 89 mm<br \/>\nLunghezza impugnatura: 126 mm<br \/>\nSpessore lama: 3,5 mm<\/p>\n<p>Acciaio: CPM-S35VN<br \/>\nDimensioni complessive: 215 mm<br \/>\nTipo di fusibile: Tri-Ad Lock<\/p>\n<p>Una collaborazione progettuale tra il produttore di coltelli personalizzati Andrew Demko e Lynn C. Thompson, Ultimate Hunter rappresenta il culmine di quasi 3 anni di evoluzione del design. Esaurientemente testato sul campo in 4 continenti: Ultimate Hunter ha dimostrato il suo valore pi\u00f9 e pi\u00f9 volte! Realizzato in acciaio americano S35VN, l&#8217;Ultimate Hunter \u00e8 affilato a mano fino a ottenere un filo di rasoio che durer\u00e0 incredibilmente a lungo. Le maniglie G-10, pesantemente sabbiate e lavorate a CNC, sono comodamente lisce, pur offrendo una presa molto sicura. Dotato di un meccanismo di bloccaggio Tri-Ad super resistente per una maggiore sicurezza, l&#8217;Ultimate Hunter \u00e8 una lama da caccia\/uomo all&#8217;aria aperta purosangue che costituisce anche un eccellente coltello da trasporto quotidiano: pratico, funzionale e incredibilmente capace!<\/p>\n<p>Peso: 4,9 once Spessore lama: 3,5 mm Lunghezza lama: 3-1\/2&#8243; Acciaio lama: S35VN americano Lunghezza\/materiale impugnatura: 5&#8243; G-10 lavorato in 3D Lunghezza totale: 8-1\/2&#8243; Caratteristiche aggiuntive: Tasca ambidestra \/ Tipo di coltello con clip da cintura: Intervallo di lunghezza della lama piegatrice: 3-5 in acciaio Famiglia: CPM Forma della lama: Meccanismo di bloccaggio del punto di caduta: Tri-Ad Lock<\/p>\n","protected":false},"excerpt":{"rendered":"<p>COLD STEEL Ultimate Hunter Blazem Orange \u00e8 un coltello pieghevole da caccia per l&#8217;uso quotidiano. Il materiale e la lavorazione della lama rendono il coltello eccezionale. Questa versione arancione \u00e8 in edizione limitata con lama numerata.<\/p>\n","protected":false},"featured_media":335564,"comment_status":"open","ping_status":"closed","template":"","meta":[],"pwb-brand":[3791],"product_brand":[],"product_cat":[3745,3749],"product_tag":[3755],"class_list":{"0":"post-335563","1":"product","2":"type-product","3":"status-publish","4":"has-post-thumbnail","6":"pwb-brand-acciaio-freddo","7":"product_cat-coltelli","8":"product_cat-coltelli-di-chiusura","9":"product_tag-b2b-it","11":"first","12":"instock","13":"taxable","14":"shipping-taxable","15":"purchasable","16":"product-type-simple"},"brands":[{"id":3791,"name":"Acciaio freddo","slug":"acciaio-freddo"}],"_links":{"self":[{"href":"https:\/\/www.moskito.cz\/it\/wp-json\/wp\/v2\/product\/335563","targetHints":{"allow":["GET"]}}],"collection":[{"href":"https:\/\/www.moskito.cz\/it\/wp-json\/wp\/v2\/product"}],"about":[{"href":"https:\/\/www.moskito.cz\/it\/wp-json\/wp\/v2\/types\/product"}],"replies":[{"embeddable":true,"href":"https:\/\/www.moskito.cz\/it\/wp-json\/wp\/v2\/comments?post=335563"}],"wp:featuredmedia":[{"embeddable":true,"href":"https:\/\/www.moskito.cz\/it\/wp-json\/wp\/v2\/media\/335564"}],"wp:attachment":[{"href":"https:\/\/www.moskito.cz\/it\/wp-json\/wp\/v2\/media?parent=335563"}],"wp:term":[{"taxonomy":"pwb-brand","embeddable":true,"href":"https:\/\/www.moskito.cz\/it\/wp-json\/wp\/v2\/pwb-brand?post=335563"},{"taxonomy":"product_brand","embeddable":true,"href":"https:\/\/www.moskito.cz\/it\/wp-json\/wp\/v2\/product_brand?post=335563"},{"taxonomy":"product_cat","embeddable":true,"href":"https:\/\/www.moskito.cz\/it\/wp-json\/wp\/v2\/product_cat?post=335563"},{"taxonomy":"product_tag","embeddable":true,"href":"https:\/\/www.moskito.cz\/it\/wp-json\/wp\/v2\/product_tag?post=335563"}],"curies":[{"name":"wp","href":"https:\/\/api.w.org\/{rel}","templated":true}]}}