{"id":335595,"date":"2021-07-23T11:42:43","date_gmt":"2024-04-19T09:33:56","guid":{"rendered":"https:\/\/www.moskito.cz\/produkt\/coltello-pieghevole-cold-steel-code-4-punta-a-lancia\/"},"modified":"2025-05-07T11:12:40","modified_gmt":"2025-05-07T10:12:40","slug":"coltello-pieghevole-cold-steel-code-4-punta-a-lancia","status":"publish","type":"product","link":"https:\/\/www.moskito.cz\/it\/produkt\/coltello-pieghevole-cold-steel-code-4-punta-a-lancia\/","title":{"rendered":"Coltello pieghevole Cold Steel Code 4 punta a lancia"},"content":{"rendered":"<p>Coltello pieghevole <strong>Cold Steel<\/strong> Code 4 punta a lancia.<\/p>\n<p>Durante lo sviluppo di <strong>Cold Steel<\/strong>  Il nostro obiettivo era Code 4: creare un coltello multiuso ultrasottile, ultraleggero e altamente funzionale che sembrasse un giocattolo. C&#8217;\u00e8 molto conforto nel sapere di avere con s\u00e9 un buon coltello, e molti dei nostri amici delle forze dell&#8217;ordine parlano di come sono sempre alla ricerca di quel coltello affidabile e leggero che possa diventare una parte permanente della loro vita quotidiana. il nostro Codex 4 \u00e8 destinato a diventare questo coltello! Non appesantir\u00e0 la tua uniforme n\u00e9 fornir\u00e0 volume inutile. \u00c8 una gioia da indossare, quindi \u00e8 sempre l\u00ec quando ne hai bisogno! Ogni Code 4 \u00e8 disponibile in una variet\u00e0 di configurazioni della lama, con clip da tasca a doppia faccia e borchie per il pollice, e presenta una maniglia robusta, il nostro meccanismo di bloccaggio Tri-Ad di fama mondiale e una lama S35VN altamente satinata.<\/p>\n<p>Materiale lama: CPM-S35VN<br \/>\nLunghezza lama: 89 mm<br \/>\nSpessore lama: 3,5 mm<br \/>\nLunghezza totale: 216 mm<br \/>\nPeso: 122 g<br \/>\nMateriale manico: dural 6061, colore nero<br \/>\nSicurezza: blocco posteriore<\/p>\n<p><strong>Cold Steel<\/strong> \u00e8 un&#8217;azienda impegnata nella produzione dei coltelli pi\u00f9 resistenti e affilati al mondo. Negli ultimi tre decenni, Cold Steel \u00e8 stata in prima linea in molte innovazioni che hanno contribuito a definire l&#8217;industria dei coltelli. I successi successivi, inclusa l&#8217;introduzione dei manici a quadri Kraton\u00ae e degli stili di lame a punta tanto, sono passati da caratteristiche curiose a marchi industriali di qualit\u00e0 e raffinatezza. La nuova direzione \u00e8 stata interrotta anche con l&#8217;introduzione di nuove lame in acciaio uniche come San Mai III\u00ae e Tri-Ad \u2122 Lock e meccanismo di bloccaggio per coltelli pieghevoli. Ad esempio, il Tri-Ad \u2122 Lock non \u00e8 mai stato eguagliato da nessuno dei concorrenti di Cold Steel e non \u00e8 stato dimostrato che superi in prestazioni qualsiasi cosa abbiano prodotto fino ad oggi. Naturalmente, Cold Steel guarder\u00e0 sempre al futuro e si impegner\u00e0 costantemente a produrre i coltelli pi\u00f9 resistenti e affilati al mondo. Questo obiettivo, altrettanto sfuggente e difficile da raggiungere, \u00e8 lo stesso da quarant\u2019anni. Cold Steel Inc. \u00e8 un&#8217;azienda focalizzata sulla produzione dei coltelli, delle spade, dei tomahawk, dei machete, delle posate e degli strumenti pi\u00f9 resistenti e affilati per il trasporto quotidiano: EDC. Rapidamente adottato dai militari, dalle forze speciali delle forze dell&#8217;ordine, dai soccorritori, dai professionisti dell&#8217;autodifesa e dai membri della comunit\u00e0 delle arti marziali, Cold Steel si \u00e8 rapidamente fatto un nome per qualit\u00e0, forza, affidabilit\u00e0 e affidabilit\u00e0 nel trasporto quotidiano (EDC) . La nostra gamma diversificata e variegata \u00e8 cresciuta rapidamente fino a includere non solo una vasta selezione di coltelli pieghevoli (dalle lame pi\u00f9 piccole &#8220;EDC&#8221; ai nostri iconici &#8220;mega-cartella&#8221; giganti) ma anche lame fisse, spade, sciabole, bastoni e alabarde, come oltre a provviste da caccia, lance, fucili, asce, machete, tomahawk e strumenti! Nel corso dei decenni, Cold Steel ha introdotto nuovi materiali e design pionieristici che hanno contribuito a plasmare il mondo dei coltelli, delle armi da taglio e degli strumenti moderni. Dall&#8217;introduzione delle impugnature a scacchi Kraton\u00ae e della lama Tanto &#8220;americanizzata&#8221;, all&#8217;inclusione di nuovi acciai per lame innovativi come San Mai III\u00ae e meccanismi di bloccaggio rivoluzionari (come il nostro Tri-Ad \u2122 Lock). Guardando al futuro, Cold Steel continua a portare sul mercato nuovi livelli di resistenza, sicurezza e prestazioni, fornendo prodotti comprovati su cui puoi fare affidamento, sempre e ovunque!<\/p>\n<p>Durante lo sviluppo del Cold Steel Code 4, il nostro obiettivo era quello di creare un coltello multiuso ultrasottile, ultraleggero e altamente funzionale che sia un gioco da ragazzi da trasportare. C&#8217;\u00e8 un grande conforto nel sapere di avere con s\u00e9 un buon coltello, e molti dei nostri amici delle forze dell&#8217;ordine parlano di come sono sempre alla ricerca di quella lama affidabile e leggera che possa diventare una parte permanente del loro carico quotidiano. .Crediamo che il nostro Code 4 sia destinato a diventare quel coltello! Non appesantir\u00e0 la tua uniforme n\u00e9 fornir\u00e0 volume inutile. \u00c8 un piacere portarlo con s\u00e9, quindi \u00e8 sempre l\u00ec quando ne hai bisogno! Disponibile in una variet\u00e0 di configurazioni di lame, con clip da tasca ambidestre e borchie per il pollice, ogni Code 4 \u00e8 dotato di robuste maniglie in alluminio 6061 grigio canna di fucile anodizzato duro, il nostro meccanismo di bloccaggio Tri-Ad di fama mondiale e S35VN estremamente satinato e affilato. lame.<\/p>\n<p>Peso: 4,3 once Spessore lama: 3,5 mm Lunghezza lama: 3-1\/2&#8243; Acciaio lama: S35VN americano Lunghezza\/materiale impugnatura: 5&#8243; Alluminio 6061 Lunghezza totale: 8-1\/2&#8243; Caratteristiche aggiuntive: Tasca ambidestra \/ Coltello con clip da cintura Tipo: Intervallo di lunghezza della lama della piegatrice: 3-5 in acciaio Famiglia: CPM Forma della lama: Meccanismo di bloccaggio del punto di clip: Tri-Ad Lock Famiglia di prodotti: Codice 4<\/p>\n","protected":false},"excerpt":{"rendered":"<p>Codice 4 Clip pt. Plain Edge di COLD STEEL \u00e8 un coltello pieghevole molto leggero e molto resistente con un filo liscio. Il Code 4 \u00e8 un coltello per tutti coloro che lavorano nella sicurezza privata o nelle forze armate.<\/p>\n","protected":false},"featured_media":335596,"comment_status":"open","ping_status":"closed","template":"","meta":[],"pwb-brand":[3791],"product_brand":[],"product_cat":[3745,3749],"product_tag":[],"class_list":{"0":"post-335595","1":"product","2":"type-product","3":"status-publish","4":"has-post-thumbnail","6":"pwb-brand-acciaio-freddo","7":"product_cat-coltelli","8":"product_cat-coltelli-di-chiusura","10":"first","11":"instock","12":"taxable","13":"shipping-taxable","14":"purchasable","15":"product-type-simple"},"brands":[{"id":3791,"name":"Acciaio freddo","slug":"acciaio-freddo"}],"_links":{"self":[{"href":"https:\/\/www.moskito.cz\/it\/wp-json\/wp\/v2\/product\/335595","targetHints":{"allow":["GET"]}}],"collection":[{"href":"https:\/\/www.moskito.cz\/it\/wp-json\/wp\/v2\/product"}],"about":[{"href":"https:\/\/www.moskito.cz\/it\/wp-json\/wp\/v2\/types\/product"}],"replies":[{"embeddable":true,"href":"https:\/\/www.moskito.cz\/it\/wp-json\/wp\/v2\/comments?post=335595"}],"wp:featuredmedia":[{"embeddable":true,"href":"https:\/\/www.moskito.cz\/it\/wp-json\/wp\/v2\/media\/335596"}],"wp:attachment":[{"href":"https:\/\/www.moskito.cz\/it\/wp-json\/wp\/v2\/media?parent=335595"}],"wp:term":[{"taxonomy":"pwb-brand","embeddable":true,"href":"https:\/\/www.moskito.cz\/it\/wp-json\/wp\/v2\/pwb-brand?post=335595"},{"taxonomy":"product_brand","embeddable":true,"href":"https:\/\/www.moskito.cz\/it\/wp-json\/wp\/v2\/product_brand?post=335595"},{"taxonomy":"product_cat","embeddable":true,"href":"https:\/\/www.moskito.cz\/it\/wp-json\/wp\/v2\/product_cat?post=335595"},{"taxonomy":"product_tag","embeddable":true,"href":"https:\/\/www.moskito.cz\/it\/wp-json\/wp\/v2\/product_tag?post=335595"}],"curies":[{"name":"wp","href":"https:\/\/api.w.org\/{rel}","templated":true}]}}