{"id":335638,"date":"2023-03-26T08:36:04","date_gmt":"2024-04-19T09:51:03","guid":{"rendered":"https:\/\/www.moskito.cz\/produkt\/coltello-chiudibile-cold-steel-gamma-boss-dal-verde\/"},"modified":"2025-05-07T11:12:43","modified_gmt":"2025-05-07T10:12:43","slug":"coltello-chiudibile-cold-steel-gamma-boss-dal-verde","status":"publish","type":"product","link":"https:\/\/www.moskito.cz\/it\/produkt\/coltello-chiudibile-cold-steel-gamma-boss-dal-verde\/","title":{"rendered":"Coltello Chiudibile Cold Steel GAMMA BOSS DAL VERDE"},"content":{"rendered":"<p>Coltello Chiudibile <strong>Cold Steel<\/strong> GAMMA BOSS DAL VERDE<\/p>\n<p>Che tu stia guidando un taxi a Manhattan o andando a cavallo nel Montana, siamo sicuri che apprezzerai il nostro Range Boss. Progettato per essere portato in tasca o in vita tutto il giorno, \u00e8 leggero e facile da trasportare. Non occupa molto spazio e pu\u00f2 essere portato in giro praticamente inosservato finch\u00e9 non lo si apre. La lama Range Boss \u00e8 piatta con un bordo sottile cos\u00ec affilato che ti stupir\u00e0. \u00c8 lavato per resistere alla ruggine e la sua versatilit\u00e0 lo rende un ottimo coltello per scuoiare, per non parlare della preparazione del cibo. L&#8217;impugnatura in nylon rinforzato con fibra di vetro \u00e8 strutturata con un motivo a punti per una buona presa e presenta il rinomato blocco Tri-Ad\u00ae per una resistenza superiore.<\/p>\n<p>Descrizione:<\/p>\n<p>Dimensioni complessive: 235 mm<br \/>\nLunghezza lama: 101 mm<br \/>\nSpessore lama: 3,5 mm<br \/>\nLunghezza impugnatura: 134 mm<br \/>\nMateriale acciaio:<br \/>\nAcciaio 4034SS<br \/>\nMateriale impugnatura: Zy-Ex lungo, verde<br \/>\nSicurezza: blocco Tri-Ad<br \/>\nPeso: 96 g<\/p>\n","protected":false},"excerpt":{"rendered":"<p><strong>Il Range Boss \u00e8 un coltello chiudibile con lama liscia e taglio piatto. \u00c8 un classico EDC, ovvero un coltello per l&#8217;uso quotidiano. Strumento di lavoro relativamente grande, ma piacevolmente leggero.<\/strong><\/p>\n","protected":false},"featured_media":335639,"comment_status":"open","ping_status":"closed","template":"","meta":[],"pwb-brand":[3791],"product_brand":[],"product_cat":[3745,3749],"product_tag":[],"class_list":{"0":"post-335638","1":"product","2":"type-product","3":"status-publish","4":"has-post-thumbnail","6":"pwb-brand-acciaio-freddo","7":"product_cat-coltelli","8":"product_cat-coltelli-di-chiusura","10":"first","11":"instock","12":"taxable","13":"shipping-taxable","14":"purchasable","15":"product-type-simple"},"brands":[{"id":3791,"name":"Acciaio freddo","slug":"acciaio-freddo"}],"_links":{"self":[{"href":"https:\/\/www.moskito.cz\/it\/wp-json\/wp\/v2\/product\/335638","targetHints":{"allow":["GET"]}}],"collection":[{"href":"https:\/\/www.moskito.cz\/it\/wp-json\/wp\/v2\/product"}],"about":[{"href":"https:\/\/www.moskito.cz\/it\/wp-json\/wp\/v2\/types\/product"}],"replies":[{"embeddable":true,"href":"https:\/\/www.moskito.cz\/it\/wp-json\/wp\/v2\/comments?post=335638"}],"wp:featuredmedia":[{"embeddable":true,"href":"https:\/\/www.moskito.cz\/it\/wp-json\/wp\/v2\/media\/335639"}],"wp:attachment":[{"href":"https:\/\/www.moskito.cz\/it\/wp-json\/wp\/v2\/media?parent=335638"}],"wp:term":[{"taxonomy":"pwb-brand","embeddable":true,"href":"https:\/\/www.moskito.cz\/it\/wp-json\/wp\/v2\/pwb-brand?post=335638"},{"taxonomy":"product_brand","embeddable":true,"href":"https:\/\/www.moskito.cz\/it\/wp-json\/wp\/v2\/product_brand?post=335638"},{"taxonomy":"product_cat","embeddable":true,"href":"https:\/\/www.moskito.cz\/it\/wp-json\/wp\/v2\/product_cat?post=335638"},{"taxonomy":"product_tag","embeddable":true,"href":"https:\/\/www.moskito.cz\/it\/wp-json\/wp\/v2\/product_tag?post=335638"}],"curies":[{"name":"wp","href":"https:\/\/api.w.org\/{rel}","templated":true}]}}