{"id":335680,"date":"2023-06-28T19:22:09","date_gmt":"2024-04-19T09:59:45","guid":{"rendered":"https:\/\/www.moskito.cz\/produkt\/coltello-pieghevole-spyderco-stretch-2xl-leggero-c258psbk\/"},"modified":"2026-02-12T17:25:23","modified_gmt":"2026-02-12T16:25:23","slug":"coltello-pieghevole-spyderco-stretch-2xl-leggero-c258psbk","status":"publish","type":"product","link":"https:\/\/www.moskito.cz\/it\/produkt\/coltello-pieghevole-spyderco-stretch-2xl-leggero-c258psbk\/","title":{"rendered":"Coltello pieghevole Spyderco Stretch 2XL leggero C258PSBK"},"content":{"rendered":"<p>Coltello pieghevole Spyderco Stretch 2XL leggero C258PSBK<\/p>\n<p>Stretch 2 XL Lightweight di Spyderco \u00e8 il capitolo successivo di una storia iniziata decenni fa. La sua lunga e ricca storia \u00e8 iniziata concentrandosi sulle esigenze dei cacciatori e degli amanti della vita all&#8217;aria aperta; ma il suo design ha continuato ad evolversi ben oltre quella gamma per diventare uno dei coltelli pieghevoli multiuso pi\u00f9 capaci della nostra gamma.<\/p>\n<p>Le radici di questa storia iniziano nel 1983, quando il cofondatore di Spyderco, Sal Glesser, cre\u00f2 il C03 Hunter. \u00c8 stato il primo coltello CLIPIT con lama a punta incassata, uno stile preferito da molti amanti della vita all&#8217;aria aperta per la lavorazione della selvaggina. Come tutti i primi modelli Spyderco, l&#8217;Hunter presentava una lama in acciaio inossidabile GIN-1, un&#8217;impugnatura rivettata in acciaio inossidabile, un robusto meccanismo di bloccaggio e una clip a posizione singola configurata per il trasporto con la punta verso il basso. Sono state prodotte sia la versione per destrimani che per mancini ed entrambe erano disponibili con paddle PlainEdge e SpyderEdge.<\/p>\n<p>Nel 1991, il design Hunter \u00e8 stato aggiornato per aggiungere un po&#8217; pi\u00f9 di &#8220;pancia&#8221; alla lama e incorporare inserti in Kraton nell&#8217;impugnatura e nella clip per fornire una presa pi\u00f9 sicura in condizioni di campo difficili. Queste modifiche originariamente crearono il C13 Pro-Hunter, ma poich\u00e9 questo nome era gi\u00e0 utilizzato da un&#8217;altra societ\u00e0, fu successivamente cambiato in ProVenator (venator significa &#8220;cacciatore&#8221; in latino). Per ridurre il peso del coltello e renderlo pi\u00f9 conveniente, nel 1994 \u00e8 stato creato il design ProVenator con un manico leggero in nylon rinforzato con fibra di vetro (FRN) con un inserto in Kraton e una clip integrale configurata per il trasporto pieghevole. Inizialmente, questo modello si chiamava ProVenator Lightweight, ma poich\u00e9 il termine &#8220;venator&#8221; non era molto conosciuto nel mercato mainstream, fu successivamente ribattezzato C33 ProGrip.<\/p>\n<p>Nel 1999, il C13 e il C33 furono combinati come C13 ProGrip, che continu\u00f2 ad essere disponibile con una scelta di impugnature in acciaio inossidabile o FRN. Durante i primi anni 2000, entrambe le versioni erano realizzate con diversi acciai per lame e offerte nelle configurazioni PlainEdge e CombinationEdge.<\/p>\n<p>Nel 2004, il ProGrip venne gradualmente eliminato e fu introdotto il primo modello Stretch. Come suggerisce il nome, questa era una versione &#8220;estesa&#8221; del design ProGrip. complessivamente pi\u00f9 grande del 17% e con una lama pi\u00f9 lunga del 24% rispetto al ProGrip, lo Stretch \u00e8 stato originariamente costruito con un manico in acciaio inossidabile, inserti a specchio Kraton su entrambi i lati, una clip da tasca a quattro posizioni e acciaio inossidabile VG-10. lama. Nel 2006 questa versione fu interrotta e un anno dopo sostituita da Stretch con scaglie in carbonio e lama ZDP-189 ad altissimo tenore di carbonio. A differenza dei modelli Hunter, Pro-Hunter, ProVenator e ProGrip, che avevano tutti lame cave, il raffinato design Stretch ha segnato anche il passaggio a una macinatura completamente piatta.<\/p>\n<p>Seguendo le orme dei suoi predecessori, il modello Stretch \u00e8 stato reso nel 2009 in una versione leggera pi\u00f9 economica con impugnatura FRN stampata ad iniezione, struttura bidirezionale ad alta presa, inserti scheletrati in acciaio inossidabile e clip da tasca a quattro posizioni. Lo Stretch Lightweight \u00e8 stato originariamente offerto con una lama in acciaio inossidabile VG-10, ma presto ha ispirato altre varianti, tra cui una con una lama ZDP-189 ad altissimo tenore di carbonio e un manico FRN British Racing Green.<\/p>\n<p>Nel 2015, Sal Glesser \u00e8 tornato al tavolo da disegno e ha ridisegnato lo Stretch per allungarne leggermente la presa, migliorare l&#8217;ergonomia e approfondire la capacit\u00e0 dell&#8217;indice. Insieme, questi sottili cambiamenti aumentano il controllo dell&#8217;utente sul coltello e lo rendono ancora pi\u00f9 adatto all&#8217;uso generale. Soprannominato Stretch 2, il design era originariamente offerto con inserti in acciaio inossidabile completamente scheletrati e guance rivestite in G-10, ed era anche ispirato a versioni leggere con lame realizzate sia in acciaio inossidabile standard che in acciaio per utensili ad alte prestazioni. Su alcune versioni di Stretch 2, anche la caratteristica lama a punta cadente \u00e8 stata sostituita con un profilo &#8220;a punta dritta&#8221; che riecheggia lo stile di design classico di Spyderco e supporta funzionalit\u00e0 pi\u00f9 avanzate e multiuso fornendo una punta pi\u00f9 affilata.<\/p>\n<p>Durante questo processo evolutivo, oltre alle numerose versioni della linea di prodotti principale sopra descritta, abbiamo anche prodotto un&#8217;ampia gamma di varianti, esclusive ed espressioni Sprint Run di questi modelli con diverse lame in acciaio, materiali del manico e altre caratteristiche uniche. .<\/p>\n<p>Stretch 2XL leggero<\/p>\n<p>Cosa succede quando allunghi qualcosa che \u00e8 gi\u00e0 stato allungato? Nel caso di Stretch 2 ottieni un&#8217;espressione &#8220;extra-large&#8221; dello stesso design collaudato &#8211; e molto altro ancora.<\/p>\n<p>Lo Stretch 2 XL Lightweight estende la lunghezza complessiva dello Stretch 2 dell&#8217;8%, racchiudendo il 13% in pi\u00f9 di lunghezza della lama nella lama in acciaio inossidabile VG-10 completamente rettificata. Il dorso dritto della lama si assottiglia verso una punta affilata e utilitaristica, conferendogli il caratteristico profilo &#8220;punto di clip modificato&#8221; di alcuni dei modelli pi\u00f9 iconici di Spyderco. L&#8217;apertura rotonda del marchio completamente accessibile consente un&#8217;apertura rapida e affidabile con una sola mano. Per consentire un migliore controllo durante il taglio di precisione, il design presenta una choil 50\/50 (scanalatura per le dita) che consente all&#8217;utente di &#8220;soffocare&#8221; e afferrare il coltello pi\u00f9 vicino alla lama. Sia il choil che la rampa opposta per il pollice sono dotati di jimping (scanalature strutturate) posizionati strategicamente per garantire un acquisto sicuro.<\/p>\n<p>Nonostante le sue dimensioni maggiori, lo Stretch 2 XL \u00e8 in realt\u00e0 il 29% pi\u00f9 leggero dello Stretch 2 Lightweight, facendo pendere la bilancia a soli 2,7 once (77 grammi). Raggiunge questa straordinaria qualit\u00e0 abbandonando gli inserti in acciaio inossidabile del suo predecessore e utilizzando un design senza rivestimento. Le sue bilance con impugnatura FRN stampate ad iniezione hanno una rete di nervature rinforzate sulle superfici interne per conferire loro una maggiore resistenza strutturale. Le superfici esterne presentano una trama bidirezionale per una presa sicura e antiscivolo anche nelle condizioni pi\u00f9 impegnative. Un robusto meccanismo di blocco blocca saldamente la lama durante l&#8217;uso e una clip da tasca a quattro posizioni completamente configurabile consente di scegliere tra sinistra o destra, rotazione o punta. Queste caratteristiche insieme al design completamente simmetrico del coltello<\/p>\n<p>Offre prestazioni di taglio estremamente elevate in un pacchetto ultraleggero. Questo straordinario coltello pieghevole, il culmine di un processo evolutivo durato quasi quattro decenni, \u00e8 una classe a s\u00e9 stante.<\/p>\n<p>Specifiche<br \/>\nLunghezza lama: 10 cm<br \/>\nLunghezza da chiuso: 12,6 cm<br \/>\nLunghezza totale: 22,5 cm<br \/>\nSpessore lama: 0,3 cm<br \/>\nMateriale lama: acciaio inossidabile VG10<br \/>\nStile lama: forma a foglia<br \/>\nAffilatura della lama: completamente piatta<br \/>\nTrattamento superficiale della lama: satinato<br \/>\nLama della lama: combinata<br \/>\nMateriale manico: FRN<br \/>\nColore manico: nero<br \/>\nMeccanismo di bloccaggio: Lockback<br \/>\n Clip da tasca: acciaio inossidabile (punta verso l&#8217;alto\/verso il basso, trasporto a destra\/sinistra)<br \/>\n Numero modello: C258PBK<br \/>\n Nome modello: Stretch 2XL leggero<br \/>\n Peso: 2,7 oz. (77 grammi)<br \/>\n Fatto in Giappone<\/p>\n","protected":false},"excerpt":{"rendered":"<p><strong>Stretch 2 XL Lightweight di Spyderco \u00e8 il capitolo successivo di una storia iniziata decenni fa. La sua lunga e ricca storia \u00e8 iniziata concentrandosi sulle esigenze dei cacciatori e degli amanti della vita all&#8217;aria aperta; ma il suo design ha continuato ad evolversi ben oltre quella gamma per diventare uno dei coltelli pieghevoli multiuso pi\u00f9 capaci della nostra gamma.<\/strong><\/p>\n","protected":false},"featured_media":335683,"comment_status":"open","ping_status":"closed","template":"","meta":[],"pwb-brand":[3774],"product_brand":[],"product_cat":[3749,3745],"product_tag":[3755],"class_list":{"0":"post-335680","1":"product","2":"type-product","3":"status-publish","4":"has-post-thumbnail","6":"pwb-brand-spyderco-it","7":"product_cat-coltelli-di-chiusura","8":"product_cat-coltelli","9":"product_tag-b2b-it","11":"first","12":"instock","13":"taxable","14":"shipping-taxable","15":"purchasable","16":"product-type-simple"},"brands":[{"id":3774,"name":"Spyderco","slug":"spyderco-it"}],"_links":{"self":[{"href":"https:\/\/www.moskito.cz\/it\/wp-json\/wp\/v2\/product\/335680","targetHints":{"allow":["GET"]}}],"collection":[{"href":"https:\/\/www.moskito.cz\/it\/wp-json\/wp\/v2\/product"}],"about":[{"href":"https:\/\/www.moskito.cz\/it\/wp-json\/wp\/v2\/types\/product"}],"replies":[{"embeddable":true,"href":"https:\/\/www.moskito.cz\/it\/wp-json\/wp\/v2\/comments?post=335680"}],"wp:featuredmedia":[{"embeddable":true,"href":"https:\/\/www.moskito.cz\/it\/wp-json\/wp\/v2\/media\/335683"}],"wp:attachment":[{"href":"https:\/\/www.moskito.cz\/it\/wp-json\/wp\/v2\/media?parent=335680"}],"wp:term":[{"taxonomy":"pwb-brand","embeddable":true,"href":"https:\/\/www.moskito.cz\/it\/wp-json\/wp\/v2\/pwb-brand?post=335680"},{"taxonomy":"product_brand","embeddable":true,"href":"https:\/\/www.moskito.cz\/it\/wp-json\/wp\/v2\/product_brand?post=335680"},{"taxonomy":"product_cat","embeddable":true,"href":"https:\/\/www.moskito.cz\/it\/wp-json\/wp\/v2\/product_cat?post=335680"},{"taxonomy":"product_tag","embeddable":true,"href":"https:\/\/www.moskito.cz\/it\/wp-json\/wp\/v2\/product_tag?post=335680"}],"curies":[{"name":"wp","href":"https:\/\/api.w.org\/{rel}","templated":true}]}}