{"id":335763,"date":"2022-11-07T21:01:36","date_gmt":"2024-04-19T12:01:22","guid":{"rendered":"https:\/\/www.moskito.cz\/produkt\/coltello-chiudibile-cold-steel-range-boss-flat-dark-earth\/"},"modified":"2025-05-07T11:12:52","modified_gmt":"2025-05-07T10:12:52","slug":"coltello-chiudibile-cold-steel-range-boss-flat-dark-earth","status":"publish","type":"product","link":"https:\/\/www.moskito.cz\/it\/produkt\/coltello-chiudibile-cold-steel-range-boss-flat-dark-earth\/","title":{"rendered":"Coltello Chiudibile Cold Steel RANGE BOSS FLAT DARK EARTH"},"content":{"rendered":"<p>Coltello Chiudibile <strong>Cold Steel<\/strong> RANGE BOSS FLAT DARK EARTH.<\/p>\n<p>Che tu stia guidando un taxi a Manhattan o andando a cavallo nel Montana, siamo sicuri che apprezzerai il nostro Range Boss. Progettato per essere portato in tasca o in vita tutto il giorno, \u00e8 leggero e facile da trasportare. Non occupa molto spazio e pu\u00f2 essere portato in giro praticamente inosservato finch\u00e9 non lo si apre. La lama Range Boss \u00e8 piatta con un bordo sottile cos\u00ec affilato che ti stupir\u00e0. \u00c8 lavato per resistere alla ruggine e la sua versatilit\u00e0 lo rende un ottimo coltello per scuoiare, per non parlare della preparazione del cibo. L&#8217;impugnatura in nylon rinforzato con fibra di vetro \u00e8 strutturata con un motivo a punti per una buona presa e presenta il famoso blocco Tri-Ad\u00ae per una resistenza superiore.<\/p>\n<p>&#8220;Amer\u00f2 sempre un coltello super sottile e ultraleggero con una lama lunga e una punta utile. Ecco perch\u00e9 il Range Boss sar\u00e0 uno dei miei coltelli quotidiani. Come l&#8217;Hold Out da 3&#8243;, \u00e8 abbastanza leggero da poter essere trasportato 24 ore su 24, 7 giorni su 7. nella tasca della camicia e, a differenza dell&#8217;Hold Out, ha una clip pi\u00f9 versatile che personalmente ho trovato molto adatta per vestire sul campo e scuoiare anche cinghiali di grandi dimensioni fino a 250 libbre. Usa la natura per la fattoria o il negozio e aiuta il nuovo ladro nella giungla urbana. Ha un prezzo molto ragionevole e penso che offra un valore eccezionale, soprattutto se si considera che viene fornito con il famoso lucchetto Tri-AD di Cold Steel!!!&#8221; &#8211; Lynn Thompson<\/p>\n<p>PARAMETRI DEL PRODOTTO<br \/>\nPeso: 96 g<br \/>\nTipo di blocco: Tri-Ad Lock<br \/>\nLunghezza lama: 101 mm<br \/>\nMateriale cassa: clip in acciaio<br \/>\nLunghezza impugnatura: 134 mm<br \/>\nDimensioni complessive: 235 mm<br \/>\nAcciaio: acciaio 4034SS<br \/>\nSpessore lama: 3,5 mm<br \/>\nMateriale manico: Zy-Ex\u2122 lungo<br \/>\nColore: marrone<\/p>\n","protected":false},"excerpt":{"rendered":"<p>Il Range Boss \u00e8 un coltello chiudibile con lama liscia e taglio piatto.<\/p>\n","protected":false},"featured_media":335764,"comment_status":"open","ping_status":"closed","template":"","meta":[],"pwb-brand":[3791],"product_brand":[],"product_cat":[3745,3749],"product_tag":[],"class_list":{"0":"post-335763","1":"product","2":"type-product","3":"status-publish","4":"has-post-thumbnail","6":"pwb-brand-acciaio-freddo","7":"product_cat-coltelli","8":"product_cat-coltelli-di-chiusura","10":"first","11":"outofstock","12":"taxable","13":"shipping-taxable","14":"purchasable","15":"product-type-simple"},"brands":[{"id":3791,"name":"Acciaio freddo","slug":"acciaio-freddo"}],"_links":{"self":[{"href":"https:\/\/www.moskito.cz\/it\/wp-json\/wp\/v2\/product\/335763","targetHints":{"allow":["GET"]}}],"collection":[{"href":"https:\/\/www.moskito.cz\/it\/wp-json\/wp\/v2\/product"}],"about":[{"href":"https:\/\/www.moskito.cz\/it\/wp-json\/wp\/v2\/types\/product"}],"replies":[{"embeddable":true,"href":"https:\/\/www.moskito.cz\/it\/wp-json\/wp\/v2\/comments?post=335763"}],"wp:featuredmedia":[{"embeddable":true,"href":"https:\/\/www.moskito.cz\/it\/wp-json\/wp\/v2\/media\/335764"}],"wp:attachment":[{"href":"https:\/\/www.moskito.cz\/it\/wp-json\/wp\/v2\/media?parent=335763"}],"wp:term":[{"taxonomy":"pwb-brand","embeddable":true,"href":"https:\/\/www.moskito.cz\/it\/wp-json\/wp\/v2\/pwb-brand?post=335763"},{"taxonomy":"product_brand","embeddable":true,"href":"https:\/\/www.moskito.cz\/it\/wp-json\/wp\/v2\/product_brand?post=335763"},{"taxonomy":"product_cat","embeddable":true,"href":"https:\/\/www.moskito.cz\/it\/wp-json\/wp\/v2\/product_cat?post=335763"},{"taxonomy":"product_tag","embeddable":true,"href":"https:\/\/www.moskito.cz\/it\/wp-json\/wp\/v2\/product_tag?post=335763"}],"curies":[{"name":"wp","href":"https:\/\/api.w.org\/{rel}","templated":true}]}}