{"id":335784,"date":"2022-10-31T21:11:32","date_gmt":"2024-04-19T12:04:35","guid":{"rendered":"https:\/\/www.moskito.cz\/produkt\/coltello-chiudibile-cold-steel-voyager-xl-tanto-point-bordo-seghettato-aus10a\/"},"modified":"2025-12-25T18:54:14","modified_gmt":"2025-12-25T17:54:14","slug":"coltello-chiudibile-cold-steel-voyager-xl-tanto-point-bordo-seghettato-aus10a","status":"publish","type":"product","link":"https:\/\/www.moskito.cz\/it\/produkt\/coltello-chiudibile-cold-steel-voyager-xl-tanto-point-bordo-seghettato-aus10a\/","title":{"rendered":"Coltello Chiudibile Cold Steel VOYAGER XL TANTO POINT &#8211; BORDO SEGHETTATO (AUS10A)"},"content":{"rendered":"<p>Coltello Chiudibile Cold Steel VOYAGER XL TANTO POINT &#8211; BORDO SEGHETTATO (AUS10A)<\/p>\n<p>La serie Cold Steel Voyager \u00e8 pensata per essere un vero coltello alla portata di tutti. Leggeri, comodi e super affilati, sono robusti, affidabili e perfetti per la caccia e il campeggio, nonch\u00e9 per l&#8217;uso generale e il taglio quotidiano. I Voyager eccellono in molte applicazioni di sopravvivenza e salvataggio e si sono rivelati apprezzati dalle forze dell&#8217;ordine e dal personale militare che apprezzano la combinazione di prestazioni di taglio e sicurezza che offrono. Ogni coltello della nostra vasta serie Voyager \u00e8 progettato con precisione secondo i nostri standard pi\u00f9 elevati. La gamma Voyager \u00e8 dotata di lame in lega giapponese AUS10A e del nostro meccanismo di bloccaggio Tri-Ad: probabilmente il lucchetto pi\u00f9 sicuro, protetto e resistente agli urti oggi sul mercato! Le impugnature ergonomiche Griv-Ex di Voyager (rinforzate con inserti in alluminio 6061 trattato termicamente) offrono un comfort eccellente e una presa sicura anche durante l&#8217;uso prolungato in condizioni impegnative. Il Voyager \u00e8 disponibile in due misure e con numerose configurazioni di lama e bordo, quindi ce n&#8217;\u00e8 per tutti i gusti.<\/p>\n<p>PARAMETRI DEL PRODOTTO<\/p>\n<p>Acciaio: acciaio inossidabile giapponese AUS 10A<br \/>\nTipo di blocco: Tri-Ad Lock<br \/>\nPeso: 219,29 grammi<br \/>\nMateriale manico: Griv-Ex lungo<br \/>\nColore: Nero\/Argento<br \/>\nMateriale della fondina: tasca ambidestra\/clip da cintura<br \/>\nSpessore lama: 4 mm<br \/>\nLunghezza impugnatura: 169 mm<br \/>\nDimensioni complessive: 304 mm<br \/>\nLunghezza lama: 135 mm<\/p>\n<p>&nbsp;<\/p>\n","protected":false},"excerpt":{"rendered":"<p>La serie Cold Steel Voyager \u00e8 pensata per essere un vero coltello alla portata di tutti.<\/p>\n","protected":false},"featured_media":335785,"comment_status":"open","ping_status":"closed","template":"","meta":[],"pwb-brand":[3791],"product_brand":[],"product_cat":[3745,3749],"product_tag":[],"class_list":{"0":"post-335784","1":"product","2":"type-product","3":"status-publish","4":"has-post-thumbnail","6":"pwb-brand-acciaio-freddo","7":"product_cat-coltelli","8":"product_cat-coltelli-di-chiusura","10":"first","11":"instock","12":"taxable","13":"shipping-taxable","14":"purchasable","15":"product-type-simple"},"brands":[{"id":3791,"name":"Acciaio freddo","slug":"acciaio-freddo"}],"_links":{"self":[{"href":"https:\/\/www.moskito.cz\/it\/wp-json\/wp\/v2\/product\/335784","targetHints":{"allow":["GET"]}}],"collection":[{"href":"https:\/\/www.moskito.cz\/it\/wp-json\/wp\/v2\/product"}],"about":[{"href":"https:\/\/www.moskito.cz\/it\/wp-json\/wp\/v2\/types\/product"}],"replies":[{"embeddable":true,"href":"https:\/\/www.moskito.cz\/it\/wp-json\/wp\/v2\/comments?post=335784"}],"wp:featuredmedia":[{"embeddable":true,"href":"https:\/\/www.moskito.cz\/it\/wp-json\/wp\/v2\/media\/335785"}],"wp:attachment":[{"href":"https:\/\/www.moskito.cz\/it\/wp-json\/wp\/v2\/media?parent=335784"}],"wp:term":[{"taxonomy":"pwb-brand","embeddable":true,"href":"https:\/\/www.moskito.cz\/it\/wp-json\/wp\/v2\/pwb-brand?post=335784"},{"taxonomy":"product_brand","embeddable":true,"href":"https:\/\/www.moskito.cz\/it\/wp-json\/wp\/v2\/product_brand?post=335784"},{"taxonomy":"product_cat","embeddable":true,"href":"https:\/\/www.moskito.cz\/it\/wp-json\/wp\/v2\/product_cat?post=335784"},{"taxonomy":"product_tag","embeddable":true,"href":"https:\/\/www.moskito.cz\/it\/wp-json\/wp\/v2\/product_tag?post=335784"}],"curies":[{"name":"wp","href":"https:\/\/api.w.org\/{rel}","templated":true}]}}