{"id":335808,"date":"2022-04-17T20:25:08","date_gmt":"2024-04-19T12:12:57","guid":{"rendered":"https:\/\/www.moskito.cz\/produkt\/coltello-solido-acciaio-freddo-tai-pan-cpm-3v\/"},"modified":"2025-05-07T11:12:56","modified_gmt":"2025-05-07T10:12:56","slug":"coltello-solido-acciaio-freddo-tai-pan-cpm-3v","status":"publish","type":"product","link":"https:\/\/www.moskito.cz\/it\/produkt\/coltello-solido-acciaio-freddo-tai-pan-cpm-3v\/","title":{"rendered":"Coltello Solido Acciaio Freddo TAI PAN (CPM 3V)"},"content":{"rendered":"<p>Coltello Solido <strong>Acciaio Freddo<\/strong> TAI PAN (CPM 3V)<\/p>\n<p>Come il suo omonimo serpente, il Tai Pan\u00ae \u00e8 aggressivamente veloce e mortale. Progettato da Lynn C. Thompson nel caratteristico stile &#8220;Tanto&#8221;, il Tai Pan\u00ae incarna tutte le migliori qualit\u00e0 del classico pugnale minimizzandone i difetti. La maggior parte dei pugnali \u00e8 nota per avere punte sottili e fragili che si rompono facilmente. Al contrario, il Tai Pan\u00ae ha una punta di lancia robusta, ampia e abbastanza forte da resistere alla rottura senza compromettere la sua capacit\u00e0 di offrire una penetrazione facile e profonda.<\/p>\n<p>PARAMETRI DEL PRODOTTO<br \/>\nDimensioni complessive: 330,2 mm<br \/>\nLunghezza lama: 190,5 mm<br \/>\nMateriale manico: Kray-Ex\u2122 lungo<br \/>\nSpessore lama: 5 mm<br \/>\nPeso: 306,1 grammi<br \/>\nLunghezza impugnatura: 140 mm<br \/>\nColore: Nero\/Argento<br \/>\nAcciaio: US CPM 3-V ad alto tenore di carbonio<br \/>\nMateriale della guaina: Guaina Secure-Ex\u00ae<\/p>\n<p>Come il suo omonimo serpente, il Tai Pan\u00ae \u00e8 aggressivamente veloce e mortale. Progettato da Lynn C. Thompson nel caratteristico stile &#8220;Tanto&#8221;, il Tai Pan\u00ae incarna tutte le migliori caratteristiche di un classico pugnale riducendo al minimo i suoi difetti. La maggior parte dei pugnali sono noti per avere punte sottili e fragili che si rompono facilmente. Al contrario, il Tai Pan\u00ae \u00e8 dotato di una robusta punta di lancia che \u00e8 larga e abbastanza spessa da resistere alla rottura senza compromettere la sua capacit\u00e0 di offrire una penetrazione profonda e senza sforzo.<\/p>\n<p>Peso: 10,8 once Spessore lama: 5 mm Lunghezza lama: 7-1\/2&#8243; Acciaio lama: CPM 3V Lunghezza\/materiale impugnatura: 5-1\/2&#8243; Kray-Ex\u2122 Lunghezza totale: 9-1\/2&#8243; Caratteristiche aggiuntive: Sicuro -Tipo di coltello con fodero Ex\u00ae: Intervallo di lunghezza lama fissa: 5+ in acciaio Famiglia: CPM Forma lama: Punta a lancia<\/p>\n","protected":false},"excerpt":{"rendered":"<p><strong>COLD STEEL<\/strong> 3V Tai Pan \u00e8 un solido pugnale con lama affilata a doppia faccia. Viene fornito con una custodia Secure-Ex\u00ae.<\/p>\n","protected":false},"featured_media":335809,"comment_status":"open","ping_status":"closed","template":"","meta":[],"pwb-brand":[3791],"product_brand":[],"product_cat":[3745,3746],"product_tag":[3755],"class_list":{"0":"post-335808","1":"product","2":"type-product","3":"status-publish","4":"has-post-thumbnail","6":"pwb-brand-acciaio-freddo","7":"product_cat-coltelli","8":"product_cat-coltelli-solidi","9":"product_tag-b2b-it","11":"first","12":"instock","13":"taxable","14":"shipping-taxable","15":"purchasable","16":"product-type-simple"},"brands":[{"id":3791,"name":"Acciaio freddo","slug":"acciaio-freddo"}],"_links":{"self":[{"href":"https:\/\/www.moskito.cz\/it\/wp-json\/wp\/v2\/product\/335808","targetHints":{"allow":["GET"]}}],"collection":[{"href":"https:\/\/www.moskito.cz\/it\/wp-json\/wp\/v2\/product"}],"about":[{"href":"https:\/\/www.moskito.cz\/it\/wp-json\/wp\/v2\/types\/product"}],"replies":[{"embeddable":true,"href":"https:\/\/www.moskito.cz\/it\/wp-json\/wp\/v2\/comments?post=335808"}],"wp:featuredmedia":[{"embeddable":true,"href":"https:\/\/www.moskito.cz\/it\/wp-json\/wp\/v2\/media\/335809"}],"wp:attachment":[{"href":"https:\/\/www.moskito.cz\/it\/wp-json\/wp\/v2\/media?parent=335808"}],"wp:term":[{"taxonomy":"pwb-brand","embeddable":true,"href":"https:\/\/www.moskito.cz\/it\/wp-json\/wp\/v2\/pwb-brand?post=335808"},{"taxonomy":"product_brand","embeddable":true,"href":"https:\/\/www.moskito.cz\/it\/wp-json\/wp\/v2\/product_brand?post=335808"},{"taxonomy":"product_cat","embeddable":true,"href":"https:\/\/www.moskito.cz\/it\/wp-json\/wp\/v2\/product_cat?post=335808"},{"taxonomy":"product_tag","embeddable":true,"href":"https:\/\/www.moskito.cz\/it\/wp-json\/wp\/v2\/product_tag?post=335808"}],"curies":[{"name":"wp","href":"https:\/\/api.w.org\/{rel}","templated":true}]}}