{"id":335837,"date":"2022-04-19T22:10:21","date_gmt":"2022-04-19T21:10:21","guid":{"rendered":"https:\/\/www.moskito.cz\/produkt\/coltello-per-vespa-forgiato-a-goccia-in-acciaio-solido-a-freddo\/"},"modified":"2025-05-07T11:12:58","modified_gmt":"2025-05-07T10:12:58","slug":"coltello-per-vespa-forgiato-a-goccia-in-acciaio-solido-a-freddo","status":"publish","type":"product","link":"https:\/\/www.moskito.cz\/it\/produkt\/coltello-per-vespa-forgiato-a-goccia-in-acciaio-solido-a-freddo\/","title":{"rendered":"Coltello per vespa forgiato a goccia in acciaio solido a freddo"},"content":{"rendered":"<p>Coltello per vespa forgiato a goccia <strong>in acciaio solido a freddo<\/strong> .<\/p>\n<p>\u00c8 una vera sfida realizzare un coltello a doppio taglio abbastanza forte e durevole da soddisfare i nostri standard, ma il nostro nuovo Drop Forged Wasp ha superato tutte le nostre aspettative. Puoi vedere che niente si rompe, si allenta o si consuma! La sua costruzione monolitica rende lama, guardia e punta un pezzo inseparabile! Solo i pesi delle maniglie sono &#8220;accessori&#8221; e possono essere sostituiti velocemente e facilmente nell&#8217;improbabile caso in cui si rompano o si usurino. Perfettamente bilanciato con una punta ferma ma affilata e un vitino da vespa che taglia avanti e indietro. Il Wasp \u00e8 un coltello terribilmente efficace che \u00e8 praticamente a prova di bomba! Viene fornito con una fantastica custodia Secure-Ex. \u00c8 abbastanza leggero da poter essere indossato tutto il giorno e, con una manutenzione ragionevole, durer\u00e0 sicuramente tutta la vita.<\/p>\n<p>PARAMETRI DEL PRODOTTO<br \/>\nMateriale manico: lungo<br \/>\nLunghezza lama: 171 mm<br \/>\nLunghezza impugnatura: 140 mm<br \/>\nDimensioni complessive: 311 mm<br \/>\nPeso: 238 g<br \/>\nAcciaio: 52100 ad alto tenore di carbonio<br \/>\nSpessore lama: 7 mm<br \/>\nColore grigio<\/p>\n<p>\u00c8 una vera sfida realizzare un coltello a doppio taglio abbastanza forte e resistente da soddisfare i nostri standard, ma il nostro nuovo Drop Forged Wasp ha superato tutte le nostre aspettative. Vedi, non c&#8217;\u00e8 niente che si rompa, si allenti o si consumi! La sua costruzione monolitica rende lama, guardia e codolo un pezzo inseparabile! Solo le scale della maniglia sono un &#8220;accessorio aggiuntivo&#8221; e possono essere sostituite rapidamente e facilmente nell&#8217;improbabile caso in cui si rompano o si usurino. Perfettamente bilanciato con una punta robusta ma affilata e un vitino a vita di vespa in modo da tagliare avanti e indietro. Il Wasp \u00e8 un coltello spaventosamente efficace, praticamente a prova di bomba! Consegnato con una fantastica guaina Secure-Ex. \u00c8 abbastanza leggero da poter essere trasportato tutto il giorno e durer\u00e0 sicuramente una vita se viene fornita una ragionevole quantit\u00e0 di manutenzione.<\/p>\n<p>Peso: 8,4 once Spessore lama: 7 mm Lunghezza lama: 6-3\/4&#8243; Acciaio lama: forgiato a goccia 52100 ad alto contenuto di carbonio Lunghezza impugnatura\/materiale: 5-1\/2&#8243; Lunghezza totale: 12-1\/4&#8243; Caratteristiche aggiuntive: Sicuro- Tipo di coltello con fodero Ex\u00ae: Gamma di lunghezze della lama fissa: 5+ in acciaio Famiglia: Acciai ad alto tenore di carbonio Forma della lama: Punta di lancia Famiglia di prodotti: Forgiato a stampo<\/p>\n","protected":false},"excerpt":{"rendered":"<p>Un lungo pugnale offensivo con lama a doppio taglio. I pugnali con una lama lunga divennero pi\u00f9 famosi durante il II secolo. Seconda Guerra Mondiale, quando erano in servizio con i Commandos britannici.<\/p>\n","protected":false},"featured_media":335838,"comment_status":"open","ping_status":"closed","template":"","meta":[],"pwb-brand":[3791],"product_brand":[],"product_cat":[3746,3745],"product_tag":[],"class_list":{"0":"post-335837","1":"product","2":"type-product","3":"status-publish","4":"has-post-thumbnail","6":"pwb-brand-acciaio-freddo","7":"product_cat-coltelli-solidi","8":"product_cat-coltelli","10":"first","11":"outofstock","12":"taxable","13":"shipping-taxable","14":"purchasable","15":"product-type-simple"},"brands":[{"id":3791,"name":"Acciaio freddo","slug":"acciaio-freddo"}],"_links":{"self":[{"href":"https:\/\/www.moskito.cz\/it\/wp-json\/wp\/v2\/product\/335837","targetHints":{"allow":["GET"]}}],"collection":[{"href":"https:\/\/www.moskito.cz\/it\/wp-json\/wp\/v2\/product"}],"about":[{"href":"https:\/\/www.moskito.cz\/it\/wp-json\/wp\/v2\/types\/product"}],"replies":[{"embeddable":true,"href":"https:\/\/www.moskito.cz\/it\/wp-json\/wp\/v2\/comments?post=335837"}],"wp:featuredmedia":[{"embeddable":true,"href":"https:\/\/www.moskito.cz\/it\/wp-json\/wp\/v2\/media\/335838"}],"wp:attachment":[{"href":"https:\/\/www.moskito.cz\/it\/wp-json\/wp\/v2\/media?parent=335837"}],"wp:term":[{"taxonomy":"pwb-brand","embeddable":true,"href":"https:\/\/www.moskito.cz\/it\/wp-json\/wp\/v2\/pwb-brand?post=335837"},{"taxonomy":"product_brand","embeddable":true,"href":"https:\/\/www.moskito.cz\/it\/wp-json\/wp\/v2\/product_brand?post=335837"},{"taxonomy":"product_cat","embeddable":true,"href":"https:\/\/www.moskito.cz\/it\/wp-json\/wp\/v2\/product_cat?post=335837"},{"taxonomy":"product_tag","embeddable":true,"href":"https:\/\/www.moskito.cz\/it\/wp-json\/wp\/v2\/product_tag?post=335837"}],"curies":[{"name":"wp","href":"https:\/\/api.w.org\/{rel}","templated":true}]}}