{"id":335852,"date":"2022-11-04T20:09:14","date_gmt":"2024-04-19T12:21:46","guid":{"rendered":"https:\/\/www.moskito.cz\/produkt\/coltello-fisso-cold-steel-magnum-warcraft-tanto-4034\/"},"modified":"2025-05-07T11:13:00","modified_gmt":"2025-05-07T10:13:00","slug":"coltello-fisso-cold-steel-magnum-warcraft-tanto-4034","status":"publish","type":"product","link":"https:\/\/www.moskito.cz\/it\/produkt\/coltello-fisso-cold-steel-magnum-warcraft-tanto-4034\/","title":{"rendered":"Coltello Fisso Cold Steel MAGNUM WARCRAFT TANTO (4034)"},"content":{"rendered":"<p>Coltello Fisso <strong>Cold Steel<\/strong> MAGNUM WARCRAFT TANTO (4034)<\/p>\n<p>La linea di prodotti Warcraft Tanto \u00e8 intesa come una versione moderna di un coltello militare per le forze armate. La lama di 5 mm di spessore con una robusta costruzione full tang che percorre tutto il manico sagomato conferiscono al coltello propriet\u00e0 eccezionali. Il coltello si tiene perfettamente in mano e il suo peso maggiore enfatizza la tecnica durante i tagli. Ciascuno dei nostri coltelli Warcraft Tanto \u00e8 realizzato in acciaio inossidabile giapponese 4034. Questo acciaio inossidabile ha propriet\u00e0 paragonabili a AUS8A o 440C. Il materiale della maniglia GNF \u00e8 nylon, laminato con fibra di vetro. Il coltello \u00e8 disponibile in tre misure. Il Warcraft Tanto viene fornito con una custodia rigida realizzata in materiale Secure-Ex\u00ae Sheath.<\/p>\n<p>PARAMETRI DEL PRODOTTO<br \/>\nPeso: 510 g<br \/>\nLunghezza lama: 305 mm<br \/>\nMateriale della guaina: guaina Secure-Ex\u00ae<br \/>\nAcciaio: acciaio 4034SS<br \/>\nColore: argento<br \/>\nSpessore lama: 5 mm<br \/>\nLunghezza impugnatura: 127 mm<br \/>\nDimensioni complessive: 431,8 mm<br \/>\nMateriale manico: GFN<\/p>\n","protected":false},"excerpt":{"rendered":"<p>Il coltello a lama fissa Magnum Warcraft Tanto \u00e8, grazie alla sua lunghezza e forma della lama, nonch\u00e9 al manico sagomato, predestinato alle tecniche di taglio.<\/p>\n","protected":false},"featured_media":335853,"comment_status":"open","ping_status":"closed","template":"","meta":[],"pwb-brand":[3791],"product_brand":[],"product_cat":[3745,3746],"product_tag":[],"class_list":{"0":"post-335852","1":"product","2":"type-product","3":"status-publish","4":"has-post-thumbnail","6":"pwb-brand-acciaio-freddo","7":"product_cat-coltelli","8":"product_cat-coltelli-solidi","10":"first","11":"instock","12":"taxable","13":"shipping-taxable","14":"purchasable","15":"product-type-simple"},"brands":[{"id":3791,"name":"Acciaio freddo","slug":"acciaio-freddo"}],"_links":{"self":[{"href":"https:\/\/www.moskito.cz\/it\/wp-json\/wp\/v2\/product\/335852","targetHints":{"allow":["GET"]}}],"collection":[{"href":"https:\/\/www.moskito.cz\/it\/wp-json\/wp\/v2\/product"}],"about":[{"href":"https:\/\/www.moskito.cz\/it\/wp-json\/wp\/v2\/types\/product"}],"replies":[{"embeddable":true,"href":"https:\/\/www.moskito.cz\/it\/wp-json\/wp\/v2\/comments?post=335852"}],"wp:featuredmedia":[{"embeddable":true,"href":"https:\/\/www.moskito.cz\/it\/wp-json\/wp\/v2\/media\/335853"}],"wp:attachment":[{"href":"https:\/\/www.moskito.cz\/it\/wp-json\/wp\/v2\/media?parent=335852"}],"wp:term":[{"taxonomy":"pwb-brand","embeddable":true,"href":"https:\/\/www.moskito.cz\/it\/wp-json\/wp\/v2\/pwb-brand?post=335852"},{"taxonomy":"product_brand","embeddable":true,"href":"https:\/\/www.moskito.cz\/it\/wp-json\/wp\/v2\/product_brand?post=335852"},{"taxonomy":"product_cat","embeddable":true,"href":"https:\/\/www.moskito.cz\/it\/wp-json\/wp\/v2\/product_cat?post=335852"},{"taxonomy":"product_tag","embeddable":true,"href":"https:\/\/www.moskito.cz\/it\/wp-json\/wp\/v2\/product_tag?post=335852"}],"curies":[{"name":"wp","href":"https:\/\/api.w.org\/{rel}","templated":true}]}}