{"id":335877,"date":"2021-07-21T14:34:42","date_gmt":"2024-04-19T12:32:23","guid":{"rendered":"https:\/\/www.moskito.cz\/produkt\/coltello-solido-acciaio-freddo-master-hunter-vg-1-san-mai-iii\/"},"modified":"2025-05-07T11:13:01","modified_gmt":"2025-05-07T10:13:01","slug":"coltello-solido-acciaio-freddo-master-hunter-vg-1-san-mai-iii","status":"publish","type":"product","link":"https:\/\/www.moskito.cz\/it\/produkt\/coltello-solido-acciaio-freddo-master-hunter-vg-1-san-mai-iii\/","title":{"rendered":"Coltello Solido Acciaio Freddo MASTER HUNTER VG-1 SAN MAI III"},"content":{"rendered":"<p>Coltello Solido <strong>Acciaio Freddo<\/strong> MASTER HUNTER VG-1 SAN MAI III.<\/p>\n<p>Il Master Hunter \u00e8 senza dubbio uno dei migliori coltelli da caccia che abbiamo mai realizzato. Disponibile con lame in acciaio giapponese VG-1 San Mai III o in acciaio americano CPM 3-V ad alto tenore di carbonio, ha una lama ampia e piatta per ottenere la sezione trasversale della lama e la geometria del bordo ideali per la caccia. La sua lama \u00e8 accuratamente sintonizzata per la nitidezza del rasoio. La parte posteriore della lama \u00e8 larga 3\/16 di pollice per fornire la resistenza e la rigidit\u00e0 necessarie per abbattere gli animali pi\u00f9 grandi. L&#8217;impugnatura \u00e8 appositamente progettata per supportare un uso prolungato senza fatica. Realizzato in Kray-Ex ammortizzante e altamente tattile, offrir\u00e0 un acquisto sicuro, non importa quanto siano bagnate o insanguinate le tue mani. in una spessa custodia Conceal-Ex che pu\u00f2 ospitare cinture di quasi tutte le dimensioni e ti consente di indossarla tutto il giorno senza fatica.<\/p>\n<p>Lunghezza totale: 23,5 cm<br \/>\nLunghezza lama: 11,43 cm<br \/>\nSpessore lama: 5 mm<br \/>\nPeso: 170,1 grammi<br \/>\nMateriale lama: VG-1 San Mai III\u00ae<br \/>\nMateriale dell&#8217;impugnatura: Kray-Ex\u2122<br \/>\nCustodia: Secure-Ex\u00ae<\/p>\n<p><strong>Cold Steel<\/strong> \u00e8 un&#8217;azienda impegnata nella produzione dei coltelli pi\u00f9 resistenti e affilati al mondo. Negli ultimi tre decenni, Cold Steel \u00e8 stata in prima linea in molte innovazioni che hanno contribuito a definire l&#8217;industria dei coltelli. I successi successivi, inclusa l&#8217;introduzione dei manici a quadri Kraton\u00ae e degli stili di lame a punta tanto, sono passati da caratteristiche curiose a marchi industriali di qualit\u00e0 e raffinatezza. La nuova direzione \u00e8 stata interrotta anche con l&#8217;introduzione di nuove lame in acciaio uniche come San Mai III\u00ae e Tri-Ad \u2122 Lock e meccanismo di bloccaggio per coltelli pieghevoli. Ad esempio, il Tri-Ad \u2122 Lock non \u00e8 mai stato eguagliato da nessuno dei concorrenti di Cold Steel e non \u00e8 stato dimostrato che superi in prestazioni qualsiasi cosa abbiano prodotto fino ad oggi. Naturalmente, Cold Steel guarder\u00e0 sempre al futuro e si impegner\u00e0 costantemente a produrre i coltelli pi\u00f9 resistenti e affilati al mondo. Questo obiettivo, altrettanto sfuggente e difficile da raggiungere, \u00e8 lo stesso da quarant\u2019anni. Cold Steel Inc. \u00e8 un&#8217;azienda focalizzata sulla produzione dei coltelli, delle spade, dei tomahawk, dei machete, delle posate e degli strumenti pi\u00f9 resistenti e affilati per il trasporto quotidiano: EDC. Rapidamente adottato dai militari, dalle forze speciali delle forze dell&#8217;ordine, dai soccorritori, dai professionisti dell&#8217;autodifesa e dai membri della comunit\u00e0 delle arti marziali, Cold Steel si \u00e8 rapidamente fatto un nome per qualit\u00e0, forza, affidabilit\u00e0 e affidabilit\u00e0 nel trasporto quotidiano (EDC) . La nostra gamma diversificata e variegata \u00e8 cresciuta rapidamente fino a includere non solo una vasta selezione di coltelli pieghevoli (dalle lame pi\u00f9 piccole &#8220;EDC&#8221; ai nostri iconici &#8220;mega-cartella&#8221; giganti) ma anche lame fisse, spade, sciabole, bastoni e alabarde, come oltre a provviste da caccia, lance, fucili, asce, machete, tomahawk e strumenti! Nel corso dei decenni, Cold Steel ha introdotto nuovi materiali e design pionieristici che hanno contribuito a plasmare il mondo dei coltelli, delle armi da taglio e degli strumenti moderni. Dall&#8217;introduzione delle impugnature a scacchi Kraton\u00ae e della lama Tanto &#8220;americanizzata&#8221;, all&#8217;inclusione di nuovi acciai per lame innovativi come San Mai III\u00ae e meccanismi di bloccaggio rivoluzionari (come il nostro Tri-Ad \u2122 Lock). Guardando al futuro, Cold Steel continua a portare sul mercato nuovi livelli di resistenza, sicurezza e prestazioni, fornendo prodotti comprovati su cui puoi fare affidamento, sempre e ovunque!<\/p>\n<p>&nbsp;<\/p>\n","protected":false},"excerpt":{"rendered":"<p>Coltello fisso con fodero.<\/p>\n","protected":false},"featured_media":335878,"comment_status":"open","ping_status":"closed","template":"","meta":[],"pwb-brand":[3791],"product_brand":[],"product_cat":[3745,3746],"product_tag":[],"class_list":{"0":"post-335877","1":"product","2":"type-product","3":"status-publish","4":"has-post-thumbnail","6":"pwb-brand-acciaio-freddo","7":"product_cat-coltelli","8":"product_cat-coltelli-solidi","10":"first","11":"instock","12":"taxable","13":"shipping-taxable","14":"purchasable","15":"product-type-simple"},"brands":[{"id":3791,"name":"Acciaio freddo","slug":"acciaio-freddo"}],"_links":{"self":[{"href":"https:\/\/www.moskito.cz\/it\/wp-json\/wp\/v2\/product\/335877","targetHints":{"allow":["GET"]}}],"collection":[{"href":"https:\/\/www.moskito.cz\/it\/wp-json\/wp\/v2\/product"}],"about":[{"href":"https:\/\/www.moskito.cz\/it\/wp-json\/wp\/v2\/types\/product"}],"replies":[{"embeddable":true,"href":"https:\/\/www.moskito.cz\/it\/wp-json\/wp\/v2\/comments?post=335877"}],"wp:featuredmedia":[{"embeddable":true,"href":"https:\/\/www.moskito.cz\/it\/wp-json\/wp\/v2\/media\/335878"}],"wp:attachment":[{"href":"https:\/\/www.moskito.cz\/it\/wp-json\/wp\/v2\/media?parent=335877"}],"wp:term":[{"taxonomy":"pwb-brand","embeddable":true,"href":"https:\/\/www.moskito.cz\/it\/wp-json\/wp\/v2\/pwb-brand?post=335877"},{"taxonomy":"product_brand","embeddable":true,"href":"https:\/\/www.moskito.cz\/it\/wp-json\/wp\/v2\/product_brand?post=335877"},{"taxonomy":"product_cat","embeddable":true,"href":"https:\/\/www.moskito.cz\/it\/wp-json\/wp\/v2\/product_cat?post=335877"},{"taxonomy":"product_tag","embeddable":true,"href":"https:\/\/www.moskito.cz\/it\/wp-json\/wp\/v2\/product_tag?post=335877"}],"curies":[{"name":"wp","href":"https:\/\/api.w.org\/{rel}","templated":true}]}}