{"id":335885,"date":"2021-07-21T13:30:53","date_gmt":"2021-07-21T12:30:53","guid":{"rendered":"https:\/\/www.moskito.cz\/produkt\/coltello-fisso-cold-steel-magnum-tanto-ii-san-mai\/"},"modified":"2024-04-19T13:33:30","modified_gmt":"2024-04-19T12:33:30","slug":"coltello-fisso-cold-steel-magnum-tanto-ii-san-mai","status":"publish","type":"product","link":"https:\/\/www.moskito.cz\/it\/produkt\/coltello-fisso-cold-steel-magnum-tanto-ii-san-mai\/","title":{"rendered":"Coltello Fisso Cold Steel Magnum Tanto II San Mai"},"content":{"rendered":"<p>Coltello Fisso <strong>Cold Steel<\/strong> Magnum Tanto II San Mai.<\/p>\n<p>Non c&#8217;\u00e8 nessuno oggi nel settore dei coltelli che conosca Tanto pi\u00f9 di Cold Steel. Dopotutto, Cold Steel ha inventato e reso popolare questo stile di coltello all&#8217;inizio degli anni &#8217;80. volo. Abbiamo speso milioni di dollari per convincere il pubblico dei numerosi vantaggi di Tanto, sia attraverso la pubblicit\u00e0 che tramite dimostrazioni dal vivo o registrazioni video. Produciamo Tanto da oltre 30 anni e non esiste ancora nessuna fabbrica Tanto o produttore di coltelli che possa avvicinarsi alla potenza di taglio, triturazione o perforazione prodotta da Cold Steel. Tutti i nostri Tanto presentano una finitura satinata lucida profonda sugli smussi cavi della lama e una finitura a linee a contrasto sulle superfici piane della lama. Questa tecnica mette in risalto i nostri metodi di macinazione all&#8217;avanguardia e mette in risalto l&#8217;aspetto unico del Cold Steel Tanto. Inoltre, il Tanto viene fornito con il nostro famoso manico ovale appiattito Kraton. La forma ovale fornisce una presa salda e resiste al ribaltamento o alla torsione nella mano durante un uso intenso, che col tempo distruggerebbe un coltello pi\u00f9 piccolo. L&#8217;uso del Kraton nel manico del coltello \u00e8 un&#8217;altra innovazione di Cold Steel. Kraton \u00e8 un materiale impareggiabile dell&#8217;era spaziale che non si rompe n\u00e9 marcisce ed \u00e8 immune alle devastazioni del maltempo. La testa affusolata in acciaio \u00e8 un&#8217;altra caratteristica importante del Tanto che non dovresti ignorare. Lynn Thompson lo ha progettato per concentrare tutta la forza di un colpo devastante su una piccola area, in modo che anche un colpo moderato possa essere notevolmente efficace nel disarmare o altrimenti rendere incapace un aggressore. Tutti i coltelli della serie San Mai Tanto sono dotati di un fodero Secure-Ex\u2122 spesso e di alta qualit\u00e0 che ti garantir\u00e0 anni di duro servizio e manterr\u00e0 il tuo Tanto al tuo fianco, pronto all&#8217;azione.<\/p>\n<p>Acciaio: VG-10 San Mai &#8211; sandwich a tre strati<br \/>\nLunghezza lama: 190 mm<br \/>\nSpessore lama: 5 mm<br \/>\nLunghezza lama: 333 mm<br \/>\nPeso totale del coltello 322 g<\/p>\n<p>Cold Steel \u00e8 un&#8217;azienda impegnata nella produzione dei coltelli pi\u00f9 resistenti e affilati al mondo. Negli ultimi tre decenni, Cold Steel \u00e8 stata in prima linea in molte innovazioni che hanno contribuito a definire l&#8217;industria dei coltelli. I successi successivi, inclusa l&#8217;introduzione dei manici a quadri Kraton\u00ae e degli stili di lame a punta tanto, sono passati da caratteristiche curiose a marchi industriali di qualit\u00e0 e raffinatezza. La nuova direzione \u00e8 stata interrotta anche con l&#8217;introduzione di nuove lame in acciaio uniche come San Mai III\u00ae e Tri-Ad \u2122 Lock e meccanismo di bloccaggio per coltelli pieghevoli. Ad esempio, il Tri-Ad \u2122 Lock non \u00e8 mai stato eguagliato da nessuno dei concorrenti di Cold Steel e non \u00e8 stato dimostrato che superi in prestazioni qualsiasi cosa abbiano prodotto fino ad oggi. Naturalmente, Cold Steel guarder\u00e0 sempre al futuro e si impegner\u00e0 costantemente a produrre i coltelli pi\u00f9 resistenti e affilati al mondo. Questo obiettivo, altrettanto sfuggente e difficile da raggiungere, \u00e8 lo stesso da quarant\u2019anni. Cold Steel Inc. \u00e8 un&#8217;azienda focalizzata sulla produzione dei coltelli, delle spade, dei tomahawk, dei machete, delle posate e degli strumenti pi\u00f9 resistenti e affilati per il trasporto quotidiano: EDC. Rapidamente adottato dai militari, dalle forze speciali delle forze dell&#8217;ordine, dai soccorritori, dai professionisti dell&#8217;autodifesa e dai membri della comunit\u00e0 delle arti marziali, Cold Steel si \u00e8 rapidamente fatto un nome per qualit\u00e0, forza, affidabilit\u00e0 e affidabilit\u00e0 nel trasporto quotidiano (EDC) . La nostra gamma diversificata e variegata \u00e8 cresciuta rapidamente fino a includere non solo una vasta selezione di coltelli pieghevoli (dalle lame pi\u00f9 piccole &#8220;EDC&#8221; ai nostri iconici &#8220;mega-cartella&#8221; giganti) ma anche lame fisse, spade, sciabole, bastoni e alabarde, come oltre a provviste da caccia, lance, fucili, asce, machete, tomahawk e strumenti! Nel corso dei decenni, Cold Steel ha introdotto nuovi materiali e design pionieristici che hanno contribuito a plasmare il mondo dei coltelli, delle armi da taglio e degli strumenti moderni. Dall&#8217;introduzione delle impugnature a scacchi Kraton\u00ae e della lama Tanto &#8220;americanizzata&#8221;, all&#8217;inclusione di nuovi acciai per lame innovativi come San Mai III\u00ae e meccanismi di bloccaggio rivoluzionari (come il nostro Tri-Ad \u2122 Lock). Guardando al futuro, Cold Steel continua a portare sul mercato nuovi livelli di resistenza, sicurezza e prestazioni, fornendo prodotti comprovati su cui puoi fare affidamento, sempre e ovunque!<\/p>\n","protected":false},"excerpt":{"rendered":"<p>Coltello fisso con fodero.<\/p>\n","protected":false},"featured_media":335886,"comment_status":"open","ping_status":"closed","template":"","meta":[],"pwb-brand":[3791],"product_brand":[],"product_cat":[3746,3745],"product_tag":[],"class_list":{"0":"post-335885","1":"product","2":"type-product","3":"status-publish","4":"has-post-thumbnail","6":"pwb-brand-acciaio-freddo","7":"product_cat-coltelli-solidi","8":"product_cat-coltelli","10":"first","11":"instock","12":"taxable","13":"shipping-taxable","14":"purchasable","15":"product-type-simple"},"brands":[{"id":3791,"name":"Acciaio freddo","slug":"acciaio-freddo"}],"_links":{"self":[{"href":"https:\/\/www.moskito.cz\/it\/wp-json\/wp\/v2\/product\/335885","targetHints":{"allow":["GET"]}}],"collection":[{"href":"https:\/\/www.moskito.cz\/it\/wp-json\/wp\/v2\/product"}],"about":[{"href":"https:\/\/www.moskito.cz\/it\/wp-json\/wp\/v2\/types\/product"}],"replies":[{"embeddable":true,"href":"https:\/\/www.moskito.cz\/it\/wp-json\/wp\/v2\/comments?post=335885"}],"wp:featuredmedia":[{"embeddable":true,"href":"https:\/\/www.moskito.cz\/it\/wp-json\/wp\/v2\/media\/335886"}],"wp:attachment":[{"href":"https:\/\/www.moskito.cz\/it\/wp-json\/wp\/v2\/media?parent=335885"}],"wp:term":[{"taxonomy":"pwb-brand","embeddable":true,"href":"https:\/\/www.moskito.cz\/it\/wp-json\/wp\/v2\/pwb-brand?post=335885"},{"taxonomy":"product_brand","embeddable":true,"href":"https:\/\/www.moskito.cz\/it\/wp-json\/wp\/v2\/product_brand?post=335885"},{"taxonomy":"product_cat","embeddable":true,"href":"https:\/\/www.moskito.cz\/it\/wp-json\/wp\/v2\/product_cat?post=335885"},{"taxonomy":"product_tag","embeddable":true,"href":"https:\/\/www.moskito.cz\/it\/wp-json\/wp\/v2\/product_tag?post=335885"}],"curies":[{"name":"wp","href":"https:\/\/api.w.org\/{rel}","templated":true}]}}