{"id":335902,"date":"2023-10-05T15:04:26","date_gmt":"2023-10-05T14:04:26","guid":{"rendered":"https:\/\/www.moskito.cz\/produkt\/coltello-solido-acciaio-freddo-wild-west-bowie-81b\/"},"modified":"2025-05-07T11:13:02","modified_gmt":"2025-05-07T10:13:02","slug":"coltello-solido-acciaio-freddo-wild-west-bowie-81b","status":"publish","type":"product","link":"https:\/\/www.moskito.cz\/it\/produkt\/coltello-solido-acciaio-freddo-wild-west-bowie-81b\/","title":{"rendered":"Coltello solido ACCIAIO FREDDO WILD WEST BOWIE 81B"},"content":{"rendered":"<p>Coltello solido <strong>ACCIAIO FREDDO<\/strong> WILD WEST BOWIE 81B<\/p>\n<p>Con lo stile delle iconiche grandi lame degli spettacoli televisivi e dei film occidentali, il nostro Wild West Bowie \u00e8 un sorprendente classico americano. La lama \u00e8 realizzata in acciaio al carbonio 1090. \u00c8 una lama lunga e larga con un bilanciamento in avanti ed \u00e8 affilata a sciabola e rinforzata con un falso filo per la massima potenza di taglio, taglio e perforazione. Il manico ha un profilo classico con scaglie in palissandro fissate alla punta completa con viti in ottone e presenta un caratteristico paramano in ottone con motivo a S per proteggere le dita e aumentare il suo potenziale difensivo. Il Wild West Bowie presenta una tradizionale fondina in pelle nera con passante per cintura girevole in ottone e cinturino in pelle.<\/p>\n<p>Materiale lama: 1090<br \/>\nMateriale della custodia: pelle<br \/>\nLunghezza lama: 27,3 cm<br \/>\nLunghezza totale: 41 centimetri<br \/>\nLunghezza manico: 13,3 cm<br \/>\nSpessore lama: 0,47 cm<br \/>\nPeso: 655 g<br \/>\nTipo di lama: punto di clip<\/p>\n<p>&nbsp;<\/p>\n","protected":false},"excerpt":{"rendered":"<p><strong>Wild West Bowie \u00e8 una replica di un coltello Bowie del selvaggio west.<\/strong><\/p>\n","protected":false},"featured_media":335903,"comment_status":"open","ping_status":"closed","template":"","meta":[],"pwb-brand":[3791],"product_brand":[],"product_cat":[3746,3745],"product_tag":[],"class_list":{"0":"post-335902","1":"product","2":"type-product","3":"status-publish","4":"has-post-thumbnail","6":"pwb-brand-acciaio-freddo","7":"product_cat-coltelli-solidi","8":"product_cat-coltelli","10":"first","11":"outofstock","12":"taxable","13":"shipping-taxable","14":"purchasable","15":"product-type-simple"},"brands":[{"id":3791,"name":"Acciaio freddo","slug":"acciaio-freddo"}],"_links":{"self":[{"href":"https:\/\/www.moskito.cz\/it\/wp-json\/wp\/v2\/product\/335902","targetHints":{"allow":["GET"]}}],"collection":[{"href":"https:\/\/www.moskito.cz\/it\/wp-json\/wp\/v2\/product"}],"about":[{"href":"https:\/\/www.moskito.cz\/it\/wp-json\/wp\/v2\/types\/product"}],"replies":[{"embeddable":true,"href":"https:\/\/www.moskito.cz\/it\/wp-json\/wp\/v2\/comments?post=335902"}],"wp:featuredmedia":[{"embeddable":true,"href":"https:\/\/www.moskito.cz\/it\/wp-json\/wp\/v2\/media\/335903"}],"wp:attachment":[{"href":"https:\/\/www.moskito.cz\/it\/wp-json\/wp\/v2\/media?parent=335902"}],"wp:term":[{"taxonomy":"pwb-brand","embeddable":true,"href":"https:\/\/www.moskito.cz\/it\/wp-json\/wp\/v2\/pwb-brand?post=335902"},{"taxonomy":"product_brand","embeddable":true,"href":"https:\/\/www.moskito.cz\/it\/wp-json\/wp\/v2\/product_brand?post=335902"},{"taxonomy":"product_cat","embeddable":true,"href":"https:\/\/www.moskito.cz\/it\/wp-json\/wp\/v2\/product_cat?post=335902"},{"taxonomy":"product_tag","embeddable":true,"href":"https:\/\/www.moskito.cz\/it\/wp-json\/wp\/v2\/product_tag?post=335902"}],"curies":[{"name":"wp","href":"https:\/\/api.w.org\/{rel}","templated":true}]}}