{"id":335939,"date":"2023-04-05T15:11:21","date_gmt":"2024-04-19T12:42:45","guid":{"rendered":"https:\/\/www.moskito.cz\/produkt\/ascia-trench-hawk-cold-steel-di-green\/"},"modified":"2025-05-21T17:27:57","modified_gmt":"2025-05-21T16:27:57","slug":"ascia-trench-hawk-cold-steel-di-green","status":"publish","type":"product","link":"https:\/\/www.moskito.cz\/it\/produkt\/ascia-trench-hawk-cold-steel-di-green\/","title":{"rendered":"Ascia TRENCH HAWK Cold Steel di GREEN"},"content":{"rendered":"<p>Ascia TRENCH HAWK <strong>Cold Steel<\/strong> di GREEN<\/p>\n<p><strong>Falco da trincea d&#8217;acciaio freddo<\/strong>  presenta un bordo affilato e una punta a cuneo che offre numerose &#8220;opzioni&#8221; tattiche per i moderni guerrieri della nostra nazione. Forgiata in acciaio al carbonio 1055 e temprata in modo differenziale, la testa del Trench Hawk resiste a enormi impatti e al terribile stress di un uso intenso a lungo termine. Il manico del nostro Trench Hawk \u00e8 altamente resistente agli urti e resister\u00e0 agli abusi che romperebbero anche un solido manico in noce. E come bonus aggiuntivo, \u00e8 facile ed economico da sostituire quando finalmente si consuma a causa di lanci ripetuti.* Il Trench Hawk \u00e8 dotato di un manicotto articolato brevettato Secure-Ex\u2122.<\/p>\n<p>Descrizione:<\/p>\n<p>Materiale della custodia: Secure-Ex<br \/>\nMateriale manico: polipropilene<br \/>\nMateriale lama: 1055<br \/>\nTipo di ascia: Tomahawk<br \/>\nPeso: 822 g<br \/>\nLunghezza totale: 48,3 cm<br \/>\nLunghezza testa dell&#8217;ascia: 9 cm<\/p>\n<p>&nbsp;<\/p>\n","protected":false},"excerpt":{"rendered":"<p><strong>COLD STEEL Trench Hawk \u00e8 un tomahawk realizzato con materiali moderni e molto resistenti.<\/strong><\/p>\n","protected":false},"featured_media":335940,"comment_status":"open","ping_status":"closed","template":"","meta":[],"pwb-brand":[3791],"product_brand":[],"product_cat":[3733],"product_tag":[],"class_list":{"0":"post-335939","1":"product","2":"type-product","3":"status-publish","4":"has-post-thumbnail","6":"pwb-brand-acciaio-freddo","7":"product_cat-assi","9":"first","10":"outofstock","11":"taxable","12":"shipping-taxable","13":"purchasable","14":"product-type-simple"},"brands":[{"id":3791,"name":"Acciaio freddo","slug":"acciaio-freddo"}],"_links":{"self":[{"href":"https:\/\/www.moskito.cz\/it\/wp-json\/wp\/v2\/product\/335939","targetHints":{"allow":["GET"]}}],"collection":[{"href":"https:\/\/www.moskito.cz\/it\/wp-json\/wp\/v2\/product"}],"about":[{"href":"https:\/\/www.moskito.cz\/it\/wp-json\/wp\/v2\/types\/product"}],"replies":[{"embeddable":true,"href":"https:\/\/www.moskito.cz\/it\/wp-json\/wp\/v2\/comments?post=335939"}],"wp:featuredmedia":[{"embeddable":true,"href":"https:\/\/www.moskito.cz\/it\/wp-json\/wp\/v2\/media\/335940"}],"wp:attachment":[{"href":"https:\/\/www.moskito.cz\/it\/wp-json\/wp\/v2\/media?parent=335939"}],"wp:term":[{"taxonomy":"pwb-brand","embeddable":true,"href":"https:\/\/www.moskito.cz\/it\/wp-json\/wp\/v2\/pwb-brand?post=335939"},{"taxonomy":"product_brand","embeddable":true,"href":"https:\/\/www.moskito.cz\/it\/wp-json\/wp\/v2\/product_brand?post=335939"},{"taxonomy":"product_cat","embeddable":true,"href":"https:\/\/www.moskito.cz\/it\/wp-json\/wp\/v2\/product_cat?post=335939"},{"taxonomy":"product_tag","embeddable":true,"href":"https:\/\/www.moskito.cz\/it\/wp-json\/wp\/v2\/product_tag?post=335939"}],"curies":[{"name":"wp","href":"https:\/\/api.w.org\/{rel}","templated":true}]}}