{"id":336053,"date":"2022-04-24T20:51:43","date_gmt":"2022-04-24T19:51:43","guid":{"rendered":"https:\/\/www.moskito.cz\/produkt\/coltello-da-tiro-sog-tac-au-tanto\/"},"modified":"2025-05-07T11:13:07","modified_gmt":"2025-05-07T10:13:07","slug":"coltello-da-tiro-sog-tac-au-tanto","status":"publish","type":"product","link":"https:\/\/www.moskito.cz\/it\/produkt\/coltello-da-tiro-sog-tac-au-tanto\/","title":{"rendered":"Coltello da tiro SOG TAC AU TANTO"},"content":{"rendered":"<p>Coltello da tiro <strong>SOG<\/strong> TAC AU TANTO.<\/p>\n<p>Con un manico in alluminio testurizzato e una lama CRYO D2, il SOG-TAC AU \u00e8 un coltello pieghevole ad apertura rapida che entra in azione con entrambe le mani e rimane aperto con un potere di bloccaggio eccezionale grazie all&#8217;avanzato blocco AU-XR di SOG. Una lama da tiro di fabbricazione americana, \u00e8 un assistente muscolare e uno strumento di backup per i militari, i primi soccorritori e gli utenti di portaerei difensivi che apprezzeranno l&#8217;affidabile funzione di sicurezza a doppia azione.<\/p>\n<p>SICURO DA ANDARE CON UN SOLO TIRO<br \/>\nInnovativo bloccaggio della lama che permette di passare da sicura ad aperta con un solo tiro, con SOG Double-action Safety.<\/p>\n<p>DESIGN COMPATTO<br \/>\nRealizzato per coloro che necessitano di minore visibilit\u00e0 o semplicemente necessitano di uno strumento pi\u00f9 compatto, le dimensioni pi\u00f9 piccole e il peso pi\u00f9 leggero consentono un trasporto pi\u00f9 discreto.<\/p>\n<p>SINTESI DELLE PROPRIET\u00c0<br \/>\nSOG-TAC AU \u00e8 una soluzione completamente moderna per il coltello automatico duro. \u00c8 dotato di un robusto meccanismo di bloccaggio SOG AU-XR, acciaio CRYO D2 e \u200b\u200bapertura rapida.<\/p>\n<p>ACCIAIO CRYO D2<br \/>\nUn versatile acciaio per utensili ad alto tenore di carbonio trattato termicamente criogenicamente secondo le specifiche prestazionali uniche di SOG. D2 offre la combinazione ideale di ritenzione dei bordi e durata per un uso a lungo termine con una facile manutenzione.<\/p>\n<p>MANICI MICROSTRUTTURATI<br \/>\nL&#8217;impugnatura in alluminio SOG-TAC AU ha una superficie lavorata microstrutturata che fornisce il giusto livello di presa &#8211; in tutti i punti giusti &#8211; senza usura sulla mano o sulla tasca.<\/p>\n<p>SICUREZZA A DOPPIA AZIONE<br \/>\nIntegrata in un&#8217;unica interfaccia, la sicurezza a doppia azione impedisce l&#8217;apertura accidentale della lama fornendo allo stesso tempo un&#8217;apertura sicura e coerente su richiesta.<\/p>\n<p>PARAMETRI DEL PRODOTTO<br \/>\nLUNGHEZZA LAMA: 8,7 CM<br \/>\nDIMENSIONE TOTALE: 20,4 CM<br \/>\nPESO: 11,1 G<br \/>\nColore nero<br \/>\nLUNGHEZZA MANICO: 11,7 CM<br \/>\nACCIAIO: CRYO D2<br \/>\nSPESSORE LAMA: 2,8 CM<br \/>\nMATERIALE MANICO: AL 6061 T6<\/p>\n<p><iframe title=\"SOG-TAC AU Automatic Folding Knife\" width=\"800\" height=\"450\" src=\"https:\/\/www.youtube.com\/embed\/QbInOoD89k0?feature=oembed\" frameborder=\"0\" allow=\"accelerometer; autoplay; clipboard-write; encrypted-media; gyroscope; picture-in-picture; web-share\" referrerpolicy=\"strict-origin-when-cross-origin\" allowfullscreen><\/iframe><\/p>\n<p>&nbsp;<\/p>\n","protected":false},"excerpt":{"rendered":"<p>Che tu stia proteggendo gli altri o guidando un&#8217;epica spedizione di caccia, affrontando una delle sfide quotidiane della vita o affrontando le condizioni pi\u00f9 estreme, fatti strada con <strong>SOG<\/strong> .<\/p>\n<p><strong>Diamo una garanzia a vita su tutti i coltelli SOG!<\/strong><\/p>\n","protected":false},"featured_media":336054,"comment_status":"open","ping_status":"closed","template":"","meta":[],"pwb-brand":[3850],"product_brand":[],"product_cat":[3748,3745],"product_tag":[3755],"class_list":{"0":"post-336053","1":"product","2":"type-product","3":"status-publish","4":"has-post-thumbnail","6":"pwb-brand-sog-it","7":"product_cat-coltelli-da-tiro","8":"product_cat-coltelli","9":"product_tag-b2b-it","11":"first","12":"instock","13":"taxable","14":"shipping-taxable","15":"purchasable","16":"product-type-simple"},"brands":[{"id":3850,"name":"SOG","slug":"sog-it"}],"_links":{"self":[{"href":"https:\/\/www.moskito.cz\/it\/wp-json\/wp\/v2\/product\/336053","targetHints":{"allow":["GET"]}}],"collection":[{"href":"https:\/\/www.moskito.cz\/it\/wp-json\/wp\/v2\/product"}],"about":[{"href":"https:\/\/www.moskito.cz\/it\/wp-json\/wp\/v2\/types\/product"}],"replies":[{"embeddable":true,"href":"https:\/\/www.moskito.cz\/it\/wp-json\/wp\/v2\/comments?post=336053"}],"wp:featuredmedia":[{"embeddable":true,"href":"https:\/\/www.moskito.cz\/it\/wp-json\/wp\/v2\/media\/336054"}],"wp:attachment":[{"href":"https:\/\/www.moskito.cz\/it\/wp-json\/wp\/v2\/media?parent=336053"}],"wp:term":[{"taxonomy":"pwb-brand","embeddable":true,"href":"https:\/\/www.moskito.cz\/it\/wp-json\/wp\/v2\/pwb-brand?post=336053"},{"taxonomy":"product_brand","embeddable":true,"href":"https:\/\/www.moskito.cz\/it\/wp-json\/wp\/v2\/product_brand?post=336053"},{"taxonomy":"product_cat","embeddable":true,"href":"https:\/\/www.moskito.cz\/it\/wp-json\/wp\/v2\/product_cat?post=336053"},{"taxonomy":"product_tag","embeddable":true,"href":"https:\/\/www.moskito.cz\/it\/wp-json\/wp\/v2\/product_tag?post=336053"}],"curies":[{"name":"wp","href":"https:\/\/api.w.org\/{rel}","templated":true}]}}