{"id":336163,"date":"2022-11-27T22:07:01","date_gmt":"2024-04-19T14:18:50","guid":{"rendered":"https:\/\/www.moskito.cz\/produkt\/forbici-multifunzione-sog-parashears-nere\/"},"modified":"2025-05-07T11:13:11","modified_gmt":"2025-05-07T10:13:11","slug":"forbici-multifunzione-sog-parashears-nere","status":"publish","type":"product","link":"https:\/\/www.moskito.cz\/it\/produkt\/forbici-multifunzione-sog-parashears-nere\/","title":{"rendered":"Forbici Multifunzione SOG PARASHEARS NERE"},"content":{"rendered":"<p>Forbici Multifunzione <strong>SOG<\/strong> PARASHEARS NERE.<\/p>\n<p>Uno strumento multiuso mirato progettato specificamente per i primi soccorritori, ParaShears viene fornito con un kit di strumenti specifici per la missione che include 11 componenti, tra cui forbici, taglierina per cinghie, rompivetro, chiave per ossigeno e pinzette. Utilizzando la tecnologia brevettata Compound Leverage di SOG, le ParaShear sono in grado di tagliare il materiale in modo pi\u00f9 semplice e veloce rispetto alle cesoie equivalenti. Capace e affidabile, ParaShears \u00e8 uno strumento multifunzionale progettato per un lavoro rapido e preciso nelle condizioni pi\u00f9 stressanti nelle applicazioni mediche.<\/p>\n<p>Forbici multiutensile pronte per le emergenze<br \/>\nStrumento multifunzionale con 11 strumenti per paramedici e soccorritori. Realizzato in acciaio inox con maniglia GRN. Pesa 4,8 once ed \u00e8 realizzato con materiali compatibili con l&#8217;autoclave.<\/p>\n<p>EFFETTO LEVA DEL COMPOSTO SOG<br \/>\nLa tecnologia brevettata Compound Leverage di SOG utilizza pi\u00f9 punti di articolazione che generano un maggiore sollevamento della maniglia rispetto al movimento delle pinze. Il risultato \u00e8 un vantaggio di leva che consente un taglio pi\u00f9 fluido e semplice.<\/p>\n<p>11 STRUMENTO<br \/>\nInclude righello per pollice, righello MM, forbici, tagliafilo, rompivetro, pinzette, croce a croce n. 1, apribottiglie, testa piatta media, punteruolo, tagliacorda e chiave O2.<\/p>\n<p>DIMENSIONE GLOBALE: 185 mm<br \/>\nMATERIALE MANICO: Acciaio Inox e GRN<br \/>\nLUNGHEZZA LAMA: 46 mm<br \/>\nColore nero<br \/>\nPESO: 136 gr<br \/>\nACCIAIO: 3Cr13<br \/>\nLUNGHEZZA MANICO: 130 mm<br \/>\nTIPO DI FUSIBILE: Meccanismo pieghevole<br \/>\nSPESSORE LAMA: 2,5 mm<br \/>\nMATERIALE DELLA CASSA: Nylon<\/p>\n<p><iframe title=\"Parashears\" width=\"800\" height=\"450\" src=\"https:\/\/www.youtube.com\/embed\/DOcOGQdJ56c?feature=oembed\" frameborder=\"0\" allow=\"accelerometer; autoplay; clipboard-write; encrypted-media; gyroscope; picture-in-picture; web-share\" referrerpolicy=\"strict-origin-when-cross-origin\" allowfullscreen><\/iframe><\/p>\n<p>&nbsp;<\/p>\n","protected":false},"excerpt":{"rendered":"<p>ParaShears sono forbici mediche multifunzionali progettate per un lavoro veloce e preciso nelle condizioni pi\u00f9 stressanti. Contengono 11 strumenti nascosti nelle maniglie.<\/p>\n","protected":false},"featured_media":336164,"comment_status":"open","ping_status":"closed","template":"","meta":[],"pwb-brand":[3850],"product_brand":[],"product_cat":[3744],"product_tag":[3755],"class_list":{"0":"post-336163","1":"product","2":"type-product","3":"status-publish","4":"has-post-thumbnail","6":"pwb-brand-sog-it","7":"product_cat-multi-attrezzo","8":"product_tag-b2b-it","10":"first","11":"instock","12":"taxable","13":"shipping-taxable","14":"purchasable","15":"product-type-simple"},"brands":[{"id":3850,"name":"SOG","slug":"sog-it"}],"_links":{"self":[{"href":"https:\/\/www.moskito.cz\/it\/wp-json\/wp\/v2\/product\/336163","targetHints":{"allow":["GET"]}}],"collection":[{"href":"https:\/\/www.moskito.cz\/it\/wp-json\/wp\/v2\/product"}],"about":[{"href":"https:\/\/www.moskito.cz\/it\/wp-json\/wp\/v2\/types\/product"}],"replies":[{"embeddable":true,"href":"https:\/\/www.moskito.cz\/it\/wp-json\/wp\/v2\/comments?post=336163"}],"wp:featuredmedia":[{"embeddable":true,"href":"https:\/\/www.moskito.cz\/it\/wp-json\/wp\/v2\/media\/336164"}],"wp:attachment":[{"href":"https:\/\/www.moskito.cz\/it\/wp-json\/wp\/v2\/media?parent=336163"}],"wp:term":[{"taxonomy":"pwb-brand","embeddable":true,"href":"https:\/\/www.moskito.cz\/it\/wp-json\/wp\/v2\/pwb-brand?post=336163"},{"taxonomy":"product_brand","embeddable":true,"href":"https:\/\/www.moskito.cz\/it\/wp-json\/wp\/v2\/product_brand?post=336163"},{"taxonomy":"product_cat","embeddable":true,"href":"https:\/\/www.moskito.cz\/it\/wp-json\/wp\/v2\/product_cat?post=336163"},{"taxonomy":"product_tag","embeddable":true,"href":"https:\/\/www.moskito.cz\/it\/wp-json\/wp\/v2\/product_tag?post=336163"}],"curies":[{"name":"wp","href":"https:\/\/api.w.org\/{rel}","templated":true}]}}