{"id":336362,"date":"2021-09-22T09:35:12","date_gmt":"2024-04-22T13:16:08","guid":{"rendered":"https:\/\/www.moskito.cz\/produkt\/coltello-pieghevole-sog-trident-at-tanto-nero-e-rosso\/"},"modified":"2025-05-07T11:13:16","modified_gmt":"2025-05-07T10:13:16","slug":"coltello-pieghevole-sog-trident-at-tanto-nero-e-rosso","status":"publish","type":"product","link":"https:\/\/www.moskito.cz\/it\/produkt\/coltello-pieghevole-sog-trident-at-tanto-nero-e-rosso\/","title":{"rendered":"Coltello pieghevole SOG Trident AT Tanto nero e rosso"},"content":{"rendered":"<p>Coltello pieghevole <strong>SOG<\/strong> Trident AT Tanto nero e rosso.<\/p>\n<p>Progettato per utenti professionali, il Trident AT \u00e8 dotato di apertura rapida assistita con l&#8217;innovativo blocco bifacciale AT-XR di <strong>SOG<\/strong> , nonch\u00e9 di un tagliafilo integrato e un rompivetro. Il Trident AT \u00e8 facile da trasportare, con una lama in acciaio inossidabile D2 trattato termicamente criogenicamente ad alte prestazioni. Il suo potente meccanismo di bloccaggio AT-XR ha anche una sicurezza di bloccaggio della lama incorporata e un sistema di sicurezza montato sul dorso. Un altro sviluppo nel campo: il collaudato Trident.<br \/>\nPROGETTAZIONE SCOPO<br \/>\nOgni elemento del Trident AT \u00e8 stato sviluppato per situazioni estreme o di emergenza &#8211; inclusa l&#8217;apertura rapida della lama, il taglia filo e il rompi vetro &#8211; il tutto perfettamente integrato con la struttura altamente aderente e la maniglia resistente.<\/p>\n<p>&nbsp;<\/p>\n<p>BLOCCO AT-XR<\/p>\n<p>Il lucchetto XR brevettato da SOG con tecnologia assistita (AT) fornisce un&#8217;apertura rapida con una sola mano e un blocco saldo una volta aperto. Affidabile e potente, in grado di resistere a 1.500 libbre di forza, il lucchetto AT-XR offre la massima sicurezza integrata per bloccare la lama durante l&#8217;apertura, garantendo che si apra solo quando previsto.<\/p>\n<p>SICUREZZA 2.0<\/p>\n<p>SOG ha collaborato con gli utenti per sviluppare una sicurezza bidirezionale tanto semplice quanto veloce. Progettato per essere intuitivo e utilizzare movimenti naturali della mano, significa che non \u00e8 necessario allentare la presa per azionarlo. Una volta aperto, si blocca in posizione come un fermo per il pollice. Tutto ci\u00f2 che dovrebbe essere la sicurezza.<\/p>\n<p>LAMA IN ACCIAIO CRYO D2<\/p>\n<p>Un acciaio per utensili multiuso ad alto contenuto di carbonio trattato termicamente criogenicamente secondo le specifiche prestazionali uniche di SOG. D2 offre la combinazione ideale di ritenzione dei bordi e durata per un uso a lungo termine con facilit\u00e0 di manutenzione.<\/p>\n<p>Lunghezza totale: 22,5 cm<br \/>\nLunghezza lama: 9 cm<br \/>\nPeso: 5,15 once<br \/>\nTipo di lama in acciaio: Cryo D2<br \/>\nMateriale manico: GRN<br \/>\nColore manico: Nero<br \/>\nColore evidenziatore: rosso<br \/>\nCaratteristiche: Anello per catena, taglierino, rompivetro<br \/>\nFinitura: nitruro di titanio<br \/>\nMeccanismo di bloccaggio: AT-XR<br \/>\nSicurezza: sicurezza bidirezionale<br \/>\nMeccanismo di apertura: perno con pollice assistito<\/p>\n<p>La nostra storia inizia in Vietnam, dove i membri della forza operativa speciale top secret americana, nota come MACV ( <strong>SOG<\/strong> ), trasportavano un coltello segreto unico nella giungla in missioni segrete. Alcuni anni dopo, nel 1986, questo coltello ispir\u00f2 un giovane designer di nome Spencer Frazer a fondare SOG Specialty Knives. La sua missione: riprodurre il coltello SOG Bowie originale e rendere omaggio all&#8217;unit\u00e0 operativa speciale che lo ha creato. Ci\u00f2 che era iniziato come un unico modello commemorativo divenne presto un&#8217;intera linea di strumenti innovativi, testati dalle forze speciali statunitensi e premiati persino come il coltello preferito dai Navy SEAL. Oggi i coltelli SOG vengono indossati con sicurezza nelle situazioni pi\u00f9 impegnative. Forgiati dalla tradizione, temprati sul campo, limati per voi.<\/p>\n<p>Che tu stia proteggendo gli altri o guidando un&#8217;epica spedizione di caccia, affrontando una delle sfide quotidiane della vita o affrontando le condizioni pi\u00f9 estreme, fatti strada con SOG.<\/p>\n<p>Progettato per utenti professionali, Trident AT \u00e8 dotato di apertura rapida assistita con l&#8217;innovativo blocco ambidestro AT-XR Lock di SOG, nonch\u00e9 di taglia filo e rompi vetro integrati. Trident AT \u00e8 facile da trasportare, con una lama in acciaio inossidabile D2 altamente funzionale da 3,75 pollici trattata termicamente criogenicamente. Il suo potente meccanismo di bloccaggio AT-XR \u00e8 inoltre dotato di sicurezza di bloccaggio della lama integrata e di un sistema di sicurezza montato sul dorso. La prossima evoluzione del collaudato Trident.<\/p>\n<p>Lunghezza totale<br \/>\n9,03&#8243;<br \/>\nLunghezza chiusa<br \/>\n5,33&#8243;<br \/>\nLunghezza della lama<br \/>\n3,7&#8243;<br \/>\nPeso<br \/>\n5,15 once<br \/>\nTipo lama in acciaio<br \/>\nCrio D2<br \/>\nSpessore della lama<br \/>\n0,12&#8243;<br \/>\nGestire il materiale<br \/>\nGRN<br \/>\nColore maniglia<br \/>\nNero<br \/>\nColore accento<br \/>\nEd<br \/>\nCaratteristiche<br \/>\nAnello per cordino, tagliafilo, rompivetro<br \/>\nFine<br \/>\nNitruro di titanio<br \/>\nMeccanismo di bloccaggio<br \/>\nAT-XR<br \/>\nSicurezza<br \/>\nSicurezza ambidestra montata sulla colonna vertebrale<br \/>\nMeccanismo di apertura<br \/>\nStud per pollice assistito<br \/>\nPaese di origine<br \/>\nTaiwan<br \/>\nTipo di bordo<br \/>\nDritto<\/p>\n","protected":false},"excerpt":{"rendered":"<div class=\"elementor-element elementor-element-bbb542b elementor-widget elementor-widget-woocommerce-product-short-description\" data-id=\"bbb542b\" data-element_type=\"widget\" data-widget_type=\"woocommerce-product-short-description.default\">\n<div class=\"elementor-widget-container\">\n<div class=\"woocommerce-product-details__short-description\">\n<div class=\"elementor-element elementor-element-bbb542b elementor-widget elementor-widget-woocommerce-product-short-description\" data-id=\"bbb542b\" data-element_type=\"widget\" data-widget_type=\"woocommerce-product-short-description.default\">\n<div class=\"elementor-widget-container\">\n<div class=\"woocommerce-product-details__short-description\">\n<p>Che tu stia proteggendo gli altri o guidando un&#8217;epica spedizione di caccia, affrontando una delle sfide quotidiane della vita o affrontando le condizioni pi\u00f9 estreme, fatti strada con <strong>SOG<\/strong> .<\/p>\n<p><strong>Diamo una garanzia a vita su tutti i coltelli SOG!<\/strong><\/p>\n<\/div>\n<\/div>\n<\/div>\n<\/div>\n<\/div>\n<\/div>\n","protected":false},"featured_media":336363,"comment_status":"open","ping_status":"closed","template":"","meta":[],"pwb-brand":[3850],"product_brand":[],"product_cat":[3745,3749],"product_tag":[3755],"class_list":{"0":"post-336362","1":"product","2":"type-product","3":"status-publish","4":"has-post-thumbnail","6":"pwb-brand-sog-it","7":"product_cat-coltelli","8":"product_cat-coltelli-di-chiusura","9":"product_tag-b2b-it","11":"first","12":"outofstock","13":"taxable","14":"shipping-taxable","15":"purchasable","16":"product-type-simple"},"brands":[{"id":3850,"name":"SOG","slug":"sog-it"}],"_links":{"self":[{"href":"https:\/\/www.moskito.cz\/it\/wp-json\/wp\/v2\/product\/336362","targetHints":{"allow":["GET"]}}],"collection":[{"href":"https:\/\/www.moskito.cz\/it\/wp-json\/wp\/v2\/product"}],"about":[{"href":"https:\/\/www.moskito.cz\/it\/wp-json\/wp\/v2\/types\/product"}],"replies":[{"embeddable":true,"href":"https:\/\/www.moskito.cz\/it\/wp-json\/wp\/v2\/comments?post=336362"}],"wp:featuredmedia":[{"embeddable":true,"href":"https:\/\/www.moskito.cz\/it\/wp-json\/wp\/v2\/media\/336363"}],"wp:attachment":[{"href":"https:\/\/www.moskito.cz\/it\/wp-json\/wp\/v2\/media?parent=336362"}],"wp:term":[{"taxonomy":"pwb-brand","embeddable":true,"href":"https:\/\/www.moskito.cz\/it\/wp-json\/wp\/v2\/pwb-brand?post=336362"},{"taxonomy":"product_brand","embeddable":true,"href":"https:\/\/www.moskito.cz\/it\/wp-json\/wp\/v2\/product_brand?post=336362"},{"taxonomy":"product_cat","embeddable":true,"href":"https:\/\/www.moskito.cz\/it\/wp-json\/wp\/v2\/product_cat?post=336362"},{"taxonomy":"product_tag","embeddable":true,"href":"https:\/\/www.moskito.cz\/it\/wp-json\/wp\/v2\/product_tag?post=336362"}],"curies":[{"name":"wp","href":"https:\/\/api.w.org\/{rel}","templated":true}]}}