{"id":336377,"date":"2021-10-18T21:24:53","date_gmt":"2024-04-22T14:40:09","guid":{"rendered":"https:\/\/www.moskito.cz\/?post_type=product&#038;p=336377"},"modified":"2025-06-28T12:57:28","modified_gmt":"2025-06-28T11:57:28","slug":"pinza-multifunzione-sog-poweraccess-deluxe","status":"publish","type":"product","link":"https:\/\/www.moskito.cz\/it\/produkt\/pinza-multifunzione-sog-poweraccess-deluxe\/","title":{"rendered":"Pinza Multifunzione SOG POWERACCESS DELUXE"},"content":{"rendered":"<p>La nostra storia inizia in Vietnam, dove i membri della forza operativa speciale top secret americana, nota come MACV ( <strong>SOG<\/strong> ), trasportavano un coltello segreto unico nella giungla in missioni segrete. Alcuni anni dopo, nel 1986, questo coltello ispir\u00f2 un giovane designer di nome Spencer Frazer a fondare <strong>SOG<\/strong> Specialty Knives. La sua missione: riprodurre il coltello <strong>SOG<\/strong> Bowie originale e rendere omaggio all&#8217;unit\u00e0 operativa speciale che lo ha creato. Ci\u00f2 che era iniziato come un unico modello commemorativo divenne presto un&#8217;intera linea di strumenti innovativi, testati dalle forze speciali statunitensi e premiati persino come il coltello preferito dai Navy SEAL. Oggi i coltelli SOG vengono indossati con sicurezza nelle situazioni pi\u00f9 impegnative. Forgiati dalla tradizione, temprati sul campo, limati per voi.<\/p>\n<p>Che tu stia proteggendo gli altri o guidando un&#8217;epica spedizione di caccia, affrontando una delle sfide quotidiane della vita o affrontando le condizioni pi\u00f9 estreme, fatti strada con <strong>SOG<\/strong> .<\/p>\n<p>Pinza Multifunzione <strong>SOG<\/strong> POWERACCESS DELUXE.<\/p>\n<p>PowerAccess Deluxe dispone del maggior numero di strumenti di qualsiasi altro prodotto SOG fino ad oggi (21). Deluxe \u00e8 dotato di leva SOG per la massima forza di presa. \u00c8 alloggiato in una custodia in nylon con un set esagonale da 12 pezzi.<\/p>\n<p><strong>Deve avere pi\u00f9 strumenti<\/strong><br \/>\nEcco un piccolo consiglio: se vai all&#8217;universit\u00e0 o esci da solo, uno strumento multiuso come PowerAccess Deluxe ti torner\u00e0 sicuramente utile.<\/p>\n<p><strong>Contiene 21 strumenti, la maggior parte di qualsiasi multi SOG<\/strong><br \/>\nCaratteristiche Teste delle pinze a leva composta per un&#8217;apertura e una chiusura fluide e una maggiore forza di presa. Nel robusto PowerAccess Deluxe in acciaio inossidabile sono presenti 21 strumenti in totale, tra cui due coltelli multiuso, un apriscatole e apribottiglie, una sega per legno, due cacciaviti a testa piatta, un cacciavite Phillips e un cacciavite da 1\/4&#8243; con esagono incassato bit impostato.<\/p>\n<p><strong>21 STRUMENTI<\/strong><br \/>\nInclude due coltelli, apriscatole e apribottiglie, sega per legno, due cacciaviti a testa piatta, cacciavite per gioielli e cacciavite da 1\/4&#8243; con set esagonale.<\/p>\n<p><strong>LEVA COMPOSTA<\/strong><br \/>\nLa tecnologia brevettata Compound Leverage di SOG funziona utilizzando pi\u00f9 punti di articolazione che generano pi\u00f9 movimento nell&#8217;impugnatura rispetto al movimento delle pinze. Il risultato \u00e8 un vantaggio di leva che \u00e8 circa il doppio di quello di un multiutensile convenzionale, rendendo ogni taglio pi\u00f9 fluido e semplice.<\/p>\n<p><strong>COSTRUZIONE IN ACCIAIO INOSSIDABILE 5CR15MOV<\/strong><br \/>\nAcciai inossidabili versatili con propriet\u00e0 simili ai migliori metalli della serie 440, che forniscono una buona capacit\u00e0 di affilatura, una buona ritenzione del tagliente ed elevata resistenza alla corrosione.<\/p>\n<p>PESO DEL PRODOTTO: 8,70 once<br \/>\nTIPO DI LAMA IN ACCIAIO: Acciaio inossidabile<br \/>\nFINITURA: Stone Wash<br \/>\nNUMERO DI ATTREZZI: 21<br \/>\nTIPO DI LAMA IN ACCIAIO: Acciaio inossidabile<br \/>\nFILE A 3 LATI<br \/>\nRESIDENZA<br \/>\nAPRI BOTTIGLIA<br \/>\nAPERTURA<br \/>\nLAMA COMPLETAMENTE SEGHETTATA<br \/>\nTAGLIERINA PER FILO DURO<br \/>\nCACCIAVITE PIATTO MEDIO<br \/>\nPINZE A PUNTA AGO<br \/>\nCACCIAVITE PHILIPS<br \/>\nGONIOMETRO<br \/>\nGOVERNATE<br \/>\nSET DI 12 PUNTE ESAGONALI<\/p>\n<p>PowerAccess Deluxe ha il maggior numero di strumenti di qualsiasi altro prodotto SOG fino ad oggi (21). Il Deluxe \u00e8 dotato di leva composta SOG per la massima forza di presa. Alloggiato in una guaina di nylon con kit punte esagonali da 12 pezzi.<\/p>\n<p>Deve avere uno strumento multiuso<br \/>\nEcco un piccolo suggerimento: se stai andando al college o stai per iniziare da solo, un multi-strumento come PowerAccess Deluxe ti torner\u00e0 sicuramente utile.<\/p>\n<p>Include 21 strumenti, il massimo per qualsiasi multiutensile SOG<br \/>\nCaratteristiche Teste della pinza a leva composta per un&#8217;apertura e una chiusura fluide e una maggiore potenza di presa. Sul robusto PowerAccess Deluxe in acciaio inossidabile sono presenti un totale di 21 strumenti, tra cui due lame di coltello, apriscatole e apribottiglie, sega per legno, due cacciaviti piatti, cacciavite Phillips e un cacciavite da 1\/4&#8243; con kit di punte esagonali.<\/p>\n<p>21 STRUMENTI<br \/>\nInclude due lame di coltello, apriscatole e apribottiglie, sega per legno, due cacciaviti piatti, cacciavite per gioielli e un cacciavite da 1\/4&#8243; con kit di punte esagonali.<\/p>\n<p>LEVA COMPOSTA<br \/>\nLa tecnologia proprietaria Compound Leverage di SOG funziona utilizzando pi\u00f9 punti di articolazione che generano una maggiore corsa della maniglia in relazione al movimento della pinza. Il risultato \u00e8 un vantaggio di leva pari a circa il doppio della potenza di un multiutensile convenzionale, che rende ogni taglio pi\u00f9 fluido e semplice.<\/p>\n<p>COSTRUZIONE IN ACCIAIO INOSSIDABILE 5CR15MOV<br \/>\nAcciai inossidabili versatili con qualit\u00e0 simili ai migliori metalli della serie 440, che offrono una buona capacit\u00e0 di affilatura, una buona ritenzione del tagliente ed elevata resistenza alla corrosione.<\/p>\n<p>PESO DEL PRODOTTO<br \/>\n8,70 once<br \/>\nUPC<br \/>\n729857008037<br \/>\nTIPO LAMA IN ACCIAIO<br \/>\nAcciaio inossidabile<br \/>\nPAESE DI ORIGINE<br \/>\nCina<br \/>\nFINE<br \/>\nLavaggio della pietra<br \/>\nCONTEGGIO UTENSILI<br \/>\n21<br \/>\nTIPO LAMA IN ACCIAIO<br \/>\nAcciaio inossidabile<br \/>\nAZIONAMENTO DA 1\/4&#8243;.<br \/>\nS\u00cc<br \/>\nFILE A 3 LATI<br \/>\nS\u00cc<br \/>\nPUNTERUOLO<br \/>\nS\u00cc<br \/>\nAPRI BOTTIGLIA<br \/>\nS\u00cc<br \/>\nAPRISCATOLE<br \/>\nS\u00cc<br \/>\nLAMA COMPLETAMENTE SEGHETTATA<br \/>\nS\u00cc<br \/>\nPINZA<br \/>\nS\u00cc<br \/>\nTAGLIERINA PER FILO DURO<br \/>\nS\u00cc<br \/>\nCACCIAVITE PIATTO MEDIO<br \/>\nS\u00cc<br \/>\nPINZE AGO<br \/>\nS\u00cc<br \/>\nCACCIAVITE PHILIPS<br \/>\nS\u00cc<br \/>\nGONIOMETRO<br \/>\nS\u00cc<br \/>\nGOVERNATE<br \/>\nS\u00cc<br \/>\nKIT PUNTE ESAGONALI DA 12 PEZZI<br \/>\nS\u00cc<\/p>\n<p>&nbsp;<\/p>\n<p>&nbsp;<\/p>\n<p>&nbsp;<\/p>\n","protected":false},"excerpt":{"rendered":"<p>Che tu stia proteggendo gli altri o guidando un&#8217;epica spedizione di caccia, affrontando una delle sfide quotidiane della vita o affrontando le condizioni pi\u00f9 estreme, fatti strada con <strong>SOG<\/strong> .<\/p>\n<p><strong>Diamo una garanzia a vita su tutti i coltelli SOG!<\/strong><\/p>\n","protected":false},"featured_media":336379,"comment_status":"open","ping_status":"closed","template":"","meta":[],"pwb-brand":[3850],"product_brand":[],"product_cat":[3744],"product_tag":[3755],"class_list":{"0":"post-336377","1":"product","2":"type-product","3":"status-publish","4":"has-post-thumbnail","6":"pwb-brand-sog-it","7":"product_cat-multi-attrezzo","8":"product_tag-b2b-it","10":"first","11":"instock","12":"taxable","13":"shipping-taxable","14":"purchasable","15":"product-type-simple"},"brands":[{"id":3850,"name":"SOG","slug":"sog-it"}],"_links":{"self":[{"href":"https:\/\/www.moskito.cz\/it\/wp-json\/wp\/v2\/product\/336377","targetHints":{"allow":["GET"]}}],"collection":[{"href":"https:\/\/www.moskito.cz\/it\/wp-json\/wp\/v2\/product"}],"about":[{"href":"https:\/\/www.moskito.cz\/it\/wp-json\/wp\/v2\/types\/product"}],"replies":[{"embeddable":true,"href":"https:\/\/www.moskito.cz\/it\/wp-json\/wp\/v2\/comments?post=336377"}],"wp:featuredmedia":[{"embeddable":true,"href":"https:\/\/www.moskito.cz\/it\/wp-json\/wp\/v2\/media\/336379"}],"wp:attachment":[{"href":"https:\/\/www.moskito.cz\/it\/wp-json\/wp\/v2\/media?parent=336377"}],"wp:term":[{"taxonomy":"pwb-brand","embeddable":true,"href":"https:\/\/www.moskito.cz\/it\/wp-json\/wp\/v2\/pwb-brand?post=336377"},{"taxonomy":"product_brand","embeddable":true,"href":"https:\/\/www.moskito.cz\/it\/wp-json\/wp\/v2\/product_brand?post=336377"},{"taxonomy":"product_cat","embeddable":true,"href":"https:\/\/www.moskito.cz\/it\/wp-json\/wp\/v2\/product_cat?post=336377"},{"taxonomy":"product_tag","embeddable":true,"href":"https:\/\/www.moskito.cz\/it\/wp-json\/wp\/v2\/product_tag?post=336377"}],"curies":[{"name":"wp","href":"https:\/\/api.w.org\/{rel}","templated":true}]}}