{"id":336441,"date":"2022-04-26T20:53:17","date_gmt":"2024-04-22T14:48:34","guid":{"rendered":"https:\/\/www.moskito.cz\/produkt\/pinza-multifunzione-sog-powerlock-forbici-nere-busta-in-nylon\/"},"modified":"2025-05-07T11:13:19","modified_gmt":"2025-05-07T10:13:19","slug":"pinza-multifunzione-sog-powerlock-forbici-nere-busta-in-nylon","status":"publish","type":"product","link":"https:\/\/www.moskito.cz\/it\/produkt\/pinza-multifunzione-sog-powerlock-forbici-nere-busta-in-nylon\/","title":{"rendered":"Pinza Multifunzione SOG POWERLOCK FORBICI NERE BUSTA IN NYLON"},"content":{"rendered":"<p>Pinza Multifunzione <strong>SOG<\/strong> POWERLOCK FORBICI NERE BUSTA IN NYLON.<\/p>\n<p>Con il collaudato telaio PowerLock, SOG \u00e8 l&#8217;unica azienda ad applicare la tecnologia Compound Leverage all&#8217;EOD (Explosive Ordnance Disposal). Ci\u00f2 semplifica la crimpatura delle coperture dei getti e della linea di demolizione con una minore pressione della mano. Un&#8217;altra caratteristica unica del SOG \u00e8 il posizionamento del dispositivo di crimpatura all&#8217;interno del manico&#8230; non nella ganascia della pinza come in tutti gli altri modelli. Ci\u00f2 serve a ridurre al minimo i danni collaterali alla macchina crimpatrice e consente all&#8217;operatore di utilizzare appieno la superficie ininterrotta della pinza. Inoltre non si verifica alcun indebolimento delle pinze, che spesso causa la rottura delle punte delle pinze. Le apparecchiature di crimpatura producono crimpature senza crimpature e ad alta resistenza che soddisfano le specifiche dei fusibili governative. \u00c8 incluso anche un tronchese per fili duri. Tutto approvato da GSA.<\/p>\n<p>Leva composta esclusiva SOG<br \/>\nUna delle innovazioni pi\u00f9 utili nel mondo degli strumenti multifunzione. Ci\u00f2 rende l&#8217;apertura e la presa molto pi\u00f9 fluide, facili e potenti.<\/p>\n<p>I soldati usano PowerLock in alcuni dei luoghi pi\u00f9 pericolosi della Terra<br \/>\nMettiamola cos\u00ec: \u00e8 perfettamente in grado di gestire le faccende quotidiane in casa o sul posto di lavoro.<\/p>\n<p>18 strumenti a portata di mano<br \/>\nInclude pinza, coltello per filo duro, pinza per filo, pinza per ugello, sega per legno a 2 denti, lama parzialmente seghettata, lima a 3 lati, cacciavite grande, cacciavite Phillips, attacco da 1\/4&#8243;, punteruolo, apriscatole, piccolo cacciavite, apribottiglie , cacciavite medio, forbici e righelli.<\/p>\n<p>420 INOSSIDABILE<br \/>\nL&#8217;acciaio inossidabile 420 offre resistenza alla corrosione e maggiore resistenza e durezza.<\/p>\n<p>LEVA COMPOSTA<br \/>\nLa tecnologia brevettata Compound Leverage di SOG utilizza pi\u00f9 punti di articolazione che generano un maggiore sollevamento della maniglia rispetto al movimento delle pinze. Il risultato \u00e8 un vantaggio di leva pari a circa il doppio della potenza di un normale multiutensile, rendendo ogni taglio pi\u00f9 fluido e semplice.<\/p>\n<p>DISPOSITIVO CRIMPATORE EOD<br \/>\nSituato all&#8217;interno dell&#8217;impugnatura per ridurre al minimo i danni collaterali al dispositivo di crimpatura e consentire il pieno utilizzo della superficie ininterrotta della pinza. L&#8217;apparecchiatura di crimpatura produce crimpature senza crimpature con elevata resistenza all&#8217;estrazione che soddisfa le specifiche dei fusibili governative.<\/p>\n<p>PARAMETRI DEL PRODOTTO:<br \/>\nSPESSORE LAMA: 2 mm<br \/>\nLUNGHEZZA LAMA: 7 cm<br \/>\nACCIAIO: inossidabile 420<br \/>\nPESO: 27,2 grammi<br \/>\nMATERIALE MANICO: acciaio inossidabile 420<br \/>\nDIMENSIONE TOTALE: 17,8 cm<br \/>\nMATERIALE DELLA CASSA: tessuto sintetico<br \/>\nLUNGHEZZA MANICO: 11,7 cm<br \/>\nColore nero<br \/>\nTIPO DI FUSIBILE: Meccanismo pieghevole<\/p>\n<p>&nbsp;<\/p>\n","protected":false},"excerpt":{"rendered":"<p>Che tu stia proteggendo gli altri o guidando un&#8217;epica spedizione di caccia, affrontando una delle sfide quotidiane della vita o affrontando le condizioni pi\u00f9 estreme, fatti strada con <strong>SOG<\/strong> .<\/p>\n<p><strong>Diamo una garanzia a vita su tutti i coltelli SOG!<\/strong><\/p>\n","protected":false},"featured_media":336442,"comment_status":"open","ping_status":"closed","template":"","meta":[],"pwb-brand":[3850],"product_brand":[],"product_cat":[3744],"product_tag":[3755],"class_list":{"0":"post-336441","1":"product","2":"type-product","3":"status-publish","4":"has-post-thumbnail","6":"pwb-brand-sog-it","7":"product_cat-multi-attrezzo","8":"product_tag-b2b-it","10":"first","11":"instock","12":"taxable","13":"shipping-taxable","14":"purchasable","15":"product-type-simple"},"brands":[{"id":3850,"name":"SOG","slug":"sog-it"}],"_links":{"self":[{"href":"https:\/\/www.moskito.cz\/it\/wp-json\/wp\/v2\/product\/336441","targetHints":{"allow":["GET"]}}],"collection":[{"href":"https:\/\/www.moskito.cz\/it\/wp-json\/wp\/v2\/product"}],"about":[{"href":"https:\/\/www.moskito.cz\/it\/wp-json\/wp\/v2\/types\/product"}],"replies":[{"embeddable":true,"href":"https:\/\/www.moskito.cz\/it\/wp-json\/wp\/v2\/comments?post=336441"}],"wp:featuredmedia":[{"embeddable":true,"href":"https:\/\/www.moskito.cz\/it\/wp-json\/wp\/v2\/media\/336442"}],"wp:attachment":[{"href":"https:\/\/www.moskito.cz\/it\/wp-json\/wp\/v2\/media?parent=336441"}],"wp:term":[{"taxonomy":"pwb-brand","embeddable":true,"href":"https:\/\/www.moskito.cz\/it\/wp-json\/wp\/v2\/pwb-brand?post=336441"},{"taxonomy":"product_brand","embeddable":true,"href":"https:\/\/www.moskito.cz\/it\/wp-json\/wp\/v2\/product_brand?post=336441"},{"taxonomy":"product_cat","embeddable":true,"href":"https:\/\/www.moskito.cz\/it\/wp-json\/wp\/v2\/product_cat?post=336441"},{"taxonomy":"product_tag","embeddable":true,"href":"https:\/\/www.moskito.cz\/it\/wp-json\/wp\/v2\/product_tag?post=336441"}],"curies":[{"name":"wp","href":"https:\/\/api.w.org\/{rel}","templated":true}]}}