{"id":336542,"date":"2022-01-07T21:58:58","date_gmt":"2024-04-22T14:59:50","guid":{"rendered":"https:\/\/www.moskito.cz\/produkt\/ascia-sog-voodoo-hawk-mini-satinata\/"},"modified":"2025-05-07T11:13:20","modified_gmt":"2025-05-07T10:13:20","slug":"ascia-sog-voodoo-hawk-mini-satinata","status":"publish","type":"product","link":"https:\/\/www.moskito.cz\/it\/produkt\/ascia-sog-voodoo-hawk-mini-satinata\/","title":{"rendered":"Ascia SOG VOODOO HAWK MINI &#8211; SATINATA"},"content":{"rendered":"<p>L&#8217;originale SOG Voodoo Hawk \u00e8 stato progettato come una combinazione del nostro Tomahawk tattico e FastHawk. Questo Voodoo Hawk Mini \u00e8 pi\u00f9 piccolo e leggero pur presentando gli stessi componenti; testa di taglio estesa, punta perforante, manico compatto in nylon rinforzato con vetro e testa in metallo. Il Voodoo Hawk Mini ha tutto ci\u00f2 che ha il Voodoo Hawk, ma in una forma pi\u00f9 piccola e compatta, ideale per i viaggiatori all&#8217;aperto come backpackers, escursionisti, cacciatori o diportisti. Il resistente manico in nylon rinforzato con vetro pu\u00f2 sopportare colpi pur rimanendo resistente. Un ottimo strumento per qualsiasi cosa tu possa lanciargli. Include una custodia per il trasporto in nylon.<\/p>\n<p>Ascia <strong>SOG<\/strong> VOODOO HAWK MINI &#8211; SATINATA<\/p>\n<p>LUNGHEZZA TOTALE: 31 cm<br \/>\nPESO DEL PRODOTTO: 23,10 once<br \/>\nLUNGHEZZA LAMA: 7 cm<br \/>\nFINITURE: Satinata<br \/>\nDUREZZA: Rc. 46-52<br \/>\nTIPO DI LAMA IN ACCIAIO: 3Cr13MoV<br \/>\nTIPO DI BORDO: Dritto<br \/>\nMATERIALE MANICO: Nylon rinforzato con vetro<br \/>\nCOLORE MANICO: Nero<br \/>\nCUSTODIA INCLUSA: S\u00ec<br \/>\nCOLORE FOGLIO: Nero<br \/>\nMATERIALE DELLA LAMIERA: Nylon balistico<\/p>\n","protected":false},"excerpt":{"rendered":"<p><strong>IDEALE PER CACCIA E CAMPEGGIO<\/strong><\/p>\n<p>Che tu stia proteggendo gli altri o guidando un&#8217;epica spedizione di caccia, affrontando una delle sfide quotidiane della vita o affrontando le condizioni pi\u00f9 estreme, fatti strada con SOG.<\/p>\n<p><strong>Diamo una garanzia a vita su tutti i coltelli SOG!<\/strong><\/p>\n","protected":false},"featured_media":336543,"comment_status":"open","ping_status":"closed","template":"","meta":[],"pwb-brand":[3850],"product_brand":[],"product_cat":[3733],"product_tag":[3755],"class_list":{"0":"post-336542","1":"product","2":"type-product","3":"status-publish","4":"has-post-thumbnail","6":"pwb-brand-sog-it","7":"product_cat-assi","8":"product_tag-b2b-it","10":"first","11":"outofstock","12":"taxable","13":"shipping-taxable","14":"purchasable","15":"product-type-simple"},"brands":[{"id":3850,"name":"SOG","slug":"sog-it"}],"_links":{"self":[{"href":"https:\/\/www.moskito.cz\/it\/wp-json\/wp\/v2\/product\/336542","targetHints":{"allow":["GET"]}}],"collection":[{"href":"https:\/\/www.moskito.cz\/it\/wp-json\/wp\/v2\/product"}],"about":[{"href":"https:\/\/www.moskito.cz\/it\/wp-json\/wp\/v2\/types\/product"}],"replies":[{"embeddable":true,"href":"https:\/\/www.moskito.cz\/it\/wp-json\/wp\/v2\/comments?post=336542"}],"wp:featuredmedia":[{"embeddable":true,"href":"https:\/\/www.moskito.cz\/it\/wp-json\/wp\/v2\/media\/336543"}],"wp:attachment":[{"href":"https:\/\/www.moskito.cz\/it\/wp-json\/wp\/v2\/media?parent=336542"}],"wp:term":[{"taxonomy":"pwb-brand","embeddable":true,"href":"https:\/\/www.moskito.cz\/it\/wp-json\/wp\/v2\/pwb-brand?post=336542"},{"taxonomy":"product_brand","embeddable":true,"href":"https:\/\/www.moskito.cz\/it\/wp-json\/wp\/v2\/product_brand?post=336542"},{"taxonomy":"product_cat","embeddable":true,"href":"https:\/\/www.moskito.cz\/it\/wp-json\/wp\/v2\/product_cat?post=336542"},{"taxonomy":"product_tag","embeddable":true,"href":"https:\/\/www.moskito.cz\/it\/wp-json\/wp\/v2\/product_tag?post=336542"}],"curies":[{"name":"wp","href":"https:\/\/api.w.org\/{rel}","templated":true}]}}