{"id":336725,"date":"2023-03-25T20:30:30","date_gmt":"2024-04-23T11:24:32","guid":{"rendered":"https:\/\/www.moskito.cz\/produkt\/coltello-chiudibile-cold-steel-talwar-5-5-bordo-totale-seghettato-s35vn\/"},"modified":"2025-05-07T11:13:25","modified_gmt":"2025-05-07T10:13:25","slug":"coltello-chiudibile-cold-steel-talwar-5-5-bordo-totale-seghettato-s35vn","status":"publish","type":"product","link":"https:\/\/www.moskito.cz\/it\/produkt\/coltello-chiudibile-cold-steel-talwar-5-5-bordo-totale-seghettato-s35vn\/","title":{"rendered":"Coltello Chiudibile Cold Steel TALWAR 5.5&#8243; BORDO TOTALE SEGHETTATO S35VN"},"content":{"rendered":"<p>Coltello Chiudibile <strong>Cold Steel<\/strong> TALWAR 5.5&#8243; BORDO TOTALE SEGHETTATO S35VN<\/p>\n<p>&#8220;Se mi avete visto dare dimostrazioni di taglio, mi avrete sicuramente visto usare un grande 5\u00bd&#8221; Talwar. Perch\u00e9? Perch\u00e9 la sua lama \u00e8 extra larga, con una sottile sezione trasversale a forma di V e la punta rivolta verso l&#8217;alto. Tutte queste caratteristiche si sommano per renderlo uno dei migliori coltelli pieghevoli ad alte prestazioni al mondo. Non vedrai i nostri concorrenti duplicare le prestazioni di taglio del Talwar da 5 1\/2\u201d per un motivo: non possono! Venduto con una maniglia G-10 super resistente e un meccanismo di bloccaggio Tri-AD senza eguali, il nostro grande Talwar \u00e8 una bellezza se desideri grandi prestazioni da una cartella!&#8221; &#8211; Lynn Thompson<\/p>\n<p>Descrizione:<br \/>\nMateriale lama: CPM-S35VN<br \/>\nMateriale manico: G-10<br \/>\nSicurezza: blocco Tri-Ad<br \/>\nLunghezza lama: 14 cm<br \/>\nLunghezza totale: 32,7 cm<br \/>\nLunghezza del coltello piegato: 18,7 cm<br \/>\nSpessore lama: 3,8 mm<br \/>\nPeso: 244 g<br \/>\nTipo di lama: punto finale<\/p>\n","protected":false},"excerpt":{"rendered":"<p>Talwar \u00e8 un coltello chiudibile con lama seghettata o liscia. Ha un caratteristico bordo ricurvo verso la parte posteriore della lama. La sua forma non smentisce in alcun modo la sua originale, la spada indiana con lo stesso nome.<\/p>\n","protected":false},"featured_media":336726,"comment_status":"open","ping_status":"closed","template":"","meta":[],"pwb-brand":[3791],"product_brand":[],"product_cat":[3745,3749],"product_tag":[3755],"class_list":{"0":"post-336725","1":"product","2":"type-product","3":"status-publish","4":"has-post-thumbnail","6":"pwb-brand-acciaio-freddo","7":"product_cat-coltelli","8":"product_cat-coltelli-di-chiusura","9":"product_tag-b2b-it","11":"first","12":"instock","13":"taxable","14":"shipping-taxable","15":"purchasable","16":"product-type-simple"},"brands":[{"id":3791,"name":"Acciaio freddo","slug":"acciaio-freddo"}],"_links":{"self":[{"href":"https:\/\/www.moskito.cz\/it\/wp-json\/wp\/v2\/product\/336725","targetHints":{"allow":["GET"]}}],"collection":[{"href":"https:\/\/www.moskito.cz\/it\/wp-json\/wp\/v2\/product"}],"about":[{"href":"https:\/\/www.moskito.cz\/it\/wp-json\/wp\/v2\/types\/product"}],"replies":[{"embeddable":true,"href":"https:\/\/www.moskito.cz\/it\/wp-json\/wp\/v2\/comments?post=336725"}],"wp:featuredmedia":[{"embeddable":true,"href":"https:\/\/www.moskito.cz\/it\/wp-json\/wp\/v2\/media\/336726"}],"wp:attachment":[{"href":"https:\/\/www.moskito.cz\/it\/wp-json\/wp\/v2\/media?parent=336725"}],"wp:term":[{"taxonomy":"pwb-brand","embeddable":true,"href":"https:\/\/www.moskito.cz\/it\/wp-json\/wp\/v2\/pwb-brand?post=336725"},{"taxonomy":"product_brand","embeddable":true,"href":"https:\/\/www.moskito.cz\/it\/wp-json\/wp\/v2\/product_brand?post=336725"},{"taxonomy":"product_cat","embeddable":true,"href":"https:\/\/www.moskito.cz\/it\/wp-json\/wp\/v2\/product_cat?post=336725"},{"taxonomy":"product_tag","embeddable":true,"href":"https:\/\/www.moskito.cz\/it\/wp-json\/wp\/v2\/product_tag?post=336725"}],"curies":[{"name":"wp","href":"https:\/\/api.w.org\/{rel}","templated":true}]}}