{"id":336860,"date":"2022-01-05T21:50:55","date_gmt":"2024-04-23T12:33:46","guid":{"rendered":"https:\/\/www.moskito.cz\/produkt\/ascia-sog-fasthawk-lucidata\/"},"modified":"2026-04-27T23:17:39","modified_gmt":"2026-04-27T22:17:39","slug":"ascia-sog-fasthawk-lucidata","status":"publish","type":"product","link":"https:\/\/www.moskito.cz\/it\/produkt\/ascia-sog-fasthawk-lucidata\/","title":{"rendered":"Ascia SOG FastHawk lucidata"},"content":{"rendered":"<p>Il SOG FastHawk \u00e8 pi\u00f9 veloce, pi\u00f9 leggero, pi\u00f9 manovrabile e pi\u00f9 facile da trasportare rispetto al fratello tattico Tomahawk. Ci\u00f2 non significa che non sia ancora potente, versatile e funzionale. \u00c8 uno strumento che verr\u00e0 utilizzato molto pi\u00f9 di quanto ci si potrebbe aspettare. Tagliare, rompere, tagliare, martellare, perforare, calciare, fare leva, battere, radersi, scavare, aprire e lanciare sono tutte abilit\u00e0 alla portata di FastHawk. La testa in acciaio inossidabile 420 con rivestimento rigido nero \u00e8 fissata al manico in polimero balistico con viti per carichi pesanti e un manicotto in acciaio per garantire la massima integrit\u00e0. La scacchiera laterale del martello garantisce un posizionamento preciso durante l&#8217;oscillazione. Trasportato in una fondina di nylon che pu\u00f2 essere fissata a una cintura, uno zaino o un&#8217;attrezzatura. \u00c8 uno strumento universale per l&#8217;uomo moderno<\/p>\n<p><strong>Ascia SOG<\/strong> FastHawk lucidata.<\/p>\n<p>LUNGHEZZA TOTALE: 31 cm<br \/>\nPESO DEL PRODOTTO: 19,00 oz<br \/>\nLUNGHEZZA LAMA: 5 cm<br \/>\nFINITURE: Lucida<br \/>\nDUREZZA: Rc. 51-53<br \/>\nTIPO DI LAMA IN ACCIAIO: inossidabile 420<br \/>\nMATERIALE MANICO: Nylon rinforzato con vetro<br \/>\nCOLORE MANICO: Nero<br \/>\nCUSTODIA INCLUSA: S\u00ec<br \/>\nCOLORE FOGLIO: Nero<br \/>\nMATERIALE DELLA LAMIERA: Nylon balistico<\/p>\n","protected":false},"excerpt":{"rendered":"<p><strong>IDEALE PER CACCIA E CAMPEGGIO<\/strong><\/p>\n<p>Che tu stia proteggendo gli altri o guidando un&#8217;epica spedizione di caccia, affrontando una delle sfide quotidiane della vita o affrontando le condizioni pi\u00f9 estreme, fatti strada con <strong>SOG<\/strong> .<\/p>\n<p><strong>Diamo una garanzia a vita su tutti i coltelli SOG!<\/strong><\/p>\n","protected":false},"featured_media":336861,"comment_status":"open","ping_status":"closed","template":"","meta":[],"pwb-brand":[3850],"product_brand":[],"product_cat":[3733],"product_tag":[3755],"class_list":{"0":"post-336860","1":"product","2":"type-product","3":"status-publish","4":"has-post-thumbnail","6":"pwb-brand-sog-it","7":"product_cat-assi","8":"product_tag-b2b-it","10":"first","11":"outofstock","12":"sale","13":"taxable","14":"shipping-taxable","15":"purchasable","16":"product-type-simple"},"brands":[{"id":3850,"name":"SOG","slug":"sog-it"}],"_links":{"self":[{"href":"https:\/\/www.moskito.cz\/it\/wp-json\/wp\/v2\/product\/336860","targetHints":{"allow":["GET"]}}],"collection":[{"href":"https:\/\/www.moskito.cz\/it\/wp-json\/wp\/v2\/product"}],"about":[{"href":"https:\/\/www.moskito.cz\/it\/wp-json\/wp\/v2\/types\/product"}],"replies":[{"embeddable":true,"href":"https:\/\/www.moskito.cz\/it\/wp-json\/wp\/v2\/comments?post=336860"}],"wp:featuredmedia":[{"embeddable":true,"href":"https:\/\/www.moskito.cz\/it\/wp-json\/wp\/v2\/media\/336861"}],"wp:attachment":[{"href":"https:\/\/www.moskito.cz\/it\/wp-json\/wp\/v2\/media?parent=336860"}],"wp:term":[{"taxonomy":"pwb-brand","embeddable":true,"href":"https:\/\/www.moskito.cz\/it\/wp-json\/wp\/v2\/pwb-brand?post=336860"},{"taxonomy":"product_brand","embeddable":true,"href":"https:\/\/www.moskito.cz\/it\/wp-json\/wp\/v2\/product_brand?post=336860"},{"taxonomy":"product_cat","embeddable":true,"href":"https:\/\/www.moskito.cz\/it\/wp-json\/wp\/v2\/product_cat?post=336860"},{"taxonomy":"product_tag","embeddable":true,"href":"https:\/\/www.moskito.cz\/it\/wp-json\/wp\/v2\/product_tag?post=336860"}],"curies":[{"name":"wp","href":"https:\/\/api.w.org\/{rel}","templated":true}]}}