{"id":336886,"date":"2021-10-19T19:43:43","date_gmt":"2024-04-23T12:36:25","guid":{"rendered":"https:\/\/www.moskito.cz\/produkt\/sog-tattico-tomahawk\/"},"modified":"2026-01-15T14:49:17","modified_gmt":"2026-01-15T13:49:17","slug":"sog-tattico-tomahawk","status":"publish","type":"product","link":"https:\/\/www.moskito.cz\/it\/produkt\/sog-tattico-tomahawk\/","title":{"rendered":"SOG TATTICO TOMAHAWK"},"content":{"rendered":"<p>La nostra storia inizia in Vietnam, dove i membri della forza operativa speciale top secret americana, nota come MACV ( <strong>SOG<\/strong> ), trasportavano un coltello segreto unico nella giungla in missioni segrete. Alcuni anni dopo, nel 1986, questo coltello ispir\u00f2 un giovane designer di nome Spencer Frazer a fondare <strong>SOG<\/strong> Specialty Knives. La sua missione: riprodurre il coltello <strong>SOG<\/strong> Bowie originale e rendere omaggio all&#8217;unit\u00e0 operativa speciale che lo ha creato. Ci\u00f2 che era iniziato come un unico modello commemorativo divenne presto un&#8217;intera linea di strumenti innovativi, testati dalle forze speciali statunitensi e premiati persino come il coltello preferito dai Navy SEAL. Oggi i coltelli SOG vengono indossati con sicurezza nelle situazioni pi\u00f9 impegnative. Forgiati dalla tradizione, temprati sul campo, limati per voi.<\/p>\n<p>Che tu stia proteggendo gli altri o guidando un&#8217;epica spedizione di caccia, affrontando una delle sfide quotidiane della vita o affrontando le condizioni pi\u00f9 estreme, fatti strada con <strong>SOG<\/strong> .<\/p>\n<p><strong>SOG<\/strong> TATTICO TOMAHAWK .<\/p>\n<p>Il Tomahawk tattico si basa sul tomahawk vietnamita ed \u00e8 un&#8217;evoluzione estrema dell&#8217;originale, considerato una delle armi pi\u00f9 insolite ai suoi tempi. Oggi c&#8217;\u00e8 una reale necessit\u00e0 di uno strumento universale per operazioni di demolizione, scavo, rimozione di ostruzioni, estrazione e altre applicazioni ausiliarie. La testa in acciaio inossidabile 420 Hardcased \u00e8 fissata al manico in nylon rinforzato con fibra di vetro con viti resistenti e collari in acciaio per la stabilit\u00e0. Il martello laterale garantisce un posizionamento preciso durante il colpo. Portato in una custodia di nylon, \u00e8 uno strumento versatile per l&#8217;uomo moderno.<\/p>\n<p><strong>Uno strumento eccellente ti porter\u00e0 dalla missione al fuoco<\/strong><br \/>\nTomahawk da 15,75&#8243; con testa in acciaio inossidabile 420 con rivestimento duro montata su un manico in nylon rinforzato con fibra di vetro con viti solide e un manicotto in acciaio per la stabilit\u00e0. Il controllo laterale del martello garantisce un posizionamento accurato durante la martellatura. Trasportato in una custodia di nylon.<\/p>\n<p><strong>TESTA IN ACCIAIO INOSSIDABILE 420<\/strong><br \/>\nDurevole, resistente, eccellente resistenza alla corrosione&#8230; cosa si pu\u00f2 chiedere di pi\u00f9?<\/p>\n<p><strong>DURO COME UN CHIODO<\/strong><br \/>\nLa testa \u00e8 fissata al robusto manico con viti resistenti e un manicotto in acciaio.<\/p>\n<p><strong>MARTELLO LATERALE<\/strong><br \/>\nGarantisce un posizionamento preciso durante la battitura.<\/p>\n<p>LUNGHEZZA TOTALE: 40 cm<br \/>\nPESO DEL PRODOTTO: 24,00 once<br \/>\nLUNGHEZZA LAMA: 7 cm<br \/>\nFINITURE: Nero<br \/>\nDUREZZA: RC 51-53<br \/>\nTIPO LAMA IN ACCIAIO: acciaio inossidabile 420<br \/>\nTIPO DI BORDO: Dritto<br \/>\nMATERIALE MANICO: Nylon rinforzato con vetro<br \/>\nCOLORE MANICO: Nero<br \/>\nCOPERTURA INCLUSA: S\u00ec<br \/>\nCOLORE FOGLIO: Nero<br \/>\nMATERIALE DELLA LAMIERA: Nylon balistico<\/p>\n<p>Basato sul Tomahawk del Vietnam, il Tomahawk tattico \u00e8 un&#8217;evoluzione estrema dell&#8217;originale, considerato una delle armi pi\u00f9 insolite dell&#8217;epoca. Oggi c&#8217;\u00e8 una reale necessit\u00e0 di uno strumento versatile per operazioni di sfondamento, scavo, rimozione di ostacoli, estrazione e altre applicazioni di utilit\u00e0. La testa in acciaio inossidabile 420 con rivestimento Hardcased \u00e8 montata sul manico in nylon rinforzato con fibra di vetro con bulloni per carichi pesanti e una ghiera in acciaio per la stabilit\u00e0. La zigrinatura laterale del martello garantisce un posizionamento preciso durante la martellatura. Portato in una guaina di nylon, \u00e8 uno strumento universale per l&#8217;uomo moderno.<\/p>\n<p>Uno strumento eccellente ti porta dalla missione al fuoco<br \/>\nUn tomahawk da 15,75&#8243; con testa in acciaio inossidabile 420 con rivestimento rigido montato sul manico in nylon rinforzato con fibra di vetro con bulloni per carichi pesanti e puntale in acciaio per la stabilit\u00e0. La zigrinatura laterale del martello garantisce un posizionamento preciso durante la martellatura. Portato in una guaina di nylon.<\/p>\n<p>LUNGHEZZA TOTALE<br \/>\n15,75&#8243;<br \/>\nPESO DEL PRODOTTO<br \/>\n24,00 once<br \/>\nLUNGHEZZA DELLA LAMA<br \/>\n2,75&#8243;<br \/>\nUPC<br \/>\n7-29857-99485-9<br \/>\n\u00c8 PREORDINABILE<br \/>\nSU<br \/>\nDATA DI PREORDINE<br \/>\nSU<br \/>\nTIPOLOGIA DI PRODOTTO<br \/>\nAscia<br \/>\nFINE<br \/>\nNero<br \/>\nCONFEZIONE<br \/>\nBlister<br \/>\nPAESE DI ORIGINE<br \/>\nCina<br \/>\nINCISIONABILE<br \/>\nS\u00cc<br \/>\nDUREZZA<br \/>\nRC. 51-53<br \/>\nTIPO LAMA IN ACCIAIO<br \/>\n420 inossidabile<br \/>\nTIPO DI BORDO<br \/>\nDritto<br \/>\nMATERIALE DELLA MANIGLIA<br \/>\nNylon rinforzato con vetro<br \/>\nCOLORE MANIGLIA<br \/>\nNero<br \/>\nFODERA INCLUSA<br \/>\nS\u00cc<br \/>\nCOLORE GUAINA<br \/>\nNero<br \/>\nMATERIALE GUAINA<br \/>\nNylon balistico<br \/>\nTIPO DI ATTACCO GUAINA<br \/>\nPassante per cintura<br \/>\nTIPO DI CHIUSURA GUAINA<br \/>\nAffrettato<\/p>\n","protected":false},"excerpt":{"rendered":"<p>Che tu stia proteggendo gli altri o guidando un&#8217;epica spedizione di caccia, affrontando una delle sfide quotidiane della vita o affrontando le condizioni pi\u00f9 estreme, fatti strada con <strong>SOG<\/strong> .<\/p>\n<p><strong>Diamo una garanzia a vita su tutti i coltelli SOG!<\/strong><\/p>\n","protected":false},"featured_media":336887,"comment_status":"open","ping_status":"closed","template":"","meta":[],"pwb-brand":[3850],"product_brand":[],"product_cat":[3733],"product_tag":[3755],"class_list":{"0":"post-336886","1":"product","2":"type-product","3":"status-publish","4":"has-post-thumbnail","6":"pwb-brand-sog-it","7":"product_cat-assi","8":"product_tag-b2b-it","10":"first","11":"instock","12":"taxable","13":"shipping-taxable","14":"purchasable","15":"product-type-simple"},"brands":[{"id":3850,"name":"SOG","slug":"sog-it"}],"_links":{"self":[{"href":"https:\/\/www.moskito.cz\/it\/wp-json\/wp\/v2\/product\/336886","targetHints":{"allow":["GET"]}}],"collection":[{"href":"https:\/\/www.moskito.cz\/it\/wp-json\/wp\/v2\/product"}],"about":[{"href":"https:\/\/www.moskito.cz\/it\/wp-json\/wp\/v2\/types\/product"}],"replies":[{"embeddable":true,"href":"https:\/\/www.moskito.cz\/it\/wp-json\/wp\/v2\/comments?post=336886"}],"wp:featuredmedia":[{"embeddable":true,"href":"https:\/\/www.moskito.cz\/it\/wp-json\/wp\/v2\/media\/336887"}],"wp:attachment":[{"href":"https:\/\/www.moskito.cz\/it\/wp-json\/wp\/v2\/media?parent=336886"}],"wp:term":[{"taxonomy":"pwb-brand","embeddable":true,"href":"https:\/\/www.moskito.cz\/it\/wp-json\/wp\/v2\/pwb-brand?post=336886"},{"taxonomy":"product_brand","embeddable":true,"href":"https:\/\/www.moskito.cz\/it\/wp-json\/wp\/v2\/product_brand?post=336886"},{"taxonomy":"product_cat","embeddable":true,"href":"https:\/\/www.moskito.cz\/it\/wp-json\/wp\/v2\/product_cat?post=336886"},{"taxonomy":"product_tag","embeddable":true,"href":"https:\/\/www.moskito.cz\/it\/wp-json\/wp\/v2\/product_tag?post=336886"}],"curies":[{"name":"wp","href":"https:\/\/api.w.org\/{rel}","templated":true}]}}