{"id":336943,"date":"2024-04-23T14:05:01","date_gmt":"2024-04-23T13:11:25","guid":{"rendered":"https:\/\/www.moskito.cz\/produkt\/coltello-chiudibile-microtech-anfibio-stonewashed-137rl-11fl\/"},"modified":"2025-05-07T11:13:31","modified_gmt":"2025-05-07T10:13:31","slug":"coltello-chiudibile-microtech-anfibio-stonewashed-137rl-11fl","status":"publish","type":"product","link":"https:\/\/www.moskito.cz\/it\/produkt\/coltello-chiudibile-microtech-anfibio-stonewashed-137rl-11fl\/","title":{"rendered":"Coltello Chiudibile Microtech Anfibio Stonewashed 137RL-11FL"},"content":{"rendered":"<p>Coltello Chiudibile <strong>Microtech<\/strong> Anfibio Stonewashed 137RL-11FL.<\/p>\n<p><strong>Amphibian<\/strong> \u00e8 un vero classico Marfione risalente a pi\u00f9 di 20 anni fa. Viene dai tempi antichi in cui <strong>i coltelli<\/strong> <strong>Microtech<\/strong> potevano essere sia automatici che manuali&#8230; allo stesso tempo. Ci\u00f2 che abbiamo qui \u00e8 una versione manuale che incorpora il design RAM-LOK di Tony con una clip da tasca ambidestra e due perni per il pollice per un coltello completamente ambidestro che non sacrifica nulla in alcun modo. Presenta la lama in acciaio brevettata Bohler M390MK disponibile solo da Microtech Knives. Il coltello \u00e8 simile all&#8217;MSI Microtech Standard in termini di dimensioni, ma in termini di stile non c&#8217;\u00e8 paragone. L&#8217;Anfibio \u00e8 uno dei coltelli tattici pi\u00f9 belli di tutti i tempi e siamo lieti che sia tornato e sia disponibile per le masse!<br \/>\nSpecifiche:<\/p>\n<p>Lunghezza lama: <span id=\"cwos\" class=\"qv3Wpe\">9,67<\/span> cm<br \/>\nLunghezza chiusa: 5,375&#8243;<br \/>\nLunghezza totale: <span id=\"cwos\" class=\"qv3Wpe\">13,42<\/span> cm<br \/>\nAcciaio della lama: acciaio inossidabile Bohler M390MK<br \/>\nStile lama: punto di clip<br \/>\nAffilatura della lama: cava<br \/>\nTrattamento superficiale della lama: Stonewash<br \/>\nMateriale impugnatura: zigrinato 7075-T6 di grado ordigno, tutta lega, rivestimento duro nero Mil-Spec<br \/>\nMeccanismo di bloccaggio: RAM-LOK<br \/>\nClip da tasca: Titanio (pieghevole, usura sinistra\/destra)<br \/>\nPeso: 6,49 once.<br \/>\nProgettista: Tony Marfione<br \/>\nFabbricato negli Usa<\/p>\n<p>&nbsp;<\/p>\n","protected":false},"excerpt":{"rendered":"<div class=\"elementor-element elementor-element-bbb542b elementor-widget elementor-widget-woocommerce-product-short-description\" data-id=\"bbb542b\" data-element_type=\"widget\" data-widget_type=\"woocommerce-product-short-description.default\">\n<div class=\"elementor-widget-container\">\n<div class=\"woocommerce-product-details__short-description\">\n<p>Nel corso degli anni Microtech\u00ae Knives ha riempito i coltelli di passione e maestria fino a creare quasi opere d&#8217;arte che sono l&#8217;apice della funzionalit\u00e0. Tutte le parti sono prodotte negli Stati Uniti.<br \/>\n<strong>Tutti i coltelli Microtech sono coperti da una garanzia a vita.<\/strong><\/p>\n<p><strong>Trasporto gratuito.<\/strong><\/p>\n<\/div>\n<\/div>\n<\/div>\n","protected":false},"featured_media":336902,"comment_status":"open","ping_status":"closed","template":"","meta":[],"pwb-brand":[3753],"product_brand":[],"product_cat":[3745,3749],"product_tag":[3755],"class_list":{"0":"post-336943","1":"product","2":"type-product","3":"status-publish","4":"has-post-thumbnail","6":"pwb-brand-microtecnologia-it","7":"product_cat-coltelli","8":"product_cat-coltelli-di-chiusura","9":"product_tag-b2b-it","11":"first","12":"instock","13":"taxable","14":"shipping-taxable","15":"purchasable","16":"product-type-simple"},"brands":[{"id":3753,"name":"Microtecnologia","slug":"microtecnologia-it"}],"_links":{"self":[{"href":"https:\/\/www.moskito.cz\/it\/wp-json\/wp\/v2\/product\/336943","targetHints":{"allow":["GET"]}}],"collection":[{"href":"https:\/\/www.moskito.cz\/it\/wp-json\/wp\/v2\/product"}],"about":[{"href":"https:\/\/www.moskito.cz\/it\/wp-json\/wp\/v2\/types\/product"}],"replies":[{"embeddable":true,"href":"https:\/\/www.moskito.cz\/it\/wp-json\/wp\/v2\/comments?post=336943"}],"wp:featuredmedia":[{"embeddable":true,"href":"https:\/\/www.moskito.cz\/it\/wp-json\/wp\/v2\/media\/336902"}],"wp:attachment":[{"href":"https:\/\/www.moskito.cz\/it\/wp-json\/wp\/v2\/media?parent=336943"}],"wp:term":[{"taxonomy":"pwb-brand","embeddable":true,"href":"https:\/\/www.moskito.cz\/it\/wp-json\/wp\/v2\/pwb-brand?post=336943"},{"taxonomy":"product_brand","embeddable":true,"href":"https:\/\/www.moskito.cz\/it\/wp-json\/wp\/v2\/product_brand?post=336943"},{"taxonomy":"product_cat","embeddable":true,"href":"https:\/\/www.moskito.cz\/it\/wp-json\/wp\/v2\/product_cat?post=336943"},{"taxonomy":"product_tag","embeddable":true,"href":"https:\/\/www.moskito.cz\/it\/wp-json\/wp\/v2\/product_tag?post=336943"}],"curies":[{"name":"wp","href":"https:\/\/api.w.org\/{rel}","templated":true}]}}