{"id":337146,"date":"2024-04-23T15:53:11","date_gmt":"2024-04-23T14:57:07","guid":{"rendered":"https:\/\/www.moskito.cz\/produkt\/coltello-da-tiro-microtech-cypher-ii-s-e-apocalyptic-1241-11ap\/"},"modified":"2025-05-07T11:13:37","modified_gmt":"2025-05-07T10:13:37","slug":"coltello-da-tiro-microtech-cypher-ii-s-e-apocalyptic-1241-11ap","status":"publish","type":"product","link":"https:\/\/www.moskito.cz\/it\/produkt\/coltello-da-tiro-microtech-cypher-ii-s-e-apocalyptic-1241-11ap\/","title":{"rendered":"Coltello da tiro Microtech Cypher II S\/E Apocalyptic 1241-11AP"},"content":{"rendered":"<p>Coltello da tiro <strong>Microtech Cypher<\/strong> II S\/E Apocalyptic 1241-11AP.<\/p>\n<p>Deryk DC Munroe \u00e8 la principale fonte di ingegneria e manodopera per MunroeKnives. La passione per le armi, che dura da sempre, lo ha portato a creare il suo primo coltello nel 1984. Nel 1997, ha intrapreso un percorso piuttosto contorto per diventare un produttore di coltelli a tempo pieno. Ha esplorato e sviluppato vari aspetti del mestiere che lo hanno guidato da allora. Il suo stile \u00e8 unico e la qualit\u00e0 dei suoi ingredienti \u00e8 semplicemente eccezionale. Quindi \u00e8 stata una scelta ovvia per Tony lavorare con Deryk su questo secondo coltello della collaborazione Munroe\/Marfione, il Cypher.<\/p>\n<p><strong>Il Microtech Cypher<\/strong> vede il ritorno dell&#8217;OTF preferito dai fan con miglioramenti all&#8217;avanguardia rispetto al design originale. Il classico Cypher \u00e8 stato ridisegnato dentro e fuori, stabilendo un nuovo standard per la tecnologia moderna. L&#8217;ultima innovativa trasmissione a doppia alimentazione di Microtech consente un controllo senza sforzo e l&#8217;azione pi\u00f9 fluida mai vista su un OTF.<\/p>\n<p>Le scanalature sul telaio aggiungono un elemento elegante fornendo al contempo la massima presa e la clip da tasca in titanio 6Al4V con fermo in ceramica offre all&#8217;utente opzioni di trasporto sicure e convenienti. Il corpo senza viti e il rompi-vetro integrato conferiscono un aspetto pi\u00f9 snello, mentre il design aggiornato della tasca con bottone riduce l&#8217;attrito e facilita lo spostamento dei detriti. Con le sue dimensioni relativamente compatte e la facilit\u00e0 di implementazione, il Cypher riprogettato stabilisce il punto di riferimento per la rinomata combinazione di stile e utilit\u00e0 di Microtech nella nostra linea premium.<\/p>\n<p>Specifiche:<\/p>\n<p>Lunghezza lama: <span id=\"cwos\" class=\"qv3Wpe\">8,75<\/span> cm<br \/>\nLunghezza da chiuso: 12,5 cm<br \/>\nLunghezza totale: 21,25 centimetri<br \/>\nAcciaio della lama: acciaio inossidabile Bohler M390MK<br \/>\nStile lama: Tanto inverso<br \/>\nAffilatura della lama: piatta<br \/>\nTrattamento superficiale della lama: Stonewash<br \/>\nMateriale impugnatura: alluminio nero fresato<br \/>\nSpessore manico: 0,478&#8243;<br \/>\nMeccanismo di chiusura: scorrevole<br \/>\nClip da tasca: titanio con sfera in ceramica (ripiegabile verso il basso, destra\/sinistra)<br \/>\nPeso: 3,88 once.<br \/>\nDesigner: Deryk Munroe e Tony Marfione<br \/>\nFabbricato negli Usa<\/p>\n<p>&nbsp;<\/p>\n<p>&nbsp;<\/p>\n<p>&nbsp;<\/p>\n","protected":false},"excerpt":{"rendered":"<div class=\"elementor-element elementor-element-bbb542b elementor-widget elementor-widget-woocommerce-product-short-description\" data-id=\"bbb542b\" data-element_type=\"widget\" data-widget_type=\"woocommerce-product-short-description.default\">\n<div class=\"elementor-widget-container\">\n<div class=\"woocommerce-product-details__short-description\">\n<p>Nel corso degli anni Microtech\u00ae Knives ha riempito i coltelli di passione e maestria fino a creare quasi opere d&#8217;arte che sono l&#8217;apice della funzionalit\u00e0. Tutte le parti sono prodotte negli Stati Uniti.<br \/>\n<strong>Tutti i coltelli Microtech sono coperti da una garanzia a vita.<\/strong><\/p>\n<p><strong>Trasporto gratuito.<\/strong><\/p>\n<\/div>\n<\/div>\n<\/div>\n","protected":false},"featured_media":351844,"comment_status":"open","ping_status":"closed","template":"","meta":[],"pwb-brand":[3753],"product_brand":[],"product_cat":[3745,3748],"product_tag":[3755],"class_list":{"0":"post-337146","1":"product","2":"type-product","3":"status-publish","4":"has-post-thumbnail","6":"pwb-brand-microtecnologia-it","7":"product_cat-coltelli","8":"product_cat-coltelli-da-tiro","9":"product_tag-b2b-it","11":"first","12":"instock","13":"taxable","14":"shipping-taxable","15":"purchasable","16":"product-type-simple"},"brands":[{"id":3753,"name":"Microtecnologia","slug":"microtecnologia-it"}],"_links":{"self":[{"href":"https:\/\/www.moskito.cz\/it\/wp-json\/wp\/v2\/product\/337146","targetHints":{"allow":["GET"]}}],"collection":[{"href":"https:\/\/www.moskito.cz\/it\/wp-json\/wp\/v2\/product"}],"about":[{"href":"https:\/\/www.moskito.cz\/it\/wp-json\/wp\/v2\/types\/product"}],"replies":[{"embeddable":true,"href":"https:\/\/www.moskito.cz\/it\/wp-json\/wp\/v2\/comments?post=337146"}],"wp:featuredmedia":[{"embeddable":true,"href":"https:\/\/www.moskito.cz\/it\/wp-json\/wp\/v2\/media\/351844"}],"wp:attachment":[{"href":"https:\/\/www.moskito.cz\/it\/wp-json\/wp\/v2\/media?parent=337146"}],"wp:term":[{"taxonomy":"pwb-brand","embeddable":true,"href":"https:\/\/www.moskito.cz\/it\/wp-json\/wp\/v2\/pwb-brand?post=337146"},{"taxonomy":"product_brand","embeddable":true,"href":"https:\/\/www.moskito.cz\/it\/wp-json\/wp\/v2\/product_brand?post=337146"},{"taxonomy":"product_cat","embeddable":true,"href":"https:\/\/www.moskito.cz\/it\/wp-json\/wp\/v2\/product_cat?post=337146"},{"taxonomy":"product_tag","embeddable":true,"href":"https:\/\/www.moskito.cz\/it\/wp-json\/wp\/v2\/product_tag?post=337146"}],"curies":[{"name":"wp","href":"https:\/\/api.w.org\/{rel}","templated":true}]}}