{"id":337230,"date":"2022-10-19T22:19:02","date_gmt":"2022-10-19T21:19:02","guid":{"rendered":"https:\/\/www.moskito.cz\/produkt\/coltello-chiudibile-microtech-marfione-custom-knives-matrix-r-flipper-365-mck\/"},"modified":"2025-05-07T11:13:40","modified_gmt":"2025-05-07T10:13:40","slug":"coltello-chiudibile-microtech-marfione-custom-knives-matrix-r-flipper-365-mck","status":"publish","type":"product","link":"https:\/\/www.moskito.cz\/it\/produkt\/coltello-chiudibile-microtech-marfione-custom-knives-matrix-r-flipper-365-mck\/","title":{"rendered":"Coltello Chiudibile Microtech Marfione Custom Knives Matrix R Flipper 365-MCK"},"content":{"rendered":"<p>Coltello Chiudibile <strong>Microtech Marfione<\/strong> Custom Knives Matrix R Flipper 365-MCK.<\/p>\n<p>Con Marfione Custom Matrix R ottieni materiali di prima qualit\u00e0, lavorazione di precisione, ergonomia eccellente, aderenza alla mano e finitura. Ha un&#8217;ottima sensazione ergonomica nella mano e un design perfettamente bilanciato. La forma della lama \u00e8 eccellente: offre un ampio ventre per affettare, una punta ben rinforzata per pugnalare e un modo per aprire la fessura del pollice oltre alla linguetta della pinna. L&#8217;ampia fessura nella lama riduce drasticamente il peso rendendolo qualcosa di molto maneggevole per le sue dimensioni impressionanti. Tutto va bene insieme, sembra fantastico dal vivo e siamo sicuri che rimarrai colpito.<\/p>\n<p>La dimensione \u00e8 ideale se preferisci una lama EDC pi\u00f9 grande che pu\u00f2 facilmente flettersi in un ruolo tattico. Il manico \u00e8 in titanio splendidamente lavorato con una famosa finitura incisa caricata elettricamente che Tony in questo momento chiama Acido Galattico. Viene fornito con un rompivetro in bronzo e titanio nella parte posteriore e un backspacer coordinato con fresatura complessa con un piccolo foro per cordino. La lama in acciaio inossidabile M390 ti d\u00e0 la possibilit\u00e0 di utilizzare un meccanismo a ribalta o una scanalatura per il sangue per aprire la lama e entrambi funzionano altrettanto bene. \u00c8 un coltello che vorrai portare con te ogni giorno e diventer\u00e0 sicuramente uno dei preferiti della tua collezione in pochissimo tempo. Include certificato di autenticit\u00e0 in metallo, custodia personalizzata con cerniera in nylon, perlina e cordino Meadow Viper Spartan.<\/p>\n<p>Specifiche<br \/>\nLunghezza lama: 9,375 cm<br \/>\nLunghezza totale: 23,43 centimetri<br \/>\nMateriale lama: acciaio inossidabile M390<br \/>\nSpessore lama: 0,41 cm<br \/>\nStile lama: punto di caduta<br \/>\nAffilatura della lama: cava<br \/>\nTrattamento superficiale della lama: specchio<br \/>\nMateriale manico: titanio acido galattico<br \/>\nMeccanismo di bloccaggio: Blocco telaio<br \/>\nGruppo perno: cuscinetti<br \/>\nClip da tasca: titanio bronzo (pieghevole, usura destra)<br \/>\nMateriale custodia: nylon con cerniera<br \/>\nPeso: 6,84 once.<br \/>\nProgettista: Tony Marfione<br \/>\nHardware in bronzo titanio<br \/>\nFatto a mano negli Stati Uniti<\/p>\n<p><iframe title=\"Microtech Combat Troodon Torture Test\" width=\"800\" height=\"450\" src=\"https:\/\/www.youtube.com\/embed\/xE9TeOFYEjg?feature=oembed\" frameborder=\"0\" allow=\"accelerometer; autoplay; clipboard-write; encrypted-media; gyroscope; picture-in-picture; web-share\" referrerpolicy=\"strict-origin-when-cross-origin\" allowfullscreen><\/iframe><\/p>\n<p>&nbsp;<\/p>\n","protected":false},"excerpt":{"rendered":"<p>Con Marfione Custom <strong>Matrix R<\/strong> ottieni materiali di prima qualit\u00e0, lavorazioni precise,<\/p>\n","protected":false},"featured_media":337231,"comment_status":"open","ping_status":"closed","template":"","meta":[],"pwb-brand":[3753],"product_brand":[],"product_cat":[3749,3745],"product_tag":[3755],"class_list":{"0":"post-337230","1":"product","2":"type-product","3":"status-publish","4":"has-post-thumbnail","6":"pwb-brand-microtecnologia-it","7":"product_cat-coltelli-di-chiusura","8":"product_cat-coltelli","9":"product_tag-b2b-it","11":"first","12":"instock","13":"taxable","14":"shipping-taxable","15":"purchasable","16":"product-type-simple"},"brands":[{"id":3753,"name":"Microtecnologia","slug":"microtecnologia-it"}],"_links":{"self":[{"href":"https:\/\/www.moskito.cz\/it\/wp-json\/wp\/v2\/product\/337230","targetHints":{"allow":["GET"]}}],"collection":[{"href":"https:\/\/www.moskito.cz\/it\/wp-json\/wp\/v2\/product"}],"about":[{"href":"https:\/\/www.moskito.cz\/it\/wp-json\/wp\/v2\/types\/product"}],"replies":[{"embeddable":true,"href":"https:\/\/www.moskito.cz\/it\/wp-json\/wp\/v2\/comments?post=337230"}],"wp:featuredmedia":[{"embeddable":true,"href":"https:\/\/www.moskito.cz\/it\/wp-json\/wp\/v2\/media\/337231"}],"wp:attachment":[{"href":"https:\/\/www.moskito.cz\/it\/wp-json\/wp\/v2\/media?parent=337230"}],"wp:term":[{"taxonomy":"pwb-brand","embeddable":true,"href":"https:\/\/www.moskito.cz\/it\/wp-json\/wp\/v2\/pwb-brand?post=337230"},{"taxonomy":"product_brand","embeddable":true,"href":"https:\/\/www.moskito.cz\/it\/wp-json\/wp\/v2\/product_brand?post=337230"},{"taxonomy":"product_cat","embeddable":true,"href":"https:\/\/www.moskito.cz\/it\/wp-json\/wp\/v2\/product_cat?post=337230"},{"taxonomy":"product_tag","embeddable":true,"href":"https:\/\/www.moskito.cz\/it\/wp-json\/wp\/v2\/product_tag?post=337230"}],"curies":[{"name":"wp","href":"https:\/\/api.w.org\/{rel}","templated":true}]}}