{"id":337433,"date":"2024-04-30T15:38:06","date_gmt":"2024-04-30T14:41:57","guid":{"rendered":"https:\/\/www.moskito.cz\/produkt\/coltello-da-tiro-microtech-combat-troodon-1142-1t\/"},"modified":"2025-05-07T11:13:44","modified_gmt":"2025-05-07T10:13:44","slug":"coltello-da-tiro-microtech-combat-troodon-1142-1t","status":"publish","type":"product","link":"https:\/\/www.moskito.cz\/it\/produkt\/coltello-da-tiro-microtech-combat-troodon-1142-1t\/","title":{"rendered":"Coltello da tiro Microtech Combat Troodon 1142-1T"},"content":{"rendered":"<p>Coltello da tiro <strong>Microtech<\/strong> Combat Troodon 1142-1T.<\/p>\n<p><strong>Il Combat Troodon<\/strong> D\/E Gen 3 Tactical Black Aluminium, Black \u00e8 il pi\u00f9 grande coltello automatico OTF (Out The Front) della serie Troodon, costruito per un&#8217;ampia gamma di applicazioni di utilit\u00e0. \u00c8 realizzato con precisione e presenta un meccanismo sofisticato e dannatamente veloce che estende la lama affilatissima. Prodotto e assemblato al 100% negli Stati Uniti. Progettato da Anthony Marfione, produttore di coltelli e proprietario di Microtech Knives.<\/p>\n<p><strong>Combat Troodon<\/strong> OTF Line &#8211; Troodon significa &#8220;dente che ferisce&#8221; in greco. Sebbene il nome sia stato dato per la prima volta al dinosauro simile a un Raptor, il nome \u00e8 ugualmente appropriato per il grande coltello OTF di Microtech, progettato per una variet\u00e0 di usi e combattimenti ravvicinati. Il coltello automatico esagerato a doppia azione (D\/A) \u00e8 un OTF popolare tra le forze dell&#8217;ordine, l&#8217;esercito americano e il personale di emergenza. La sua costruzione robusta rende il Combat Troodon\u00ae adatto per un uso intensivo, e i vantaggi dell&#8217;automatico Out The Front lo rendono anche un coltello eccellente per il trasporto quotidiano.<\/p>\n<p>M390MK: una collaborazione tra gli ingegneri Microtech e B\u00f6hler ha portato ad una versione esclusiva dell&#8217;acciaio M390 realizzata appositamente per Microtech. Il contenuto di carbonio \u00e8 stato aumentato e sottoposto a indagini pi\u00f9 dettagliate, migliorando le propriet\u00e0 dell&#8217;acciaio M390 per fornire una migliore ritenzione dei bordi, resistenza alla corrosione e lucidabilit\u00e0. Acciaio al cromo martensitico ad alte prestazioni prodotto mediante metallurgia delle polveri. Grazie al suo concetto di lega, ha una resistenza all&#8217;usura estremamente elevata ed un&#8217;elevata resistenza alla corrosione. Grazie alla sua elevata resistenza all&#8217;usura, mantiene adeguatamente la forma della lama, quindi la lama rimane affilata per molto tempo (richiede una manutenzione minima). Altro vantaggio \u00e8 la resistenza alla formazione del \u201cfilo\u201d durante l&#8217;affilatura. L&#8217;acciaio ha un alto contenuto di cromo 19,0% (Cr) drogato con 1,95% carbonio (C), vanadio 4,0% (V) ed \u00e8 temprato a 59-61 HRC. Questo super acciaio \u00e8 paragonabile agli acciai CPM 20CV o CTS-204P di Carpenter. Produttore B\u00f6hler Edelstahl a Kapfenberg, Austria.<\/p>\n<p>Lama: affilata a macchina, a doppio taglio, tipo D\/E (pugnale a doppio taglio), rivestita di nero. La lama \u00e8 stata realizzata con un&#8217;elevata affilatura piatta (Flat Grind), che garantisce eccellenti propriet\u00e0 di taglio. Grazie a ci\u00f2, il coltello ha eccellenti propriet\u00e0 penetranti pur mantenendo la forza. La grana posizionata centralmente rafforza ulteriormente la lama. Un robusto meccanismo di estensione\/retrazione della lama con uno scivolo per pollice stampato, uno scivolo per pollice a gradini, richiede l&#8217;utilizzo di una forza specifica per superare la resistenza della molla per motivi di sicurezza. Il metodo di apertura garantisce un&#8217;apertura senza problemi sia per gli utenti destrimani che per quelli mancini.<\/p>\n<p>Maniglia: realizzata con eccellente precisione nella tecnologia 3D su fresatrici CNC, in alluminio 6061-T6 anodizzato nero rivestito Mil-Spec. La struttura superficiale del manico e le profonde tacche (jimp) su di esso assicurano che il coltello non scivoli nella mano durante l&#8217;uso. Il profilo sottile e la clip di trasporto profonda fissa fresata a due posizioni (destra\/sinistra) consentono di trasportare discretamente il coltello in una tasca, in posizione con la punta verso il basso (lama rivolta verso il basso). La clip riporta il logo Microtech, numero di serie e data di produzione. Il manico \u00e8 rifinito con un frangivetro, un solido triangolo di acciaio nel quale \u00e8 pressata una sfera di carburo di tungsteno. Ha anche un&#8217;apertura per intrecciare un cordone decorativo.<\/p>\n<p>Dati tecnici:<br \/>\nCodice prodotto: 1142-1T<br \/>\nNome del prodotto: Combat Troodon D\/E Gen 3 Tattico Nero Alluminio, Nero<\/p>\n<p>Lunghezza totale: 24,13 cm<br \/>\nLunghezza lama: 9,65 cm<br \/>\nSpessore lama: 0,33 cm<br \/>\nLunghezza manico: 14,6 cm<br \/>\nSpessore manico: 1,50 cm<br \/>\nPeso: 150,0 g \/ 5,3 once<\/p>\n<p>Materiale lama: B\u00f6hler M390MK<br \/>\nDurezza della lama: n.d<br \/>\nAffilatura della lama: piatta<br \/>\nFinitura lama: rivestimento nero<\/p>\n<p>Materiale manico: alluminio 6061-T6<br \/>\nColore finitura maniglia: Nero<br \/>\nMateriale backspacer: alluminio 6061-T6<br \/>\nColore backspacer: nero<\/p>\n<p>Clip: destra\/sinistra, inclinata verso il basso<br \/>\nMateriale della clip: acciaio inossidabile<\/p>\n<p>Meccanismo rotante: n.d<br \/>\nMeccanismo di bloccaggio: blocco scorrevole<br \/>\nMetodo di apertura: automatico, pollice scorrevole push\/pull<br \/>\nAltri accessori: nessuno<\/p>\n<p>Progettista: Tony Marfione<br \/>\nMarca: Coltelli Microtech<br \/>\nProduttore: Coltelli Microtech<br \/>\nPaese di origine: Stati Uniti<\/p>\n<p><iframe title=\"Microtech Combat Troodon Torture Test\" width=\"800\" height=\"450\" src=\"https:\/\/www.youtube.com\/embed\/xE9TeOFYEjg?feature=oembed\" frameborder=\"0\" allow=\"accelerometer; autoplay; clipboard-write; encrypted-media; gyroscope; picture-in-picture; web-share\" referrerpolicy=\"strict-origin-when-cross-origin\" allowfullscreen><\/iframe><\/p>\n<p>&nbsp;<\/p>\n<p>&nbsp;<\/p>\n","protected":false},"excerpt":{"rendered":"<div class=\"elementor-element elementor-element-bbb542b elementor-widget elementor-widget-woocommerce-product-short-description\" data-id=\"bbb542b\" data-element_type=\"widget\" data-widget_type=\"woocommerce-product-short-description.default\">\n<div class=\"elementor-widget-container\">\n<div class=\"woocommerce-product-details__short-description\">\n<p>Nel corso degli anni Microtech\u00ae Knives ha riempito i coltelli di passione e maestria fino a creare quasi opere d&#8217;arte che sono l&#8217;apice della funzionalit\u00e0. Tutte le parti sono prodotte negli Stati Uniti.<br \/>\n<strong>Tutti i coltelli Microtech sono coperti da una garanzia a vita.<\/strong><\/p>\n<p><strong>Trasporto gratuito.<\/strong><\/p>\n<\/div>\n<\/div>\n<\/div>\n","protected":false},"featured_media":337385,"comment_status":"open","ping_status":"closed","template":"","meta":[],"pwb-brand":[3753],"product_brand":[],"product_cat":[3745,3748],"product_tag":[3755],"class_list":{"0":"post-337433","1":"product","2":"type-product","3":"status-publish","4":"has-post-thumbnail","6":"pwb-brand-microtecnologia-it","7":"product_cat-coltelli","8":"product_cat-coltelli-da-tiro","9":"product_tag-b2b-it","11":"first","12":"outofstock","13":"taxable","14":"shipping-taxable","15":"purchasable","16":"product-type-simple"},"brands":[{"id":3753,"name":"Microtecnologia","slug":"microtecnologia-it"}],"_links":{"self":[{"href":"https:\/\/www.moskito.cz\/it\/wp-json\/wp\/v2\/product\/337433","targetHints":{"allow":["GET"]}}],"collection":[{"href":"https:\/\/www.moskito.cz\/it\/wp-json\/wp\/v2\/product"}],"about":[{"href":"https:\/\/www.moskito.cz\/it\/wp-json\/wp\/v2\/types\/product"}],"replies":[{"embeddable":true,"href":"https:\/\/www.moskito.cz\/it\/wp-json\/wp\/v2\/comments?post=337433"}],"wp:featuredmedia":[{"embeddable":true,"href":"https:\/\/www.moskito.cz\/it\/wp-json\/wp\/v2\/media\/337385"}],"wp:attachment":[{"href":"https:\/\/www.moskito.cz\/it\/wp-json\/wp\/v2\/media?parent=337433"}],"wp:term":[{"taxonomy":"pwb-brand","embeddable":true,"href":"https:\/\/www.moskito.cz\/it\/wp-json\/wp\/v2\/pwb-brand?post=337433"},{"taxonomy":"product_brand","embeddable":true,"href":"https:\/\/www.moskito.cz\/it\/wp-json\/wp\/v2\/product_brand?post=337433"},{"taxonomy":"product_cat","embeddable":true,"href":"https:\/\/www.moskito.cz\/it\/wp-json\/wp\/v2\/product_cat?post=337433"},{"taxonomy":"product_tag","embeddable":true,"href":"https:\/\/www.moskito.cz\/it\/wp-json\/wp\/v2\/product_tag?post=337433"}],"curies":[{"name":"wp","href":"https:\/\/api.w.org\/{rel}","templated":true}]}}