{"id":337489,"date":"2024-04-30T15:59:15","date_gmt":"2024-04-30T17:46:56","guid":{"rendered":"https:\/\/www.moskito.cz\/produkt\/coltello-da-tiro-apocalittico-brachiale-microtech-bastinelli-268a-12ap\/"},"modified":"2025-05-07T11:13:47","modified_gmt":"2025-05-07T10:13:47","slug":"coltello-da-tiro-apocalittico-brachiale-microtech-bastinelli-268a-12ap","status":"publish","type":"product","link":"https:\/\/www.moskito.cz\/it\/produkt\/coltello-da-tiro-apocalittico-brachiale-microtech-bastinelli-268a-12ap\/","title":{"rendered":"Coltello da tiro apocalittico brachiale Microtech\/Bastinelli 268A-12AP"},"content":{"rendered":"<p>Coltello da tiro apocalittico brachiale <strong>Microtech\/Bastinelli<\/strong> 268A-12AP.<\/p>\n<p>Il Brachial \u00e8 una collaborazione di design in stile persiano con Bastinelli Knives che porta un pezzo di stile unico nella gamma Microtech. Adoriamo tutto di questo coltello. Dal suo aspetto all&#8217;ergonomia, all&#8217;azione superiore e ai materiali; ti servir\u00e0 bene per molti anni. \u00c8 adatto anche per una miriade di applicazioni, dall&#8217;EDC alla tattica e letteralmente tutto il resto. Include una finitura lavorata con un motivo a frammenti per una migliore presa, una clip da tasca dal design accattivante e un foro per cordino nascosto che pu\u00f2 contenere 550 paracord. Questo \u00e8 un coltello eccezionale, prendilo finch\u00e9 puoi!<br \/>\nSpecifiche:<\/p>\n<p>Lunghezza lama: 9 cm<br \/>\nLunghezza totale: 20,31 centimetri<br \/>\nMateriale lama: M390<br \/>\nStile lama: punto finale<br \/>\nAffilatura della lama: piatta<br \/>\nFinitura lama: apocalittica<br \/>\nMateriale impugnatura: alluminio nero fresato 6061-T6<br \/>\nMeccanismo di chiusura: pulsante<br \/>\nClip da tasca: acciaio inossidabile (apribile, indossabile a destra)<br \/>\nPeso: 4,37 once.<br \/>\nDesigner: Bastien Coves e Tony Marfione<br \/>\nFabbricato negli Usa<\/p>\n<p><iframe title=\"Microtech Combat Troodon Torture Test\" width=\"800\" height=\"450\" src=\"https:\/\/www.youtube.com\/embed\/xE9TeOFYEjg?feature=oembed\" frameborder=\"0\" allow=\"accelerometer; autoplay; clipboard-write; encrypted-media; gyroscope; picture-in-picture; web-share\" referrerpolicy=\"strict-origin-when-cross-origin\" allowfullscreen><\/iframe><\/p>\n<p>&nbsp;<\/p>\n","protected":false},"excerpt":{"rendered":"<div class=\"elementor-element elementor-element-bbb542b elementor-widget elementor-widget-woocommerce-product-short-description\" data-id=\"bbb542b\" data-element_type=\"widget\" data-widget_type=\"woocommerce-product-short-description.default\">\n<div class=\"elementor-widget-container\">\n<div class=\"woocommerce-product-details__short-description\">\n<p><strong>Nel corso degli anni, Microtech\u00ae Knives ha riempito i coltelli con passione e competenza per creare quasi opere d&#8217;arte che sono l&#8217;apice della funzionalit\u00e0. Tutte le parti sono prodotte negli Stati Uniti.<\/strong><br \/>\n<strong>Tutti i coltelli Microtech sono coperti da una garanzia a vita.<\/strong><\/p>\n<p><strong>Trasporto gratuito.<\/strong><\/p>\n<\/div>\n<\/div>\n<\/div>\n","protected":false},"featured_media":337441,"comment_status":"open","ping_status":"closed","template":"","meta":[],"pwb-brand":[3753],"product_brand":[],"product_cat":[3748,3745],"product_tag":[3755],"class_list":{"0":"post-337489","1":"product","2":"type-product","3":"status-publish","4":"has-post-thumbnail","6":"pwb-brand-microtecnologia-it","7":"product_cat-coltelli-da-tiro","8":"product_cat-coltelli","9":"product_tag-b2b-it","11":"first","12":"instock","13":"sale","14":"taxable","15":"shipping-taxable","16":"purchasable","17":"product-type-simple"},"brands":[{"id":3753,"name":"Microtecnologia","slug":"microtecnologia-it"}],"_links":{"self":[{"href":"https:\/\/www.moskito.cz\/it\/wp-json\/wp\/v2\/product\/337489","targetHints":{"allow":["GET"]}}],"collection":[{"href":"https:\/\/www.moskito.cz\/it\/wp-json\/wp\/v2\/product"}],"about":[{"href":"https:\/\/www.moskito.cz\/it\/wp-json\/wp\/v2\/types\/product"}],"replies":[{"embeddable":true,"href":"https:\/\/www.moskito.cz\/it\/wp-json\/wp\/v2\/comments?post=337489"}],"wp:featuredmedia":[{"embeddable":true,"href":"https:\/\/www.moskito.cz\/it\/wp-json\/wp\/v2\/media\/337441"}],"wp:attachment":[{"href":"https:\/\/www.moskito.cz\/it\/wp-json\/wp\/v2\/media?parent=337489"}],"wp:term":[{"taxonomy":"pwb-brand","embeddable":true,"href":"https:\/\/www.moskito.cz\/it\/wp-json\/wp\/v2\/pwb-brand?post=337489"},{"taxonomy":"product_brand","embeddable":true,"href":"https:\/\/www.moskito.cz\/it\/wp-json\/wp\/v2\/product_brand?post=337489"},{"taxonomy":"product_cat","embeddable":true,"href":"https:\/\/www.moskito.cz\/it\/wp-json\/wp\/v2\/product_cat?post=337489"},{"taxonomy":"product_tag","embeddable":true,"href":"https:\/\/www.moskito.cz\/it\/wp-json\/wp\/v2\/product_tag?post=337489"}],"curies":[{"name":"wp","href":"https:\/\/api.w.org\/{rel}","templated":true}]}}