{"id":337661,"date":"2024-04-30T19:43:08","date_gmt":"2024-04-30T18:46:23","guid":{"rendered":"https:\/\/www.moskito.cz\/produkt\/coltello-di-chiusura-crkt-folts-recto-7482\/"},"modified":"2025-05-07T11:13:51","modified_gmt":"2025-05-07T10:13:51","slug":"coltello-di-chiusura-crkt-folts-recto-7482","status":"publish","type":"product","link":"https:\/\/www.moskito.cz\/it\/produkt\/coltello-di-chiusura-crkt-folts-recto-7482\/","title":{"rendered":"Coltello di chiusura CRKT Folts Recto 7482"},"content":{"rendered":"<p>Coltello di chiusura <strong>CRKT<\/strong> Folts Recto 7482.<\/p>\n<p>Ispirato al suo omonimo, <strong>l&#8217;Obverse<\/strong> \u00e8 un caratteristico coltello pieghevole progettato per mostrarne il volto. La lama satinata realizzata in acciaio M390 di prima qualit\u00e0 \u00e8 elegante e resistente, mentre il manico in fibra di carbonio con titanio anodizzato blu unisce resistenza e stile. La funzione non \u00e8 stata dimenticata, con un blocco dell&#8217;inserimento sicuro per una facile chiusura con una sola mano. In qualunque modo lo guardi, questo capo quotidiano \u00e8 un delicato equilibrio tra bellezza e potere.<br \/>\nMateriali premium: lama in acciaio B\u00f6hler M390 per eccellenti prestazioni di taglio<br \/>\nApertura fluida: la lama con perno con cuscinetto a sfera IKBS\u2122 distribuisce la lama senza intoppi<br \/>\nForte e visivo: la maniglia in fibra di carbonio rinforzata con titanio combina forza e fascino visivo<br \/>\nFacile da chiudere: la serratura in titanio pu\u00f2 essere chiusa facilmente con una mano<br \/>\nAppeal visivo: backspacer in titanio anodizzato blu e accenti a clip.<\/p>\n<p>Lama in acciaio M390<br \/>\nBordo della lama liscio<br \/>\nFinitura lama satinata<br \/>\nLunghezza lama: 8,52 cm<br \/>\nSpessore lama: 0,32 cm<br \/>\nLunghezza totale: 18,97 cm<br \/>\nPeso 3,40 once. (96,39 g)<br \/>\nMateriale manico in fibra di carbonio con supporto in titanio<br \/>\nElegante coltello pieghevole con Liner Lock<\/p>\n<p><iframe title=\"CRKT Obverse | Alan Folts Design\" width=\"800\" height=\"450\" src=\"https:\/\/www.youtube.com\/embed\/pvzdk01nYWo?feature=oembed\" frameborder=\"0\" allow=\"accelerometer; autoplay; clipboard-write; encrypted-media; gyroscope; picture-in-picture; web-share\" referrerpolicy=\"strict-origin-when-cross-origin\" allowfullscreen><\/iframe><\/p>\n<p>&nbsp;<\/p>\n<p>&nbsp;<\/p>\n","protected":false},"excerpt":{"rendered":"<p>PROGETTISTA<br \/>\nAlan Foltz<br \/>\nMelbourne, Florida<br \/>\nQuando si tratta di coltelli, Alan sa tutto su come restituire qualcosa alle persone. Si \u00e8 fatto strada attraverso le universit\u00e0 inserendo coltelli nelle mostre d&#8217;arte. Da allora, \u00e8 stato costante nell&#8217;insegnare e trasmettere ad altri le abilit\u00e0 di produzione di coltelli personalizzati. \u00c8 specializzato in lame solide uniche che hanno una grande ergonomia e un elegante design futuristico, come la gamma Folts Minimalist \u00ae pi\u00f9 venduta.<\/p>\n<p>Trasporto gratuito.<\/p>\n","protected":false},"featured_media":337614,"comment_status":"open","ping_status":"closed","template":"","meta":[],"pwb-brand":[3763],"product_brand":[],"product_cat":[3749,3745],"product_tag":[3755],"class_list":{"0":"post-337661","1":"product","2":"type-product","3":"status-publish","4":"has-post-thumbnail","6":"pwb-brand-crkt-it","7":"product_cat-coltelli-di-chiusura","8":"product_cat-coltelli","9":"product_tag-b2b-it","11":"first","12":"instock","13":"taxable","14":"shipping-taxable","15":"purchasable","16":"product-type-simple"},"brands":[{"id":3763,"name":"CRKT","slug":"crkt-it"}],"_links":{"self":[{"href":"https:\/\/www.moskito.cz\/it\/wp-json\/wp\/v2\/product\/337661","targetHints":{"allow":["GET"]}}],"collection":[{"href":"https:\/\/www.moskito.cz\/it\/wp-json\/wp\/v2\/product"}],"about":[{"href":"https:\/\/www.moskito.cz\/it\/wp-json\/wp\/v2\/types\/product"}],"replies":[{"embeddable":true,"href":"https:\/\/www.moskito.cz\/it\/wp-json\/wp\/v2\/comments?post=337661"}],"wp:featuredmedia":[{"embeddable":true,"href":"https:\/\/www.moskito.cz\/it\/wp-json\/wp\/v2\/media\/337614"}],"wp:attachment":[{"href":"https:\/\/www.moskito.cz\/it\/wp-json\/wp\/v2\/media?parent=337661"}],"wp:term":[{"taxonomy":"pwb-brand","embeddable":true,"href":"https:\/\/www.moskito.cz\/it\/wp-json\/wp\/v2\/pwb-brand?post=337661"},{"taxonomy":"product_brand","embeddable":true,"href":"https:\/\/www.moskito.cz\/it\/wp-json\/wp\/v2\/product_brand?post=337661"},{"taxonomy":"product_cat","embeddable":true,"href":"https:\/\/www.moskito.cz\/it\/wp-json\/wp\/v2\/product_cat?post=337661"},{"taxonomy":"product_tag","embeddable":true,"href":"https:\/\/www.moskito.cz\/it\/wp-json\/wp\/v2\/product_tag?post=337661"}],"curies":[{"name":"wp","href":"https:\/\/api.w.org\/{rel}","templated":true}]}}