{"id":337777,"date":"2024-04-30T20:21:29","date_gmt":"2024-04-30T19:24:57","guid":{"rendered":"https:\/\/www.moskito.cz\/produkt\/coltello-fisso-crkt-bear-claw-2516k\/"},"modified":"2025-05-07T11:13:54","modified_gmt":"2025-05-07T10:13:54","slug":"coltello-fisso-crkt-bear-claw-2516k","status":"publish","type":"product","link":"https:\/\/www.moskito.cz\/it\/produkt\/coltello-fisso-crkt-bear-claw-2516k\/","title":{"rendered":"Coltello Fisso CRKT Bear Claw 2516K"},"content":{"rendered":"<p>Coltello Fisso <strong>CRKT<\/strong> Bear Claw 2516K.<\/p>\n<p>Questa versione del coltello Bear Claw\u2122 presenta lo stesso profilo dell&#8217;originale con una nuova punta affilata ad ago appositamente progettata per il body piercing, che lo rende utile per le uscite quotidiane all&#8217;aperto e come strumento di sicurezza personale. La lama embricata \u00e8 realizzata in acciaio inossidabile e ha un bordo dritto per una facile affilatura. L&#8217;impugnatura testurizzata \u00e8 dotata di un foro per le dita in modo che si adatti perfettamente al palmo della mano, e la custodia \u00e8 dotata di molteplici opzioni di montaggio per un facile accesso in caso di emergenza, cos\u00ec puoi concentrarti sull&#8217;attivit\u00e0 da svolgere.<br \/>\nMassima durata: AUS 8 \u00e8 resistente alla corrosione<br \/>\nPunta di precisione: la punta della lama con un ago affilato per perforare<br \/>\nForte e leggero: la maniglia in nylon rinforzato con vetro \u00e8 resistente e leggera<br \/>\nAderenza eccezionale: l&#8217;impugnatura strutturata fornisce aderenza in condizioni di bagnato<br \/>\nCompatibile con le apparecchiature: custodia in nylon resistente e rinforzata con vetro con opzioni di montaggio.<\/p>\n<p>Lama in acciaio AUS 8<br \/>\nBordo della lama liscio<br \/>\nTrattamento superficiale della verniciatura a polvere della lama<br \/>\nLunghezza lama: 6,07 cm<br \/>\nSpessore lama: 0,35 cm<br \/>\nLunghezza totale: 14,44 cm<br \/>\nPeso 3,10 once. (87,88 g)<br \/>\nMateriale manico Nylon rinforzato con vetro<br \/>\nElegante coltello a lama fissa con fodero<br \/>\nMateriale della calotta Termoplastico<\/p>\n<p><iframe title=\"CRKT Bear Claw\u2122 Fixed | Russ Kommer Design\" width=\"800\" height=\"450\" src=\"https:\/\/www.youtube.com\/embed\/fZmikWYr6KI?feature=oembed\" frameborder=\"0\" allow=\"accelerometer; autoplay; clipboard-write; encrypted-media; gyroscope; picture-in-picture; web-share\" referrerpolicy=\"strict-origin-when-cross-origin\" allowfullscreen><\/iframe><\/p>\n<p>&nbsp;<\/p>\n<p>&nbsp;<\/p>\n","protected":false},"excerpt":{"rendered":"<p>PROGETTISTA<br \/>\nRuss Kommer<br \/>\nFargo, Nord Dakota<br \/>\nDire che Russ \u00e8 un amante della vita all&#8217;aria aperta \u00e8 un eufemismo. La guida professionista di pesca e caccia ha iniziato a produrre coltelli quando uno dei suoi clienti gli ha portato il suo coltello e ha vestito un intero alce, senza affilarlo. Da allora, si \u00e8 assunto il dovere di creare strumenti che solo lui avrebbe utilizzato. I suoi Bear Claw&#8217;s\u2122 e Hoist&#8217;N Lok\u00ae sono tipi utilizzati anche da altri cacciatori.<\/p>\n","protected":false},"featured_media":337736,"comment_status":"open","ping_status":"closed","template":"","meta":[],"pwb-brand":[3763],"product_brand":[],"product_cat":[3746,3745],"product_tag":[3755],"class_list":{"0":"post-337777","1":"product","2":"type-product","3":"status-publish","4":"has-post-thumbnail","6":"pwb-brand-crkt-it","7":"product_cat-coltelli-solidi","8":"product_cat-coltelli","9":"product_tag-b2b-it","11":"first","12":"outofstock","13":"sale","14":"taxable","15":"shipping-taxable","16":"purchasable","17":"product-type-simple"},"brands":[{"id":3763,"name":"CRKT","slug":"crkt-it"}],"_links":{"self":[{"href":"https:\/\/www.moskito.cz\/it\/wp-json\/wp\/v2\/product\/337777","targetHints":{"allow":["GET"]}}],"collection":[{"href":"https:\/\/www.moskito.cz\/it\/wp-json\/wp\/v2\/product"}],"about":[{"href":"https:\/\/www.moskito.cz\/it\/wp-json\/wp\/v2\/types\/product"}],"replies":[{"embeddable":true,"href":"https:\/\/www.moskito.cz\/it\/wp-json\/wp\/v2\/comments?post=337777"}],"wp:featuredmedia":[{"embeddable":true,"href":"https:\/\/www.moskito.cz\/it\/wp-json\/wp\/v2\/media\/337736"}],"wp:attachment":[{"href":"https:\/\/www.moskito.cz\/it\/wp-json\/wp\/v2\/media?parent=337777"}],"wp:term":[{"taxonomy":"pwb-brand","embeddable":true,"href":"https:\/\/www.moskito.cz\/it\/wp-json\/wp\/v2\/pwb-brand?post=337777"},{"taxonomy":"product_brand","embeddable":true,"href":"https:\/\/www.moskito.cz\/it\/wp-json\/wp\/v2\/product_brand?post=337777"},{"taxonomy":"product_cat","embeddable":true,"href":"https:\/\/www.moskito.cz\/it\/wp-json\/wp\/v2\/product_cat?post=337777"},{"taxonomy":"product_tag","embeddable":true,"href":"https:\/\/www.moskito.cz\/it\/wp-json\/wp\/v2\/product_tag?post=337777"}],"curies":[{"name":"wp","href":"https:\/\/api.w.org\/{rel}","templated":true}]}}