{"id":337815,"date":"2024-04-30T20:46:05","date_gmt":"2024-04-30T19:48:24","guid":{"rendered":"https:\/\/www.moskito.cz\/produkt\/coltello-fisso-crkt-razel-4037\/"},"modified":"2025-05-07T11:13:55","modified_gmt":"2025-05-07T10:13:55","slug":"coltello-fisso-crkt-razel-4037","status":"publish","type":"product","link":"https:\/\/www.moskito.cz\/it\/produkt\/coltello-fisso-crkt-razel-4037\/","title":{"rendered":"Coltello Fisso CRKT Razel 4037"},"content":{"rendered":"<p>Coltello Fisso <strong>CRKT<\/strong> Razel 4037.<\/p>\n<p>Il Razel\u2122 \u00e8 un potente coltello tascabile a lama fissa, basato sul design originale di Jon Graham, un tagliatore meccanico in grado di gestire i rigori della vita quotidiana in officina.<\/p>\n<p>La sua lama a scalpello angolare gli conferisce propriet\u00e0 multiutensile e gli consente di eccellere in una variet\u00e0 di condizioni, tra cui taglio a pressione, raschiatura e affettatura.<br \/>\nPrestazioni eccellenti: lama in acciaio D2 per un&#8217;eccellente ritenzione della lama<br \/>\nStrumento multiuso: Lama scalpello adatta per tagliare o raschiare<br \/>\nForte e visiva: la maniglia Micarta unisce forza e fascino visivo<br \/>\nComodo trasporto: custodia tascabile per un rapido utilizzo<br \/>\nOpzioni accessori: Foro per cordino per pendente<\/p>\n<p>Lama in acciaio D2<br \/>\nBordo della lama liscio<br \/>\nFinitura lama satinata<br \/>\nLunghezza lama: 7,55 cm<br \/>\nSpessore lama: 0,43 cm<br \/>\nLunghezza totale: 17,14 centimetri<br \/>\nPeso 4,20 once. (119,07 g)<br \/>\nMateriale manico in micarta<br \/>\nElegante coltello a lama fissa con fodero<br \/>\nMateriale della calotta Termoplastico<\/p>\n","protected":false},"excerpt":{"rendered":"<p>PROGETTISTA<br \/>\nJon Graham<br \/>\nCleveland, Tennessee<br \/>\nNato da un padre che apprezzava i coltelli, Jon Graham di Cleveland, nel Tennessee, gli venne insegnata l&#8217;importanza di un buon coltello in giovane et\u00e0. &#8220;Ho ricevuto il mio primo coltello quando avevo sette anni e da allora non sono pi\u00f9 rimasto senza.&#8221; Alla fine degli anni &#8217;80 anni, quando Jon era di stanza ad Aviaono AB Italia, scopr\u00ec i coltelli fatti a mano in una rivista e cap\u00ec che era qualcosa che voleva fare. Dopo aver lasciato l&#8217;Aeronautica Militare e essersi sistemato in un lavoro, Jon ha iniziato a produrre coltelli da tavolo con strumenti di base nel 1994. Stanco di realizzare progetti di altre persone, Jon chiese a suo fratello Josh nel 1999 di procurarsi dell&#8217;attrezzatura e di imparare a realizzare coltelli mediante rottamazione. Da allora ne \u00e8 rimasto affascinato, cercando costantemente di migliorare i suoi progetti e le sue competenze, basandosi sulla sua esperienza come tecnico di motori diesel. Graham Knives \u00e8 specializzato in design tattici utilitaristici con un&#8217;enfasi sui coltelli tascabili EDC a lama fissa, ma la sua linea di coltelli preferita \u00e8 il Razel personalizzato a doppio taglio, che l&#8217;azienda produce in molte dimensioni e stili. \u00c8 il designer del CRKT Razel e del Folding Razel.<\/p>\n","protected":false},"featured_media":337785,"comment_status":"open","ping_status":"closed","template":"","meta":[],"pwb-brand":[3763],"product_brand":[],"product_cat":[3746,3745],"product_tag":[3755],"class_list":{"0":"post-337815","1":"product","2":"type-product","3":"status-publish","4":"has-post-thumbnail","6":"pwb-brand-crkt-it","7":"product_cat-coltelli-solidi","8":"product_cat-coltelli","9":"product_tag-b2b-it","11":"first","12":"outofstock","13":"sale","14":"taxable","15":"shipping-taxable","16":"purchasable","17":"product-type-simple"},"brands":[{"id":3763,"name":"CRKT","slug":"crkt-it"}],"_links":{"self":[{"href":"https:\/\/www.moskito.cz\/it\/wp-json\/wp\/v2\/product\/337815","targetHints":{"allow":["GET"]}}],"collection":[{"href":"https:\/\/www.moskito.cz\/it\/wp-json\/wp\/v2\/product"}],"about":[{"href":"https:\/\/www.moskito.cz\/it\/wp-json\/wp\/v2\/types\/product"}],"replies":[{"embeddable":true,"href":"https:\/\/www.moskito.cz\/it\/wp-json\/wp\/v2\/comments?post=337815"}],"wp:featuredmedia":[{"embeddable":true,"href":"https:\/\/www.moskito.cz\/it\/wp-json\/wp\/v2\/media\/337785"}],"wp:attachment":[{"href":"https:\/\/www.moskito.cz\/it\/wp-json\/wp\/v2\/media?parent=337815"}],"wp:term":[{"taxonomy":"pwb-brand","embeddable":true,"href":"https:\/\/www.moskito.cz\/it\/wp-json\/wp\/v2\/pwb-brand?post=337815"},{"taxonomy":"product_brand","embeddable":true,"href":"https:\/\/www.moskito.cz\/it\/wp-json\/wp\/v2\/product_brand?post=337815"},{"taxonomy":"product_cat","embeddable":true,"href":"https:\/\/www.moskito.cz\/it\/wp-json\/wp\/v2\/product_cat?post=337815"},{"taxonomy":"product_tag","embeddable":true,"href":"https:\/\/www.moskito.cz\/it\/wp-json\/wp\/v2\/product_tag?post=337815"}],"curies":[{"name":"wp","href":"https:\/\/api.w.org\/{rel}","templated":true}]}}