{"id":337948,"date":"2024-04-30T22:23:47","date_gmt":"2024-04-30T21:26:53","guid":{"rendered":"https:\/\/www.moskito.cz\/produkt\/coltello-fisso-crkt-bear-claw-2511er\/"},"modified":"2025-05-07T11:13:58","modified_gmt":"2025-05-07T10:13:58","slug":"coltello-fisso-crkt-bear-claw-2511er","status":"publish","type":"product","link":"https:\/\/www.moskito.cz\/it\/produkt\/coltello-fisso-crkt-bear-claw-2511er\/","title":{"rendered":"Coltello Fisso CRKT Bear Claw 2511ER"},"content":{"rendered":"<p>Coltello Fisso CRKT Bear Claw 2511ER.<\/p>\n<p>Coltello da fiume. Coltello da salvataggio. Comunque lo chiami, porta a termine il lavoro.<\/p>\n<p>Il Bear Claw\u2122 \u00e8 un coltello compatto a lama fissa con punta smussata che ne impedisce la penetrazione, rendendolo pi\u00f9 sicuro da trasportare su zattere e gommoni. La lama embricata \u00e8 realizzata in acciaio inossidabile e rivestita con Veff Serrations\u2122 che fornisce tagli senza sforzo e consente di lavorare rapidamente corde e cinghie. Nel corso degli anni, il Bear Claw\u2122 \u00e8 diventato uno dei preferiti tra i rafting, le guide fluviali, gli appassionati di sport acquatici e i soccorritori. La maniglia arancione brillante ha un foro per le dita per una presa sicura in condizioni di bagnato, mentre la custodia \u00e8 dotata di molteplici opzioni di montaggio per un rapido accesso in situazioni di emergenza, cos\u00ec puoi concentrarti sul compito da svolgere.<br \/>\nMassima durata: AUS 8 \u00e8 resistente alla corrosione<\/p>\n<p>Estremamente affilato: Veff Serrations\u2122 fornisce un eccellente potere di taglio per corde e cinghie<br \/>\nForte e leggero: la maniglia in nylon rinforzato con vetro \u00e8 resistente e leggera<br \/>\nAderenza eccezionale: l&#8217;impugnatura strutturata fornisce aderenza in condizioni di bagnato<br \/>\nCompatibile con l&#8217;attrezzatura: custodia in nylon resistente e rinforzata con vetro con opzioni di montaggio<\/p>\n<p>Lama in acciaio AUS 8<br \/>\nBlade Edge Veff Serrations\u2122<br \/>\nFinitura lama Stonewash<br \/>\nLunghezza lama: 6,05 cm<br \/>\nSpessore lama: 0,34 cm<br \/>\nLunghezza totale: 14,44 cm<br \/>\nPeso 3,20 once. (90,72 g)<br \/>\nMateriale manico Nylon rinforzato con vetro<br \/>\nElegante coltello a lama fissa con fodero<br \/>\nMateriale della calotta Termoplastico<\/p>\n<p><iframe title=\"CRKT Bear Claw\u2122 Fixed | Russ Kommer Design\" width=\"800\" height=\"450\" src=\"https:\/\/www.youtube.com\/embed\/-jnZUTVflp8?feature=oembed\" frameborder=\"0\" allow=\"accelerometer; autoplay; clipboard-write; encrypted-media; gyroscope; picture-in-picture; web-share\" referrerpolicy=\"strict-origin-when-cross-origin\" allowfullscreen><\/iframe><\/p>\n<p>&nbsp;<\/p>\n<p>&nbsp;<\/p>\n","protected":false},"excerpt":{"rendered":"<p>PROGETTISTA<br \/>\nRuss Kommer<br \/>\nFargo, Nord Dakota<br \/>\nDire che Russ \u00e8 un amante della vita all&#8217;aria aperta \u00e8 un eufemismo. La guida professionista di pesca e caccia ha iniziato a produrre coltelli quando uno dei suoi clienti gli ha portato il suo coltello e ha vestito un intero alce, senza affilarlo. Da allora, si \u00e8 assunto il dovere di creare strumenti che solo lui avrebbe utilizzato. I suoi Bear Claw&#8217;s\u2122 e Hoist&#8217;N Lok\u00ae sono tipi utilizzati anche da altri cacciatori.<\/p>\n","protected":false},"featured_media":337907,"comment_status":"open","ping_status":"closed","template":"","meta":[],"pwb-brand":[3763],"product_brand":[],"product_cat":[3745,3746],"product_tag":[3755],"class_list":{"0":"post-337948","1":"product","2":"type-product","3":"status-publish","4":"has-post-thumbnail","6":"pwb-brand-crkt-it","7":"product_cat-coltelli","8":"product_cat-coltelli-solidi","9":"product_tag-b2b-it","11":"first","12":"outofstock","13":"taxable","14":"shipping-taxable","15":"purchasable","16":"product-type-simple"},"brands":[{"id":3763,"name":"CRKT","slug":"crkt-it"}],"_links":{"self":[{"href":"https:\/\/www.moskito.cz\/it\/wp-json\/wp\/v2\/product\/337948","targetHints":{"allow":["GET"]}}],"collection":[{"href":"https:\/\/www.moskito.cz\/it\/wp-json\/wp\/v2\/product"}],"about":[{"href":"https:\/\/www.moskito.cz\/it\/wp-json\/wp\/v2\/types\/product"}],"replies":[{"embeddable":true,"href":"https:\/\/www.moskito.cz\/it\/wp-json\/wp\/v2\/comments?post=337948"}],"wp:featuredmedia":[{"embeddable":true,"href":"https:\/\/www.moskito.cz\/it\/wp-json\/wp\/v2\/media\/337907"}],"wp:attachment":[{"href":"https:\/\/www.moskito.cz\/it\/wp-json\/wp\/v2\/media?parent=337948"}],"wp:term":[{"taxonomy":"pwb-brand","embeddable":true,"href":"https:\/\/www.moskito.cz\/it\/wp-json\/wp\/v2\/pwb-brand?post=337948"},{"taxonomy":"product_brand","embeddable":true,"href":"https:\/\/www.moskito.cz\/it\/wp-json\/wp\/v2\/product_brand?post=337948"},{"taxonomy":"product_cat","embeddable":true,"href":"https:\/\/www.moskito.cz\/it\/wp-json\/wp\/v2\/product_cat?post=337948"},{"taxonomy":"product_tag","embeddable":true,"href":"https:\/\/www.moskito.cz\/it\/wp-json\/wp\/v2\/product_tag?post=337948"}],"curies":[{"name":"wp","href":"https:\/\/api.w.org\/{rel}","templated":true}]}}