{"id":337996,"date":"2024-04-30T22:39:40","date_gmt":"2024-04-30T21:43:33","guid":{"rendered":"https:\/\/www.moskito.cz\/produkt\/coltello-fisso-crkt-razel-scalpello-2130\/"},"modified":"2025-05-07T11:13:59","modified_gmt":"2025-05-07T10:13:59","slug":"coltello-fisso-crkt-razel-scalpello-2130","status":"publish","type":"product","link":"https:\/\/www.moskito.cz\/it\/produkt\/coltello-fisso-crkt-razel-scalpello-2130\/","title":{"rendered":"Coltello Fisso CRKT Razel Scalpello 2130"},"content":{"rendered":"<p>Coltello Fisso <strong>CRKT<\/strong> Razel Scalpello 2130.<\/p>\n<p>A volte lo strumento migliore per il lavoro \u00e8 il pi\u00f9 semplice. Lo scalpello Razel\u2122 \u00e8 una lama solida per le tue tasche che segue da vicino l&#8217;iconico design originale di Jon Graham. La lama \u00e8 realizzata in acciaio ad alto tenore di carbonio e grazie allo scalpello su un solo lato \u00e8 incredibilmente facile da riaffilare. La maniglia in metallo nudo riduce al minimo il peso, mentre il cordino incluso estende la maniglia per un migliore controllo.<br \/>\nAffilatura semplice: la lama in acciaio inossidabile ad alto tenore di carbonio mantiene bene il filo<br \/>\nAffilatura semplice: il bordo dello scalpello \u00e8 di facile manutenzione<br \/>\nMassima durata: la maniglia in acciaio inossidabile pu\u00f2 resistere a un uso intenso<br \/>\nComodo trasporto: custodia tascabile per un rapido utilizzo<br \/>\nIn controllo: il telecomando \u00e8 dotato di una maniglia estesa per un maggiore controllo<\/p>\n<p>Lama in acciaio 8Cr13MoV<br \/>\nBordo della lama liscio<br \/>\nFinitura lama Stonewash<br \/>\nLunghezza lama: 5,08 cm<br \/>\nSpessore lama: 0,31 cm<br \/>\nLunghezza totale: 13,49 cm<br \/>\nPeso 2,00 once. (56,70 g)<br \/>\nMateriale manico Acciaio inossidabile<br \/>\nElegante coltello a lama fissa con fodero<\/p>\n<p><iframe title=\"CRKT Razel\u2122 Chisel | Jon Graham Design\" width=\"800\" height=\"450\" src=\"https:\/\/www.youtube.com\/embed\/w1E1t5aMm7o?feature=oembed\" frameborder=\"0\" allow=\"accelerometer; autoplay; clipboard-write; encrypted-media; gyroscope; picture-in-picture; web-share\" referrerpolicy=\"strict-origin-when-cross-origin\" allowfullscreen><\/iframe><\/p>\n<p>&nbsp;<\/p>\n","protected":false},"excerpt":{"rendered":"<p>PROGETTISTA<br \/>\nJon Graham<br \/>\nCleveland, Tennessee<br \/>\nNato da un padre che apprezzava i coltelli, Jon Graham di Cleveland, nel Tennessee, gli venne insegnata l&#8217;importanza di un buon coltello in giovane et\u00e0. &#8220;Ho ricevuto il mio primo coltello quando avevo sette anni e da allora non sono pi\u00f9 rimasto senza.&#8221; Alla fine degli anni &#8217;80 anni, quando Jon era di stanza ad Aviaono AB Italia, scopr\u00ec i coltelli fatti a mano in una rivista e cap\u00ec che era qualcosa che voleva fare. Dopo aver lasciato l&#8217;Aeronautica Militare e essersi sistemato in un lavoro, Jon ha iniziato a produrre coltelli da tavolo con strumenti di base nel 1994. Stanco di realizzare progetti di altre persone, Jon chiese a suo fratello Josh nel 1999 di procurarsi dell&#8217;attrezzatura e di imparare a realizzare coltelli mediante rottamazione. Da allora ne \u00e8 rimasto affascinato, cercando costantemente di migliorare i suoi progetti e le sue competenze, basandosi sulla sua esperienza come tecnico di motori diesel. Graham Knives \u00e8 specializzato in design tattici utilitaristici con un&#8217;enfasi sui coltelli tascabili EDC a lama fissa, ma la sua linea di coltelli preferita \u00e8 il Razel personalizzato a doppio taglio, che l&#8217;azienda produce in molte dimensioni e stili. \u00c8 il designer del CRKT Razel e del Folding Razel.<\/p>\n","protected":false},"featured_media":337957,"comment_status":"open","ping_status":"closed","template":"","meta":[],"pwb-brand":[3763],"product_brand":[],"product_cat":[3745,3746],"product_tag":[3755],"class_list":{"0":"post-337996","1":"product","2":"type-product","3":"status-publish","4":"has-post-thumbnail","6":"pwb-brand-crkt-it","7":"product_cat-coltelli","8":"product_cat-coltelli-solidi","9":"product_tag-b2b-it","11":"first","12":"instock","13":"taxable","14":"shipping-taxable","15":"purchasable","16":"product-type-simple"},"brands":[{"id":3763,"name":"CRKT","slug":"crkt-it"}],"_links":{"self":[{"href":"https:\/\/www.moskito.cz\/it\/wp-json\/wp\/v2\/product\/337996","targetHints":{"allow":["GET"]}}],"collection":[{"href":"https:\/\/www.moskito.cz\/it\/wp-json\/wp\/v2\/product"}],"about":[{"href":"https:\/\/www.moskito.cz\/it\/wp-json\/wp\/v2\/types\/product"}],"replies":[{"embeddable":true,"href":"https:\/\/www.moskito.cz\/it\/wp-json\/wp\/v2\/comments?post=337996"}],"wp:featuredmedia":[{"embeddable":true,"href":"https:\/\/www.moskito.cz\/it\/wp-json\/wp\/v2\/media\/337957"}],"wp:attachment":[{"href":"https:\/\/www.moskito.cz\/it\/wp-json\/wp\/v2\/media?parent=337996"}],"wp:term":[{"taxonomy":"pwb-brand","embeddable":true,"href":"https:\/\/www.moskito.cz\/it\/wp-json\/wp\/v2\/pwb-brand?post=337996"},{"taxonomy":"product_brand","embeddable":true,"href":"https:\/\/www.moskito.cz\/it\/wp-json\/wp\/v2\/product_brand?post=337996"},{"taxonomy":"product_cat","embeddable":true,"href":"https:\/\/www.moskito.cz\/it\/wp-json\/wp\/v2\/product_cat?post=337996"},{"taxonomy":"product_tag","embeddable":true,"href":"https:\/\/www.moskito.cz\/it\/wp-json\/wp\/v2\/product_tag?post=337996"}],"curies":[{"name":"wp","href":"https:\/\/api.w.org\/{rel}","templated":true}]}}