{"id":338062,"date":"2020-01-28T16:39:34","date_gmt":"2024-05-01T06:53:03","guid":{"rendered":"https:\/\/www.moskito.cz\/produkt\/coltello-da-tiro-microtech-utx-85-233-10-od\/"},"modified":"2025-07-11T07:50:38","modified_gmt":"2025-07-11T06:50:38","slug":"coltello-da-tiro-microtech-utx-85-233-10-od","status":"publish","type":"product","link":"https:\/\/www.moskito.cz\/it\/produkt\/coltello-da-tiro-microtech-utx-85-233-10-od\/","title":{"rendered":"Coltello da tiro Microtech UTX-85 233-10 OD"},"content":{"rendered":"<p>Coltello da tiro <strong>Microtech<\/strong> UTX-85 233-10 OD.<\/p>\n<p><span lang=\"cs\">Il coltello Microtech UTX-85 OTF \u00e8 la perfetta combinazione tra dimensioni compatte e grandi prestazioni. Con l&#8217;85% di dimensioni Ultratech , il Microtech UTX-85 \u00e8 realizzato con gli stessi materiali, sulle stesse macchine e con la stessa ingegnosit\u00e0 del suo predecessore. Il Microtech UTX-85 \u00e8 il coltello perfetto per tutte le situazioni, indipendentemente dal compito che stai tagliando; si adatter\u00e0 perfettamente al tuo stile di vita. Grazie all&#8217;apertura e chiusura rapida con una sola mano, il lavoro viene svolto in pochi secondi. Dotato di una clip da tasca a doppia faccia e di dimensioni compatte, \u00e8 la scelta perfetta per l&#8217;uso e il trasporto quotidiano.<\/span><\/p>\n<p><span class=\"tlid-translation translation\"><span class=\"\" title=\"\">Lunghezza totale: 18,75 cm<\/span><br \/>\n<span class=\"\" title=\"\">Lunghezza lama: 7,81 cm<\/span><br \/>\n<span class=\"\" title=\"\">Tagliente: 7,17 cm<\/span><br \/>\n<span class=\"\" title=\"\">Spessore lama: 0,32 cm<\/span><br \/>\n<span class=\"\" title=\"\">Materiale lama: Bohler M390<\/span><br \/>\n<span title=\"\">Stile lama: Tanto<\/span><br \/>\n<span title=\"\">Inserti: piatti<\/span><br \/>\n<span title=\"\">Tipo di bordo: semplice<\/span><br \/>\n<span title=\"\">Lunghezza manico: 10,92 cm<\/span><br \/>\n<span class=\"\" title=\"\">Spessore manico: 1,17 cm<\/span><br \/>\n<span title=\"\">Materiale manico: alluminio<\/span><br \/>\n<span title=\"\">Peso: 3,06 once.<\/span><br \/>\n<span title=\"\">Utente: mano destra<\/span><br \/>\n<span title=\"\">Clip da tasca: ribaltabile<\/span><br \/>\n<span title=\"\">Tipo di coltello: OTF automatico a doppia azione<\/span><br \/>\n<span title=\"\">Apertura: diapositiva con il pollice<\/span><br \/>\n<span title=\"\">Marca: MicroTech<\/span><br \/>\n<span title=\"\">Modello: UTX-85<\/span><br \/>\n<span title=\"\">Numero di modello:<\/span> 233-10OD<br \/>\n<span title=\"\">Paese di origine: Stati Uniti<\/span><br \/>\n<span title=\"\">Miglior utilizzo: tattico<\/span><\/span><\/p>\n<p><iframe title=\"Microtech Combat Troodon Torture Test\" width=\"800\" height=\"450\" src=\"https:\/\/www.youtube.com\/embed\/xE9TeOFYEjg?feature=oembed\" frameborder=\"0\" allow=\"accelerometer; autoplay; clipboard-write; encrypted-media; gyroscope; picture-in-picture; web-share\" referrerpolicy=\"strict-origin-when-cross-origin\" allowfullscreen><\/iframe><\/p>\n<div id=\"ProductDetail_ProductDetails_div2\"><\/div>\n","protected":false},"excerpt":{"rendered":"<p>Nel corso degli anni, <strong>Microtech\u00ae Knives<\/strong> ha riempito i coltelli con passione e abilit\u00e0 per creare quasi opere d&#8217;arte che sono l&#8217;apice della funzionalit\u00e0. Tutte le parti sono prodotte negli Stati Uniti.<br \/>\n<strong>Tutti i coltelli Microtech sono coperti da una garanzia a vita.<\/strong><\/p>\n<p><strong>Trasporto gratuito.<\/strong><\/p>\n","protected":false},"featured_media":216826,"comment_status":"open","ping_status":"closed","template":"","meta":[],"pwb-brand":[3753],"product_brand":[],"product_cat":[3745,3748],"product_tag":[3755],"class_list":{"0":"post-338062","1":"product","2":"type-product","3":"status-publish","4":"has-post-thumbnail","6":"pwb-brand-microtecnologia-it","7":"product_cat-coltelli","8":"product_cat-coltelli-da-tiro","9":"product_tag-b2b-it","11":"first","12":"instock","13":"taxable","14":"shipping-taxable","15":"purchasable","16":"product-type-simple"},"brands":[{"id":3753,"name":"Microtecnologia","slug":"microtecnologia-it"}],"_links":{"self":[{"href":"https:\/\/www.moskito.cz\/it\/wp-json\/wp\/v2\/product\/338062","targetHints":{"allow":["GET"]}}],"collection":[{"href":"https:\/\/www.moskito.cz\/it\/wp-json\/wp\/v2\/product"}],"about":[{"href":"https:\/\/www.moskito.cz\/it\/wp-json\/wp\/v2\/types\/product"}],"replies":[{"embeddable":true,"href":"https:\/\/www.moskito.cz\/it\/wp-json\/wp\/v2\/comments?post=338062"}],"wp:featuredmedia":[{"embeddable":true,"href":"https:\/\/www.moskito.cz\/it\/wp-json\/wp\/v2\/media\/216826"}],"wp:attachment":[{"href":"https:\/\/www.moskito.cz\/it\/wp-json\/wp\/v2\/media?parent=338062"}],"wp:term":[{"taxonomy":"pwb-brand","embeddable":true,"href":"https:\/\/www.moskito.cz\/it\/wp-json\/wp\/v2\/pwb-brand?post=338062"},{"taxonomy":"product_brand","embeddable":true,"href":"https:\/\/www.moskito.cz\/it\/wp-json\/wp\/v2\/product_brand?post=338062"},{"taxonomy":"product_cat","embeddable":true,"href":"https:\/\/www.moskito.cz\/it\/wp-json\/wp\/v2\/product_cat?post=338062"},{"taxonomy":"product_tag","embeddable":true,"href":"https:\/\/www.moskito.cz\/it\/wp-json\/wp\/v2\/product_tag?post=338062"}],"curies":[{"name":"wp","href":"https:\/\/api.w.org\/{rel}","templated":true}]}}