{"id":338066,"date":"2022-07-14T13:32:14","date_gmt":"2024-05-01T06:53:05","guid":{"rendered":"https:\/\/www.moskito.cz\/produkt\/coltello-da-tiro-microtech-utx-85-od-green-apocalyptic-233-10apod\/"},"modified":"2025-05-07T11:14:05","modified_gmt":"2025-05-07T10:14:05","slug":"coltello-da-tiro-microtech-utx-85-od-green-apocalyptic-233-10apod","status":"publish","type":"product","link":"https:\/\/www.moskito.cz\/it\/produkt\/coltello-da-tiro-microtech-utx-85-od-green-apocalyptic-233-10apod\/","title":{"rendered":"Coltello da tiro Microtech UTX-85 OD Green Apocalyptic 233-10APOD"},"content":{"rendered":"<p>Coltello da tiro <strong>Microtech<\/strong> UTX-85 OD Green Apocalyptic 233-10APOD<\/p>\n<p>Microtech ha aggiornato e migliorato il modello UTX-85. Presenta un&#8217;ergonomia migliorata, superfici della maniglia arrotondate e toppe scanalate sui lati per garantire un&#8217;ottima presa. Il pulsante di attivazione \u00e8 stato riprogettato per aumentare il contatto superficiale per un impegno efficace, e il rompivetro ha una punta sferica inserita in una base con motivo triangolare per migliorarne le modalit\u00e0 di usura quotidiana. L&#8217;UTX-85 si basa sulla piattaforma Ultratech ed \u00e8 ridotto all&#8217;85% della sua lunghezza. L&#8217;UTX-85 \u00e8 una scelta interessante per coloro che preferiscono un coltello EDC pi\u00f9 piccolo e apprezzano l&#8217;azione frontale ad alte prestazioni di Microtech e l&#8217;eccezionale qualit\u00e0 costruttiva.<\/p>\n<p>Questo modello presenta una maniglia in alluminio 6061-T6 anodizzato verde OD con il logo Claw sulla parte anteriore. Lama tanto in acciaio inossidabile M390 con finitura apocalittica. Hardware con finitura apocalittica, clip da tasca e punta rompi-vetro abbinati. La lama ha informazioni sul modello. La clip da tasca riporta il logo Microtech, il numero di serie e la data di produzione. Viene fornito nuovo di zecca in scatola.<\/p>\n<p>Lunghezza totale: 18,75 cm<br \/>\nLunghezza lama: 7,81 cm<br \/>\nTagliente: 7,17 cm<br \/>\nSpessore lama: 0,32 cm<br \/>\nMateriale lama: Bohler M390<br \/>\nInserti: piatti<br \/>\nLunghezza manico: 10,92 cm<br \/>\nSpessore manico: 1,17 cm<br \/>\nMateriale manico: alluminio<br \/>\nPeso: 3,06 once.<br \/>\nUtente: mano destra<br \/>\nClip da tasca: ribaltabile<br \/>\nTipo di coltello: OTF automatico a doppia azione<br \/>\nApertura: diapositiva con il pollice<br \/>\nMarca: MicroTech<br \/>\nModello: UTX-85<br \/>\nPaese di origine: Stati Uniti<br \/>\nMiglior utilizzo: tattico<\/p>\n<p><iframe title=\"Microtech Combat Troodon Torture Test\" width=\"800\" height=\"450\" src=\"https:\/\/www.youtube.com\/embed\/xE9TeOFYEjg?feature=oembed\" frameborder=\"0\" allow=\"accelerometer; autoplay; clipboard-write; encrypted-media; gyroscope; picture-in-picture; web-share\" referrerpolicy=\"strict-origin-when-cross-origin\" allowfullscreen><\/iframe><\/p>\n<p>&nbsp;<\/p>\n<p>&nbsp;<\/p>\n","protected":false},"excerpt":{"rendered":"<p>Nel corso degli anni Microtech\u00ae Knives ha riempito i coltelli di passione e maestria fino a creare quasi opere d&#8217;arte che sono l&#8217;apice della funzionalit\u00e0. Tutte le parti sono prodotte negli Stati Uniti.<br \/>\n<strong>Tutti i coltelli Microtech sono coperti da una garanzia a vita.<\/strong><\/p>\n<p><strong>Trasporto gratuito.<\/strong><\/p>\n","protected":false},"featured_media":338067,"comment_status":"open","ping_status":"closed","template":"","meta":[],"pwb-brand":[3753],"product_brand":[],"product_cat":[3745,3748],"product_tag":[3755],"class_list":{"0":"post-338066","1":"product","2":"type-product","3":"status-publish","4":"has-post-thumbnail","6":"pwb-brand-microtecnologia-it","7":"product_cat-coltelli","8":"product_cat-coltelli-da-tiro","9":"product_tag-b2b-it","11":"first","12":"instock","13":"taxable","14":"shipping-taxable","15":"purchasable","16":"product-type-simple"},"brands":[{"id":3753,"name":"Microtecnologia","slug":"microtecnologia-it"}],"_links":{"self":[{"href":"https:\/\/www.moskito.cz\/it\/wp-json\/wp\/v2\/product\/338066","targetHints":{"allow":["GET"]}}],"collection":[{"href":"https:\/\/www.moskito.cz\/it\/wp-json\/wp\/v2\/product"}],"about":[{"href":"https:\/\/www.moskito.cz\/it\/wp-json\/wp\/v2\/types\/product"}],"replies":[{"embeddable":true,"href":"https:\/\/www.moskito.cz\/it\/wp-json\/wp\/v2\/comments?post=338066"}],"wp:featuredmedia":[{"embeddable":true,"href":"https:\/\/www.moskito.cz\/it\/wp-json\/wp\/v2\/media\/338067"}],"wp:attachment":[{"href":"https:\/\/www.moskito.cz\/it\/wp-json\/wp\/v2\/media?parent=338066"}],"wp:term":[{"taxonomy":"pwb-brand","embeddable":true,"href":"https:\/\/www.moskito.cz\/it\/wp-json\/wp\/v2\/pwb-brand?post=338066"},{"taxonomy":"product_brand","embeddable":true,"href":"https:\/\/www.moskito.cz\/it\/wp-json\/wp\/v2\/product_brand?post=338066"},{"taxonomy":"product_cat","embeddable":true,"href":"https:\/\/www.moskito.cz\/it\/wp-json\/wp\/v2\/product_cat?post=338066"},{"taxonomy":"product_tag","embeddable":true,"href":"https:\/\/www.moskito.cz\/it\/wp-json\/wp\/v2\/product_tag?post=338066"}],"curies":[{"name":"wp","href":"https:\/\/api.w.org\/{rel}","templated":true}]}}