{"id":338265,"date":"2021-06-11T22:35:07","date_gmt":"2021-06-11T21:35:07","guid":{"rendered":"https:\/\/www.moskito.cz\/produkt\/coltello-chiudibile-microtech-socom-elite-160-1-t\/"},"modified":"2025-05-07T11:14:10","modified_gmt":"2025-05-07T10:14:10","slug":"coltello-chiudibile-microtech-socom-elite-160-1-t","status":"publish","type":"product","link":"https:\/\/www.moskito.cz\/it\/produkt\/coltello-chiudibile-microtech-socom-elite-160-1-t\/","title":{"rendered":"Coltello Chiudibile Microtech Socom Elite 160-1 T"},"content":{"rendered":"<p>Coltello Chiudibile <strong>Microtech<\/strong> Socom Elite 160-1 T.<\/p>\n<p>Nel corso degli anni Microtech\u00ae Knives ha riempito i coltelli di passione e maestria fino a creare quasi opere d&#8217;arte che sono l&#8217;apice della funzionalit\u00e0. Continua a spingersi oltre i limiti e a migliorare ci\u00f2 che gi\u00e0 sa che funziona. Nel 2020, Microtech\u00ae Knives \u00e8 cresciuto fino a diventare un marchio leader di coltelli in costante evoluzione e progresso con la tecnologia pi\u00f9 recente,<br \/>\nantichi principi costruttivi delle lame e massimi test sul campo per non compromettere la qualit\u00e0.<\/p>\n<p>Fin dalla nascita dell&#8217;originale Microtech\u00ae Socom ha fissato lo standard per i coltelli tattici. Sokom Elite si basa su questo design per adattarsi a diversi ambienti. La sua impugnatura ha un&#8217;impugnatura sportiva e una forma unica, per una presa comoda e sicura in ogni momento.<\/p>\n<p>Lunghezza totale: 22,5 cm<br \/>\nLunghezza lama: 10 cm<br \/>\nBordo tagliente: 9,37 cm<br \/>\nLarghezza lama: 2,8 cm<br \/>\nSpessore lama: 0,47 cm<br \/>\nMateriale lama: Bohler M390<br \/>\nInserti: piatti<br \/>\nLunghezza manico: 12,5 cm<br \/>\nLarghezza impugnatura: 3,42<br \/>\nSpessore manico: 1,37<br \/>\nMateriale manico: alluminio<br \/>\nPeso: 4,58 once.<br \/>\nUtente: mano destra<br \/>\nClip da tasca: ribaltabile<br \/>\nTipo di coltello: manuale<br \/>\nMarca: MicroTech<br \/>\nModello: Socom Elite<br \/>\nPaese di origine: Stati Uniti<br \/>\nMiglior utilizzo: tattico<\/p>\n<p><iframe title=\"Microtech Combat Troodon Torture Test\" width=\"800\" height=\"450\" src=\"https:\/\/www.youtube.com\/embed\/xE9TeOFYEjg?feature=oembed\" frameborder=\"0\" allow=\"accelerometer; autoplay; clipboard-write; encrypted-media; gyroscope; picture-in-picture; web-share\" referrerpolicy=\"strict-origin-when-cross-origin\" allowfullscreen><\/iframe><\/p>\n<p>&nbsp;<\/p>\n","protected":false},"excerpt":{"rendered":"<p><strong>Nel corso degli anni Microtech\u00ae Knives ha riempito i coltelli di passione e maestria fino a creare quasi opere d&#8217;arte che sono l&#8217;apice della funzionalit\u00e0. Tutte le parti sono prodotte negli Stati Uniti.<\/strong><br \/>\n<strong>Tutti i coltelli Microtech sono coperti da una garanzia a vita.<\/strong><\/p>\n<p><strong>Trasporto gratuito.<\/strong><\/p>\n","protected":false},"featured_media":338266,"comment_status":"open","ping_status":"closed","template":"","meta":[],"pwb-brand":[3753],"product_brand":[],"product_cat":[3748,3745],"product_tag":[3755],"class_list":{"0":"post-338265","1":"product","2":"type-product","3":"status-publish","4":"has-post-thumbnail","6":"pwb-brand-microtecnologia-it","7":"product_cat-coltelli-da-tiro","8":"product_cat-coltelli","9":"product_tag-b2b-it","11":"first","12":"instock","13":"taxable","14":"shipping-taxable","15":"purchasable","16":"product-type-simple"},"brands":[{"id":3753,"name":"Microtecnologia","slug":"microtecnologia-it"}],"_links":{"self":[{"href":"https:\/\/www.moskito.cz\/it\/wp-json\/wp\/v2\/product\/338265","targetHints":{"allow":["GET"]}}],"collection":[{"href":"https:\/\/www.moskito.cz\/it\/wp-json\/wp\/v2\/product"}],"about":[{"href":"https:\/\/www.moskito.cz\/it\/wp-json\/wp\/v2\/types\/product"}],"replies":[{"embeddable":true,"href":"https:\/\/www.moskito.cz\/it\/wp-json\/wp\/v2\/comments?post=338265"}],"wp:featuredmedia":[{"embeddable":true,"href":"https:\/\/www.moskito.cz\/it\/wp-json\/wp\/v2\/media\/338266"}],"wp:attachment":[{"href":"https:\/\/www.moskito.cz\/it\/wp-json\/wp\/v2\/media?parent=338265"}],"wp:term":[{"taxonomy":"pwb-brand","embeddable":true,"href":"https:\/\/www.moskito.cz\/it\/wp-json\/wp\/v2\/pwb-brand?post=338265"},{"taxonomy":"product_brand","embeddable":true,"href":"https:\/\/www.moskito.cz\/it\/wp-json\/wp\/v2\/product_brand?post=338265"},{"taxonomy":"product_cat","embeddable":true,"href":"https:\/\/www.moskito.cz\/it\/wp-json\/wp\/v2\/product_cat?post=338265"},{"taxonomy":"product_tag","embeddable":true,"href":"https:\/\/www.moskito.cz\/it\/wp-json\/wp\/v2\/product_tag?post=338265"}],"curies":[{"name":"wp","href":"https:\/\/api.w.org\/{rel}","templated":true}]}}