{"id":338374,"date":"2021-09-07T22:02:57","date_gmt":"2024-05-01T08:57:23","guid":{"rendered":"https:\/\/www.moskito.cz\/produkt\/coltello-da-tiro-microtech-stitch-borka-lame-stonewashed-spear-point-169-11\/"},"modified":"2025-05-07T11:14:13","modified_gmt":"2025-05-07T10:14:13","slug":"coltello-da-tiro-microtech-stitch-borka-lame-stonewashed-spear-point-169-11","status":"publish","type":"product","link":"https:\/\/www.moskito.cz\/it\/produkt\/coltello-da-tiro-microtech-stitch-borka-lame-stonewashed-spear-point-169-11\/","title":{"rendered":"Coltello da tiro Microtech Stitch Borka Lame Stonewashed Spear Point 169-11"},"content":{"rendered":"<p>Coltello da tiro <strong>Microtech<\/strong> Stitch Borka Lame Stonewashed Spear Point 169-11.<\/p>\n<p>Questo Stitch automatico \u00e8 una bellissima collaborazione tattica tra Tony Marfione e Sebastijan Berenji, noto anche come Borka, lo straordinario design di Sebastijan Stitch con lo straordinario meccanismo di apertura automatica di Tony costituisce una delle migliori collaborazioni di produzione del 2017. La lama da 8,5 cm presenta una superficie piatta e apocalittica. La maniglia \u00e8 in alluminio altamente fresato con finitura anodizzata nera Mil-Spec Hardcoat e backspacer in alluminio. La lama spara come un razzo e si blocca in modo solido, il che \u00e8 un&#8217;impresa impressionante considerando che \u00e8 AUTO. Questo \u00e8 un modello di produzione tanto atteso della famosa custom, quindi hai la possibilit\u00e0 di avere un coltello Borka per una frazione del prezzo.<\/p>\n<p>Borka Design<br \/>\nHardware Torx<br \/>\nBackspacer in alluminio testurizzato<br \/>\nSpecifiche<br \/>\nLunghezza lama: 8,5 cm<br \/>\nLunghezza manico: 12,5 cm<br \/>\nLunghezza totale: 21 centimetri<br \/>\nSi prega di notare che la lama in acciaio non pu\u00f2 essere specificata in quanto pu\u00f2 variare a seconda della disponibilit\u00e0 (informazioni Microtech)<br \/>\nSpessore lama: 0,190&#8243;<br \/>\nStile della lama: punta di lancia<br \/>\nAffilatura della lama: piatta<br \/>\nTrattamento superficiale della lama: Stonewash<br \/>\nMateriale impugnatura: alluminio fresato, rivestimento duro Mil-Spec, anodizzato<br \/>\nSpessore della maniglia: 0,62&#8243;<br \/>\nMeccanismo di chiusura: pulsante<br \/>\nClip da tasca: acciaio inossidabile (pieghevole, destra)<br \/>\nPeso: 6,3 once.<br \/>\nDesigner: Sebastijan Berenji e Tony Marfione<br \/>\nFabbricato negli Usa<\/p>\n<p>&nbsp;<\/p>\n<p>&nbsp;<\/p>\n<p>Questo punto automatico \u00e8 una bellissima collaborazione tattica tra Tony Marfione e Sebastijan Berenji, AKA Borka. Prende il fantastico design Stitch di Sebastijan e lo abbina al fantastico meccanismo di apertura automatica di Tony per creare una delle collaborazioni di produzione pi\u00f9 belle del 2017. La lama a punta di lancia da 3,625&#8243; presenta un&#8217;affilatura piatta, una finitura apocalittica e una giunzione sulla punta del dito e sulla rampa del pollice per un&#8217;ottima presa durante le attivit\u00e0 di taglio pi\u00f9 fini. La maniglia \u00e8 in alluminio pesantemente fresato con finitura anodizzata nera Mil-Spec Hardcoat e backspacer in alluminio sagomato. Si accende come un razzo e si chiude ermeticamente, il che, considerando che si tratta di un&#8217;AUTO, \u00e8 un&#8217;impresa impressionante. Questo \u00e8 il modello di produzione tanto atteso della famosa custom, che ti offre l&#8217;occasione di avere un coltello Borka ad una frazione del costo.<\/p>\n<p>Caratteristiche<br \/>\nBorka Design<br \/>\nFerramenta Torx<br \/>\nBackspacer in alluminio testurizzato<br \/>\nSpecifiche<br \/>\nLunghezza lama: 3,625&#8243;<br \/>\nTagliente: 3,05&#8243;<br \/>\nLunghezza della maniglia: 5,0&#8243;<br \/>\nLunghezza totale: 8,50&#8243;<br \/>\nSi prega di notare che l&#8217;acciaio della lama non pu\u00f2 essere specificato poich\u00e9 pu\u00f2 cambiare a seconda della disponibilit\u00e0 (informazioni da Microtech)<br \/>\nSpessore lama: 0,190&#8243;<br \/>\nStile della lama: punta di lancia<br \/>\nAffilatura della lama: piatta<br \/>\nFinitura lama: Stonewash<br \/>\nMateriale manico: alluminio fresato, rivestimento duro Mil-Spec anodizzato<br \/>\nSpessore della maniglia: 0,62&#8243;<br \/>\nMeccanismo di bloccaggio: pulsante<br \/>\nClip da tasca: acciaio inossidabile (ribaltabile, trasporto a destra)<br \/>\nPeso: 6,3 once.<br \/>\nDesigner: Sebastijan Berenji e Tony Marfione<br \/>\nProdotto negli Stati Uniti<\/p>\n","protected":false},"excerpt":{"rendered":"<p>Nel corso degli anni , Microtech\u00ae Knives ha riempito i coltelli con passione e competenza fino a creare quasi opere d&#8217;arte che sono l&#8217;apice della funzionalit\u00e0. Tutte le parti sono prodotte negli Stati Uniti.<br \/>\n<strong>Tutti i coltelli Microtech sono coperti da una garanzia a vita.<\/strong><\/p>\n<p><strong>Trasporto gratuito.<\/strong><\/p>\n","protected":false},"featured_media":338375,"comment_status":"open","ping_status":"closed","template":"","meta":[],"pwb-brand":[3753],"product_brand":[],"product_cat":[3745,3748],"product_tag":[3755],"class_list":{"0":"post-338374","1":"product","2":"type-product","3":"status-publish","4":"has-post-thumbnail","6":"pwb-brand-microtecnologia-it","7":"product_cat-coltelli","8":"product_cat-coltelli-da-tiro","9":"product_tag-b2b-it","11":"first","12":"instock","13":"taxable","14":"shipping-taxable","15":"purchasable","16":"product-type-simple"},"brands":[{"id":3753,"name":"Microtecnologia","slug":"microtecnologia-it"}],"_links":{"self":[{"href":"https:\/\/www.moskito.cz\/it\/wp-json\/wp\/v2\/product\/338374","targetHints":{"allow":["GET"]}}],"collection":[{"href":"https:\/\/www.moskito.cz\/it\/wp-json\/wp\/v2\/product"}],"about":[{"href":"https:\/\/www.moskito.cz\/it\/wp-json\/wp\/v2\/types\/product"}],"replies":[{"embeddable":true,"href":"https:\/\/www.moskito.cz\/it\/wp-json\/wp\/v2\/comments?post=338374"}],"wp:featuredmedia":[{"embeddable":true,"href":"https:\/\/www.moskito.cz\/it\/wp-json\/wp\/v2\/media\/338375"}],"wp:attachment":[{"href":"https:\/\/www.moskito.cz\/it\/wp-json\/wp\/v2\/media?parent=338374"}],"wp:term":[{"taxonomy":"pwb-brand","embeddable":true,"href":"https:\/\/www.moskito.cz\/it\/wp-json\/wp\/v2\/pwb-brand?post=338374"},{"taxonomy":"product_brand","embeddable":true,"href":"https:\/\/www.moskito.cz\/it\/wp-json\/wp\/v2\/product_brand?post=338374"},{"taxonomy":"product_cat","embeddable":true,"href":"https:\/\/www.moskito.cz\/it\/wp-json\/wp\/v2\/product_cat?post=338374"},{"taxonomy":"product_tag","embeddable":true,"href":"https:\/\/www.moskito.cz\/it\/wp-json\/wp\/v2\/product_tag?post=338374"}],"curies":[{"name":"wp","href":"https:\/\/api.w.org\/{rel}","templated":true}]}}