{"id":338796,"date":"2024-05-02T15:31:25","date_gmt":"2024-05-02T14:32:51","guid":{"rendered":"https:\/\/www.moskito.cz\/produkt\/coltello-da-tiro-microtech-signature-series-ultratech-shadow-hellhound-119-1dlctcfsh\/"},"modified":"2025-05-07T11:14:23","modified_gmt":"2025-05-07T10:14:23","slug":"coltello-da-tiro-microtech-signature-series-ultratech-shadow-hellhound-119-1dlctcfsh","status":"publish","type":"product","link":"https:\/\/www.moskito.cz\/it\/produkt\/coltello-da-tiro-microtech-signature-series-ultratech-shadow-hellhound-119-1dlctcfsh\/","title":{"rendered":"Coltello da tiro Microtech Signature Series Ultratech Shadow Hellhound 119-1DLCTCFSH"},"content":{"rendered":"<p>Coltello da tiro <strong>Microtech<\/strong> Signature Series Ultratech Shadow Hellhound 119-1DLCTCFSH.<\/p>\n<p><strong>Ultratech<\/strong> stabilir\u00e0 per sempre lo standard per tutti i coltelli frontali. L&#8217;Ultratech \u00e8 l&#8217;originale coltello frontale a doppia azione di Microtech ed \u00e8 stato la base dell&#8217;intera linea OTF. Ha subito diverse modifiche nel corso degli anni, diventando ogni volta pi\u00f9 efficiente ed affidabile. Questa versione ha una struttura tri-grip migliorata sullo scorrimento del pollice per un acquisto pi\u00f9 positivo e un rompi-vetro arrotondato ma funzionale. Il colore nero della maniglia in alluminio sta benissimo contro il colore nero dell&#8217;hardware e della clip da tasca. La molla Ultratech rimane sempre in posizione di &#8220;riposo&#8221;, tranne quando \u00e8 allungata. Ci\u00f2 garantisce che la molla compressa non si affatichi, garantendo agli utenti che quando il coltello viene azionato, funzioner\u00e0 in modo efficace. La leggerezza del DLC Hellhound tanto di Ultratech, l&#8217;apertura e la chiusura con una sola mano, la forma sottile e la lama nera affilata lo rendono un coltello unico disponibile solo tramite Microtech. Questo coltello ha dimostrato pi\u00f9 volte di resistere a qualsiasi ostacolo.<br \/>\nSpecifiche:<\/p>\n<p>Azione: doppia azione: fuoco\/ritrazione automatici<br \/>\nAcciaio: M390<br \/>\nLunghezza lama: 8,65 cm<br \/>\nStile lama: Hellhound Tanto, DLC nero<br \/>\nMateriale impugnatura: alluminio 6061-T6 anodizzato con rivestimento duro Mil-Spec nero con parte superiore in fibra di carbonio<br \/>\nLunghezza da chiuso: 12,1 cm<br \/>\nLunghezza da aperto: 20,75 cm<br \/>\nMateriale della clip da tasca: acciaio inossidabile 301<br \/>\nTomaia standard: lega AL 6061-T6<br \/>\nGrilletto: acciaio inossidabile 303<br \/>\nPeso: 3,0 once<br \/>\nRompivetro<br \/>\nDLC hardware nero<br \/>\nFabbricato negli Usa<\/p>\n<p><iframe title=\"Microtech Combat Troodon Torture Test\" width=\"800\" height=\"450\" src=\"https:\/\/www.youtube.com\/embed\/xE9TeOFYEjg?feature=oembed\" frameborder=\"0\" allow=\"accelerometer; autoplay; clipboard-write; encrypted-media; gyroscope; picture-in-picture; web-share\" referrerpolicy=\"strict-origin-when-cross-origin\" allowfullscreen><\/iframe><\/p>\n<p>&nbsp;<\/p>\n","protected":false},"excerpt":{"rendered":"<p><strong>Nel corso degli anni Microtech\u00ae Knives ha riempito i coltelli di passione e maestria fino a creare quasi opere d&#8217;arte che sono l&#8217;apice della funzionalit\u00e0. Tutte le parti sono prodotte negli Stati Uniti.<\/strong><br \/>\n<strong>Tutti i coltelli Microtech sono coperti da una garanzia a vita.<\/strong><\/p>\n<p><strong>Spedizione gratuita.<\/strong><\/p>\n","protected":false},"featured_media":338751,"comment_status":"open","ping_status":"closed","template":"","meta":[],"pwb-brand":[3753],"product_brand":[],"product_cat":[3745,3748],"product_tag":[3755],"class_list":{"0":"post-338796","1":"product","2":"type-product","3":"status-publish","4":"has-post-thumbnail","6":"pwb-brand-microtecnologia-it","7":"product_cat-coltelli","8":"product_cat-coltelli-da-tiro","9":"product_tag-b2b-it","11":"first","12":"instock","13":"taxable","14":"shipping-taxable","15":"purchasable","16":"product-type-simple"},"brands":[{"id":3753,"name":"Microtecnologia","slug":"microtecnologia-it"}],"_links":{"self":[{"href":"https:\/\/www.moskito.cz\/it\/wp-json\/wp\/v2\/product\/338796","targetHints":{"allow":["GET"]}}],"collection":[{"href":"https:\/\/www.moskito.cz\/it\/wp-json\/wp\/v2\/product"}],"about":[{"href":"https:\/\/www.moskito.cz\/it\/wp-json\/wp\/v2\/types\/product"}],"replies":[{"embeddable":true,"href":"https:\/\/www.moskito.cz\/it\/wp-json\/wp\/v2\/comments?post=338796"}],"wp:featuredmedia":[{"embeddable":true,"href":"https:\/\/www.moskito.cz\/it\/wp-json\/wp\/v2\/media\/338751"}],"wp:attachment":[{"href":"https:\/\/www.moskito.cz\/it\/wp-json\/wp\/v2\/media?parent=338796"}],"wp:term":[{"taxonomy":"pwb-brand","embeddable":true,"href":"https:\/\/www.moskito.cz\/it\/wp-json\/wp\/v2\/pwb-brand?post=338796"},{"taxonomy":"product_brand","embeddable":true,"href":"https:\/\/www.moskito.cz\/it\/wp-json\/wp\/v2\/product_brand?post=338796"},{"taxonomy":"product_cat","embeddable":true,"href":"https:\/\/www.moskito.cz\/it\/wp-json\/wp\/v2\/product_cat?post=338796"},{"taxonomy":"product_tag","embeddable":true,"href":"https:\/\/www.moskito.cz\/it\/wp-json\/wp\/v2\/product_tag?post=338796"}],"curies":[{"name":"wp","href":"https:\/\/api.w.org\/{rel}","templated":true}]}}