{"id":338871,"date":"2024-05-02T15:56:15","date_gmt":"2024-05-02T14:59:55","guid":{"rendered":"https:\/\/www.moskito.cz\/produkt\/coltello-da-tiro-microtech-hera-ii-apocalyptic-1702-10ap\/"},"modified":"2025-05-07T11:14:24","modified_gmt":"2025-05-07T10:14:24","slug":"coltello-da-tiro-microtech-hera-ii-apocalyptic-1702-10ap","status":"publish","type":"product","link":"https:\/\/www.moskito.cz\/it\/produkt\/coltello-da-tiro-microtech-hera-ii-apocalyptic-1702-10ap\/","title":{"rendered":"Coltello da tiro Microtech Hera II Apocalyptic 1702-10AP"},"content":{"rendered":"<p>Coltello da tiro <strong>Microtech<\/strong> Hera II Apocalyptic 1702-10AP.<\/p>\n<p>L&#8217;Hera II \u00e8 un sorprendente coltello automatico frontale a doppia azione con un design del telaio liberamente ispirato all&#8217;iconico modello Troodon. L&#8217;Hera presenta un&#8217;ergonomia migliorata e presenta toppe terminali lavorate per una migliore presa e un&#8217;estetica raffinata che si aggiunge al suo fascino generale. In particolare, la maniglia \u00e8 accuratamente incisa in profondit\u00e0 e priva di hardware, aggiungendo un tocco artistico e una sensazione incredibile al design funzionale. L&#8217;unica vite visibile che lo tiene insieme \u00e8 sul retro vicino alla clip da tasca, che \u00e8 ambidestra per i mancini.<\/p>\n<p>Questo design raffinato incarna senza sforzo sia la raffinatezza che la funzionalit\u00e0, facendo risaltare Hera come uno dei migliori coltelli automatici OTF a tutto tondo in un mercato altamente competitivo. Anche se compete onestamente con la maggior parte degli altri OTF di Microtech. Perfettamente dimensionato per il combattimento ma abbastanza sottile per l&#8217;uso quotidiano, la sua forma \u00e8 realizzata con cura per trovare l&#8217;equilibrio ideale tra praticit\u00e0 e stile. L&#8217;Hera \u00e8 una testimonianza di ingegneria di precisione e dettagli artistici, che lo rendono una scelta eccellente per coloro che apprezzano il connubio tra forma e funzione nei loro strumenti quotidiani.<br \/>\nSpecifiche<\/p>\n<p>Lunghezza lama: 10 cm<br \/>\nLunghezza totale: 24 centimetri<br \/>\nAcciaio della lama: acciaio inossidabile Bohler M390MK<br \/>\nStile della lama: pugnale a doppio taglio<br \/>\nAffilatura della lama: piatta<br \/>\nFinitura lama: apocalittica<br \/>\nMateriale manico: alluminio aeronautico nero con incisione profonda<br \/>\nSpessore manico: 0,505&#8243;<br \/>\nMeccanismo di bloccaggio: scorrimento del pollice<br \/>\nClip da tasca: Titanio (ripiegabile, indossabile a destra\/sinistra)<br \/>\nPeso: 4,94 once.<br \/>\nProgettisti: Tony e Sean Marfione<br \/>\nFabbricato negli Usa<\/p>\n<p><iframe title=\"Microtech Combat Troodon Torture Test\" width=\"800\" height=\"450\" src=\"https:\/\/www.youtube.com\/embed\/xE9TeOFYEjg?feature=oembed\" frameborder=\"0\" allow=\"accelerometer; autoplay; clipboard-write; encrypted-media; gyroscope; picture-in-picture; web-share\" referrerpolicy=\"strict-origin-when-cross-origin\" allowfullscreen><\/iframe><\/p>\n<p>&nbsp;<\/p>\n","protected":false},"excerpt":{"rendered":"<div class=\"elementor-element elementor-element-bbb542b elementor-widget elementor-widget-woocommerce-product-short-description\" data-id=\"bbb542b\" data-element_type=\"widget\" data-widget_type=\"woocommerce-product-short-description.default\">\n<div class=\"elementor-widget-container\">\n<div class=\"woocommerce-product-details__short-description\">\n<p><strong>Nel corso degli anni Microtech\u00ae Knives ha riempito i coltelli di passione e maestria fino a creare quasi opere d&#8217;arte che sono l&#8217;apice della funzionalit\u00e0. Tutte le parti sono prodotte negli Stati Uniti.<\/strong><br \/>\n<strong>Tutti i coltelli Microtech sono coperti da una garanzia a vita.<\/strong><\/p>\n<p><strong>Trasporto gratuito.<\/strong><\/p>\n<\/div>\n<\/div>\n<\/div>\n","protected":false},"featured_media":338825,"comment_status":"open","ping_status":"closed","template":"","meta":[],"pwb-brand":[3753],"product_brand":[],"product_cat":[3745,3748],"product_tag":[3755],"class_list":{"0":"post-338871","1":"product","2":"type-product","3":"status-publish","4":"has-post-thumbnail","6":"pwb-brand-microtecnologia-it","7":"product_cat-coltelli","8":"product_cat-coltelli-da-tiro","9":"product_tag-b2b-it","11":"first","12":"instock","13":"taxable","14":"shipping-taxable","15":"purchasable","16":"product-type-simple"},"brands":[{"id":3753,"name":"Microtecnologia","slug":"microtecnologia-it"}],"_links":{"self":[{"href":"https:\/\/www.moskito.cz\/it\/wp-json\/wp\/v2\/product\/338871","targetHints":{"allow":["GET"]}}],"collection":[{"href":"https:\/\/www.moskito.cz\/it\/wp-json\/wp\/v2\/product"}],"about":[{"href":"https:\/\/www.moskito.cz\/it\/wp-json\/wp\/v2\/types\/product"}],"replies":[{"embeddable":true,"href":"https:\/\/www.moskito.cz\/it\/wp-json\/wp\/v2\/comments?post=338871"}],"wp:featuredmedia":[{"embeddable":true,"href":"https:\/\/www.moskito.cz\/it\/wp-json\/wp\/v2\/media\/338825"}],"wp:attachment":[{"href":"https:\/\/www.moskito.cz\/it\/wp-json\/wp\/v2\/media?parent=338871"}],"wp:term":[{"taxonomy":"pwb-brand","embeddable":true,"href":"https:\/\/www.moskito.cz\/it\/wp-json\/wp\/v2\/pwb-brand?post=338871"},{"taxonomy":"product_brand","embeddable":true,"href":"https:\/\/www.moskito.cz\/it\/wp-json\/wp\/v2\/product_brand?post=338871"},{"taxonomy":"product_cat","embeddable":true,"href":"https:\/\/www.moskito.cz\/it\/wp-json\/wp\/v2\/product_cat?post=338871"},{"taxonomy":"product_tag","embeddable":true,"href":"https:\/\/www.moskito.cz\/it\/wp-json\/wp\/v2\/product_tag?post=338871"}],"curies":[{"name":"wp","href":"https:\/\/api.w.org\/{rel}","templated":true}]}}